{"id":124603,"date":"2025-08-26T05:28:04","date_gmt":"2025-08-26T05:28:04","guid":{"rendered":"https:\/\/digitalmty.com.mx\/decora\/product\/velvet-1-2\/"},"modified":"2025-08-27T20:03:17","modified_gmt":"2025-08-27T20:03:17","slug":"velvet-1-2","status":"publish","type":"product","link":"https:\/\/digitalmty.com.mx\/decora\/product\/velvet-1-2\/","title":{"rendered":"VELVET 1"},"content":{"rendered":"<p><span>Telas de excelente calidad con<strong> cierre<\/strong> completamente invisible.<\/span><\/p>\n<p><strong data-mce-fragment=\"1\"><span style=\"text-decoration: underline;\">RELLENO de <\/span><\/strong><strong>Microgel: <\/strong>Textura<strong> <\/strong>Suavecito calidad premium\u00a0<strong>en funda de tela blanca<\/strong>, hipoalerg\u00e9nico y duradero qu\u00e9 no pierde su volumen por a\u00f1os!<\/p>\n<p data-mce-fragment=\"1\"><strong data-mce-fragment=\"1\">Lavado:<\/strong> en Seco y tintorer\u00eda s\u00f3lo la funda.<\/p>\n<p data-mce-fragment=\"1\"><b>Env\u00edo:\u00a0 7 a 10 d\u00edas h\u00e1biles si est\u00e1n antes se enviaran a la brevedad!<\/b><\/p>\n<p data-mce-fragment=\"1\">\u00a0<\/p>\n<blockquote data-mce-fragment=\"1\">\n<h5 data-mce-fragment=\"1\">Foto ilustrativa, los colores en el producto pueden tener m\u00ednimas variaciones.<\/h5>\n<\/blockquote>\n<blockquote data-mce-fragment=\"1\">\n<h5 data-mce-fragment=\"1\"><\/h5>\n<\/blockquote>\n<p><!----><\/p>\n","protected":false},"excerpt":{"rendered":"<p>Telas de excelente calidad con cierre completamente invisible. RELLENO de Microgel: Textura Suavecito calidad premium\u00a0en funda de tela blanca, hipoalerg\u00e9nico y duradero qu\u00e9 no pierde su volumen por a\u00f1os! Lavado: en Seco y tintorer\u00eda s\u00f3lo la funda. Env\u00edo:\u00a0 7 a 10 d\u00edas h\u00e1biles si est\u00e1n antes se enviaran a la brevedad! \u00a0 Foto ilustrativa, los [&hellip;]<\/p>\n","protected":false},"featured_media":125700,"comment_status":"open","ping_status":"closed","template":"","meta":{"_et_pb_use_builder":"","_et_pb_old_content":"","_et_gb_content_width":""},"product_brand":[],"product_cat":[371,356,238,376,381,389,390,391,401],"product_tag":[86,316,317,318,319,320,321,353,354,355],"class_list":{"0":"post-124603","1":"product","2":"type-product","3":"status-publish","4":"has-post-thumbnail","6":"product_cat-best-sellers-aument","7":"product_cat-cojines-decorativos","8":"product_cat-cojines-lisos","9":"product_cat-decoravita-ofertas","10":"product_cat-globo-basis-collection-do-not-delete","11":"product_cat-perfit_best_selling_do_not_delete","12":"product_cat-perfit_created_desc_do_not_delete","13":"product_cat-perfit_price_desc_do_not_delete","14":"product_cat-velvet","15":"product_tag-cojines-lisos","16":"product_tag-cuadrada","17":"product_tag-decora","18":"product_tag-decoracion","19":"product_tag-decorativo","20":"product_tag-decoravita","21":"product_tag-funda-de-cojin","22":"product_tag-rinonera","23":"product_tag-terciopelo","24":"product_tag-velvet","26":"first","27":"instock","28":"shipping-taxable","29":"purchasable","30":"product-type-variable","31":"wvs-archive-product-wrapper"},"_links":{"self":[{"href":"https:\/\/digitalmty.com.mx\/decora\/wp-json\/wp\/v2\/product\/124603","targetHints":{"allow":["GET"]}}],"collection":[{"href":"https:\/\/digitalmty.com.mx\/decora\/wp-json\/wp\/v2\/product"}],"about":[{"href":"https:\/\/digitalmty.com.mx\/decora\/wp-json\/wp\/v2\/types\/product"}],"replies":[{"embeddable":true,"href":"https:\/\/digitalmty.com.mx\/decora\/wp-json\/wp\/v2\/comments?post=124603"}],"wp:featuredmedia":[{"embeddable":true,"href":"https:\/\/digitalmty.com.mx\/decora\/wp-json\/wp\/v2\/media\/125700"}],"wp:attachment":[{"href":"https:\/\/digitalmty.com.mx\/decora\/wp-json\/wp\/v2\/media?parent=124603"}],"wp:term":[{"taxonomy":"product_brand","embeddable":true,"href":"https:\/\/digitalmty.com.mx\/decora\/wp-json\/wp\/v2\/product_brand?post=124603"},{"taxonomy":"product_cat","embeddable":true,"href":"https:\/\/digitalmty.com.mx\/decora\/wp-json\/wp\/v2\/product_cat?post=124603"},{"taxonomy":"product_tag","embeddable":true,"href":"https:\/\/digitalmty.com.mx\/decora\/wp-json\/wp\/v2\/product_tag?post=124603"}],"curies":[{"name":"wp","href":"https:\/\/api.w.org\/{rel}","templated":true}]}}