{"id":124333,"date":"2025-08-26T05:26:25","date_gmt":"2025-08-26T05:26:25","guid":{"rendered":"https:\/\/digitalmty.com.mx\/decora\/product\/tapete-decorativo-fluer-1703l-3\/"},"modified":"2025-08-26T05:26:30","modified_gmt":"2025-08-26T05:26:30","slug":"tapete-decorativo-fluer-1703l-3","status":"publish","type":"product","link":"https:\/\/digitalmty.com.mx\/decora\/product\/tapete-decorativo-fluer-1703l-3\/","title":{"rendered":"Tapete decorativo fluer 1703L"},"content":{"rendered":"<p>\u00a1RECUERDA! Antes de comprar pregunta por <strong>EXISTENCIAS<\/strong>. S\u00ed tienes alguna duda\u00a0 favor de <strong>ENV\u00cdAR<\/strong> un WhatsApp.<\/p>\n<p><b>Estoy a tus pies.<\/b><\/p>\n<p><b>Nuestros tapetes son de excelente calidad y dise\u00f1os inigualables Recuerda: Un tapete transformar\u00e1 completamente la decoraci\u00f3n y el ambiente de tu espacio, aparte de brindar confort y calidez.<\/b><\/p>\n<p><b>No lo dudes, si no tienes ni idea de que tapete combinar estamos para asesorarte.<\/b><\/p>\n<p><b>Material:<\/b><\/p>\n<p><b>Polipropileno 100% lavable<\/b><\/p>\n<p><b>Importado de Egipto<\/b><\/p>\n<p><b>Hecho a m\u00e1quina con el mismo proceso del tapete hecho a mano \u00a0 (tejido )<\/b><\/p>\n<p><b>Lavar con un cepillo suave y jab\u00f3n liquido, enjuagar con mucha agua y secar al sol o en su defecto con un experto en la materia.<\/b><\/p>\n","protected":false},"excerpt":{"rendered":"<p>\u00a1RECUERDA! Antes de comprar pregunta por EXISTENCIAS. S\u00ed tienes alguna duda\u00a0 favor de ENV\u00cdAR un WhatsApp. Estoy a tus pies. Nuestros tapetes son de excelente calidad y dise\u00f1os inigualables Recuerda: Un tapete transformar\u00e1 completamente la decoraci\u00f3n y el ambiente de tu espacio, aparte de brindar confort y calidez. No lo dudes, si no tienes ni [&hellip;]<\/p>\n","protected":false},"featured_media":125574,"comment_status":"open","ping_status":"closed","template":"","meta":{"_et_pb_use_builder":"","_et_pb_old_content":"","_et_gb_content_width":""},"product_brand":[],"product_cat":[366,371,376,381,398,399],"product_tag":[349,318,350,351,352],"class_list":{"0":"post-124333","1":"product","2":"type-product","3":"status-publish","4":"has-post-thumbnail","6":"product_cat-abstractos","7":"product_cat-best-sellers-aument","8":"product_cat-decoravita-ofertas","9":"product_cat-globo-basis-collection-do-not-delete","10":"product_cat-tapetes","11":"product_cat-tapetes-decorativos","12":"product_tag-abstracto","13":"product_tag-decoracion","14":"product_tag-piso","15":"product_tag-tapete","16":"product_tag-tapete-decorativo","18":"first","19":"instock","20":"shipping-taxable","21":"purchasable","22":"product-type-variable","23":"wvs-archive-product-wrapper"},"_links":{"self":[{"href":"https:\/\/digitalmty.com.mx\/decora\/wp-json\/wp\/v2\/product\/124333","targetHints":{"allow":["GET"]}}],"collection":[{"href":"https:\/\/digitalmty.com.mx\/decora\/wp-json\/wp\/v2\/product"}],"about":[{"href":"https:\/\/digitalmty.com.mx\/decora\/wp-json\/wp\/v2\/types\/product"}],"replies":[{"embeddable":true,"href":"https:\/\/digitalmty.com.mx\/decora\/wp-json\/wp\/v2\/comments?post=124333"}],"wp:featuredmedia":[{"embeddable":true,"href":"https:\/\/digitalmty.com.mx\/decora\/wp-json\/wp\/v2\/media\/125574"}],"wp:attachment":[{"href":"https:\/\/digitalmty.com.mx\/decora\/wp-json\/wp\/v2\/media?parent=124333"}],"wp:term":[{"taxonomy":"product_brand","embeddable":true,"href":"https:\/\/digitalmty.com.mx\/decora\/wp-json\/wp\/v2\/product_brand?post=124333"},{"taxonomy":"product_cat","embeddable":true,"href":"https:\/\/digitalmty.com.mx\/decora\/wp-json\/wp\/v2\/product_cat?post=124333"},{"taxonomy":"product_tag","embeddable":true,"href":"https:\/\/digitalmty.com.mx\/decora\/wp-json\/wp\/v2\/product_tag?post=124333"}],"curies":[{"name":"wp","href":"https:\/\/api.w.org\/{rel}","templated":true}]}}