{"id":124309,"date":"2025-08-26T05:26:14","date_gmt":"2025-08-26T05:26:14","guid":{"rendered":"https:\/\/digitalmty.com.mx\/decora\/product\/set-sorrento-3\/"},"modified":"2025-08-26T05:26:16","modified_gmt":"2025-08-26T05:26:16","slug":"set-sorrento-3","status":"publish","type":"product","link":"https:\/\/digitalmty.com.mx\/decora\/product\/set-sorrento-3\/","title":{"rendered":"Set SORRENTO"},"content":{"rendered":"<p><strong>Set compuesto por 3 cojines<\/strong>, cada coj\u00edn con medida de 45*45.<\/p>\n<p>Puedes elegir entre 3 opciones de combinaciones diferentes.<\/p>\n<p>Telas de la mejor calidad y relleno premium con tecnolog\u00eda microgel\u00a0 tipo algod\u00f3n que vuelve m\u00e1s confortables nuestros cojines. <strong>Sin Cierre.<\/strong><\/p>\n<p><b data-mce-fragment=\"1\">Tiempo de entrega:<span data-mce-fragment=\"1\"> <\/span><\/b>Al ser un producto personalizado el periodo de env\u00edo puede oscilar entre 7 a 10 d\u00edas h\u00e1biles. S\u00ed el producto est\u00e1 listo antes se enviar\u00e1 a la brevedad posible.<\/p>\n<p><\/p>\n<blockquote data-mce-fragment=\"1\">\n<h5 data-mce-fragment=\"1\">Foto ilustrativa, los colores en el producto pueden tener m\u00ednimas variaciones.<\/h5>\n<\/blockquote>\n","protected":false},"excerpt":{"rendered":"<p>Set compuesto por 3 cojines, cada coj\u00edn con medida de 45*45. Puedes elegir entre 3 opciones de combinaciones diferentes. Telas de la mejor calidad y relleno premium con tecnolog\u00eda microgel\u00a0 tipo algod\u00f3n que vuelve m\u00e1s confortables nuestros cojines. Sin Cierre. Tiempo de entrega: Al ser un producto personalizado el periodo de env\u00edo puede oscilar entre [&hellip;]<\/p>\n","protected":false},"featured_media":125554,"comment_status":"open","ping_status":"closed","template":"","meta":{"_et_pb_use_builder":"","_et_pb_old_content":"","_et_gb_content_width":""},"product_brand":[],"product_cat":[371,376,381,389,390,391,395],"product_tag":[154],"class_list":{"0":"post-124309","1":"product","2":"type-product","3":"status-publish","4":"has-post-thumbnail","6":"product_cat-best-sellers-aument","7":"product_cat-decoravita-ofertas","8":"product_cat-globo-basis-collection-do-not-delete","9":"product_cat-perfit_best_selling_do_not_delete","10":"product_cat-perfit_created_desc_do_not_delete","11":"product_cat-perfit_price_desc_do_not_delete","12":"product_cat-sets-de-cojines-nueva-coleccion","13":"product_tag-set-de-cojines-sin-cierre","15":"first","16":"instock","17":"shipping-taxable","18":"purchasable","19":"product-type-variable","20":"wvs-archive-product-wrapper"},"_links":{"self":[{"href":"https:\/\/digitalmty.com.mx\/decora\/wp-json\/wp\/v2\/product\/124309","targetHints":{"allow":["GET"]}}],"collection":[{"href":"https:\/\/digitalmty.com.mx\/decora\/wp-json\/wp\/v2\/product"}],"about":[{"href":"https:\/\/digitalmty.com.mx\/decora\/wp-json\/wp\/v2\/types\/product"}],"replies":[{"embeddable":true,"href":"https:\/\/digitalmty.com.mx\/decora\/wp-json\/wp\/v2\/comments?post=124309"}],"wp:featuredmedia":[{"embeddable":true,"href":"https:\/\/digitalmty.com.mx\/decora\/wp-json\/wp\/v2\/media\/125554"}],"wp:attachment":[{"href":"https:\/\/digitalmty.com.mx\/decora\/wp-json\/wp\/v2\/media?parent=124309"}],"wp:term":[{"taxonomy":"product_brand","embeddable":true,"href":"https:\/\/digitalmty.com.mx\/decora\/wp-json\/wp\/v2\/product_brand?post=124309"},{"taxonomy":"product_cat","embeddable":true,"href":"https:\/\/digitalmty.com.mx\/decora\/wp-json\/wp\/v2\/product_cat?post=124309"},{"taxonomy":"product_tag","embeddable":true,"href":"https:\/\/digitalmty.com.mx\/decora\/wp-json\/wp\/v2\/product_tag?post=124309"}],"curies":[{"name":"wp","href":"https:\/\/api.w.org\/{rel}","templated":true}]}}