{"id":124246,"date":"2025-08-26T05:25:46","date_gmt":"2025-08-26T05:25:46","guid":{"rendered":"https:\/\/digitalmty.com.mx\/decora\/product\/set-de-cojines-sender-3\/"},"modified":"2025-08-26T05:25:47","modified_gmt":"2025-08-26T05:25:47","slug":"set-de-cojines-sender-3","status":"publish","type":"product","link":"https:\/\/digitalmty.com.mx\/decora\/product\/set-de-cojines-sender-3\/","title":{"rendered":"Set de Cojines Sender"},"content":{"rendered":"<p>Set compuesto por 6 cojines: <b>Con cierre completamente invisible.<\/b><\/p>\n<p><strong>Lavado<\/strong>: Sin relleno s\u00f3lo la funda decorativa. tintorer\u00eda o ciclo muy delicado, muy cuidadoso el lavado. No secadora.<\/p>\n<p>1 Coj\u00edn Tur\u00edn Azul Marino 45*45<\/p>\n<p>1 Coj\u00edn Iberia 45*45<\/p>\n<p>1 Coj\u00edn Velvet Azul Marino 45*45<\/p>\n<p>1 Coj\u00edn Vanko Negro 45*45<\/p>\n<p>2 Coj\u00ednes Alessa Oro 30*50<\/p>\n<p><span data-mce-style=\"text-decoration: underline;\">Telas de la mejor Calidad con cierre completamente invisible.<\/span><\/p>\n<p><strong>Relleno Fibragel: <\/strong>Textura Suave.<\/p>\n<blockquote data-mce-fragment=\"1\"><\/blockquote>\n<blockquote data-mce-fragment=\"1\"><\/blockquote>\n<p><b>Tiempo de entrega:<span> <\/span><\/b>Al ser un producto personalizado el periodo de env\u00edo puede oscilar <strong>entre 7 a 10 d\u00edas h\u00e1biles<\/strong>. S\u00ed el producto est\u00e1 listo antes se enviar\u00e1 a la brevedad posible.<\/p>\n<p>\u00a0<\/p>\n<p>\u00a0Foto ilustrativa, los colores en el producto pueden tener m\u00ednimas variaciones.<\/p>\n","protected":false},"excerpt":{"rendered":"<p>Set compuesto por 6 cojines: Con cierre completamente invisible. Lavado: Sin relleno s\u00f3lo la funda decorativa. tintorer\u00eda o ciclo muy delicado, muy cuidadoso el lavado. No secadora. 1 Coj\u00edn Tur\u00edn Azul Marino 45*45 1 Coj\u00edn Iberia 45*45 1 Coj\u00edn Velvet Azul Marino 45*45 1 Coj\u00edn Vanko Negro 45*45 2 Coj\u00ednes Alessa Oro 30*50 Telas de [&hellip;]<\/p>\n","protected":false},"featured_media":125503,"comment_status":"open","ping_status":"closed","template":"","meta":{"_et_pb_use_builder":"","_et_pb_old_content":"","_et_gb_content_width":""},"product_brand":[],"product_cat":[371,281,356,358,376,381,389,390,391,288],"product_tag":[153],"class_list":{"0":"post-124246","1":"product","2":"type-product","3":"status-publish","4":"has-post-thumbnail","6":"product_cat-best-sellers-aument","7":"product_cat-cojines","8":"product_cat-cojines-decorativos","9":"product_cat-coleccion-cojines-decorativos","10":"product_cat-decoravita-ofertas","11":"product_cat-globo-basis-collection-do-not-delete","12":"product_cat-perfit_best_selling_do_not_delete","13":"product_cat-perfit_created_desc_do_not_delete","14":"product_cat-perfit_price_desc_do_not_delete","15":"product_cat-rebajas","16":"product_tag-outlet","18":"first","19":"instock","20":"shipping-taxable","21":"purchasable","22":"product-type-simple"},"_links":{"self":[{"href":"https:\/\/digitalmty.com.mx\/decora\/wp-json\/wp\/v2\/product\/124246","targetHints":{"allow":["GET"]}}],"collection":[{"href":"https:\/\/digitalmty.com.mx\/decora\/wp-json\/wp\/v2\/product"}],"about":[{"href":"https:\/\/digitalmty.com.mx\/decora\/wp-json\/wp\/v2\/types\/product"}],"replies":[{"embeddable":true,"href":"https:\/\/digitalmty.com.mx\/decora\/wp-json\/wp\/v2\/comments?post=124246"}],"wp:featuredmedia":[{"embeddable":true,"href":"https:\/\/digitalmty.com.mx\/decora\/wp-json\/wp\/v2\/media\/125503"}],"wp:attachment":[{"href":"https:\/\/digitalmty.com.mx\/decora\/wp-json\/wp\/v2\/media?parent=124246"}],"wp:term":[{"taxonomy":"product_brand","embeddable":true,"href":"https:\/\/digitalmty.com.mx\/decora\/wp-json\/wp\/v2\/product_brand?post=124246"},{"taxonomy":"product_cat","embeddable":true,"href":"https:\/\/digitalmty.com.mx\/decora\/wp-json\/wp\/v2\/product_cat?post=124246"},{"taxonomy":"product_tag","embeddable":true,"href":"https:\/\/digitalmty.com.mx\/decora\/wp-json\/wp\/v2\/product_tag?post=124246"}],"curies":[{"name":"wp","href":"https:\/\/api.w.org\/{rel}","templated":true}]}}