{"id":124216,"date":"2025-08-26T05:25:25","date_gmt":"2025-08-26T05:25:25","guid":{"rendered":"https:\/\/digitalmty.com.mx\/decora\/product\/set-carmin-2\/"},"modified":"2025-08-26T05:25:27","modified_gmt":"2025-08-26T05:25:27","slug":"set-carmin-2","status":"publish","type":"product","link":"https:\/\/digitalmty.com.mx\/decora\/product\/set-carmin-2\/","title":{"rendered":"Set Carmin"},"content":{"rendered":"<p>El set Matri-Queen consta de:<\/p>\n<p>1 Edred\u00f3n Ligero 2.50*2.40<\/p>\n<p>2 Cojines con relleno Microgel y funda blanca de 55*55<\/p>\n<p>1 Coj\u00edn con relleno de Microgel y funda blanca de 45*45<\/p>\n<p>1 Frazada 140*2.00<\/p>\n<p>El set King consta de:<\/p>\n<p>1 Edred\u00f3n Ligero 2.80*2.40<\/p>\n<p>2 Cojines con relleno Microgel y funda blanca de 55*55<\/p>\n<p>1 Coj\u00edn con relleno de Microgel y funda blanca de 45*45<\/p>\n<p>1 Frazada 140*2.50<\/p>\n<p>\u00a0<\/p>\n<p><svg class=\"icon icon-accordion color-foreground-text\" aria-hidden=\"true\" xmlns=\"http:\/\/www.w3.org\/2000\/svg\" width=\"20\" height=\"20\" viewbox=\"0 0 20 20\" focusable=\"false\">Env\u00a0\u00a0 EErere<\/svg><span class=\"h4 inline-richtext\"><em>8 a 12 d\u00edas h\u00e1biles Tiempo de Env\u00edo ya que todo entra a producci\u00f3n.<\/em><\/span><\/p>\n<p><span class=\"h4 inline-richtext\"><em>Color de tela puede tener una ligera variaci\u00f3n dependiendo el lote.<\/em><\/span><\/p>\n","protected":false},"excerpt":{"rendered":"<p>El set Matri-Queen consta de: 1 Edred\u00f3n Ligero 2.50*2.40 2 Cojines con relleno Microgel y funda blanca de 55*55 1 Coj\u00edn con relleno de Microgel y funda blanca de 45*45 1 Frazada 140*2.00 El set King consta de: 1 Edred\u00f3n Ligero 2.80*2.40 2 Cojines con relleno Microgel y funda blanca de 55*55 1 Coj\u00edn con [&hellip;]<\/p>\n","protected":false},"featured_media":125461,"comment_status":"open","ping_status":"closed","template":"","meta":{"_et_pb_use_builder":"","_et_pb_old_content":"","_et_gb_content_width":""},"product_brand":[],"product_cat":[371,376,381,389,390,391,397],"product_tag":[121],"class_list":{"0":"post-124216","1":"product","2":"type-product","3":"status-publish","4":"has-post-thumbnail","6":"product_cat-best-sellers-aument","7":"product_cat-decoravita-ofertas","8":"product_cat-globo-basis-collection-do-not-delete","9":"product_cat-perfit_best_selling_do_not_delete","10":"product_cat-perfit_created_desc_do_not_delete","11":"product_cat-perfit_price_desc_do_not_delete","12":"product_cat-sets-de-recamaras","13":"product_tag-combo-recamara","15":"first","16":"instock","17":"shipping-taxable","18":"purchasable","19":"product-type-variable","20":"wvs-archive-product-wrapper"},"_links":{"self":[{"href":"https:\/\/digitalmty.com.mx\/decora\/wp-json\/wp\/v2\/product\/124216","targetHints":{"allow":["GET"]}}],"collection":[{"href":"https:\/\/digitalmty.com.mx\/decora\/wp-json\/wp\/v2\/product"}],"about":[{"href":"https:\/\/digitalmty.com.mx\/decora\/wp-json\/wp\/v2\/types\/product"}],"replies":[{"embeddable":true,"href":"https:\/\/digitalmty.com.mx\/decora\/wp-json\/wp\/v2\/comments?post=124216"}],"wp:featuredmedia":[{"embeddable":true,"href":"https:\/\/digitalmty.com.mx\/decora\/wp-json\/wp\/v2\/media\/125461"}],"wp:attachment":[{"href":"https:\/\/digitalmty.com.mx\/decora\/wp-json\/wp\/v2\/media?parent=124216"}],"wp:term":[{"taxonomy":"product_brand","embeddable":true,"href":"https:\/\/digitalmty.com.mx\/decora\/wp-json\/wp\/v2\/product_brand?post=124216"},{"taxonomy":"product_cat","embeddable":true,"href":"https:\/\/digitalmty.com.mx\/decora\/wp-json\/wp\/v2\/product_cat?post=124216"},{"taxonomy":"product_tag","embeddable":true,"href":"https:\/\/digitalmty.com.mx\/decora\/wp-json\/wp\/v2\/product_tag?post=124216"}],"curies":[{"name":"wp","href":"https:\/\/api.w.org\/{rel}","templated":true}]}}