{"id":124209,"date":"2025-08-26T05:25:22","date_gmt":"2025-08-26T05:25:22","guid":{"rendered":"https:\/\/digitalmty.com.mx\/decora\/product\/set-camy-3\/"},"modified":"2025-08-26T05:25:27","modified_gmt":"2025-08-26T05:25:27","slug":"set-camy-3","status":"publish","type":"product","link":"https:\/\/digitalmty.com.mx\/decora\/product\/set-camy-3\/","title":{"rendered":"Set Camy"},"content":{"rendered":"<p>El set Queen consta de 13 Piezas:<\/p>\n<p>1 Edred\u00f3n Ligero 240*250 tama\u00f1o queen<\/p>\n<p>2 Fundas de almohada decorativas blanca tama\u00f1o 70*60.<\/p>\n<p>2 rellenos para funda de almohada decorativa.<\/p>\n<p>3 Fundas decorativas de cojines tama\u00f1o: 2 piezas 55*55 y 1 pieza 45*45<\/p>\n<p>3 Rellenos para fundas decorativas de coj\u00edn tama\u00f1o 2 piezas 55*55 y 1 pieza de 45*45<\/p>\n<p>1 Pie de Cama .70*2.00<\/p>\n<p>1 Frazada Urania Oxford 200*140.<\/p>\n<p>El set King consta de 13 Piezas:<\/p>\n<p>1 Edred\u00f3n Ligero 250*280 tama\u00f1o King<\/p>\n<p>2 Fundas de almohada decorativas blanca tama\u00f1o 70*90<\/p>\n<p>2 rellenos para funda de almohada decorativa.<\/p>\n<p>3 Fundas decorativas de cojines tama\u00f1o: 2 piezas 55*55 y 1 pieza 45*45<\/p>\n<p>3 Rellenos para fundas decorativas de coj\u00edn tama\u00f1o 2 piezas 55*55 y 1 pieza de 45*45<\/p>\n<p>1 Pie de Cama .70*2.00<\/p>\n<p>1 Frazada Urania Oxford 250*140<\/p>\n<p>\u00a0<\/p>\n<p><svg class=\"icon icon-accordion color-foreground-text\" aria-hidden=\"true\" xmlns=\"http:\/\/www.w3.org\/2000\/svg\" width=\"20\" height=\"20\" viewbox=\"0 0 20 20\" focusable=\"false\">Env\u00a0\u00a0 EErere<\/svg><span class=\"h4 inline-richtext\"><em>8 a 12 d\u00edas h\u00e1biles Tiempo de Env\u00edo ya que todo entra a producci\u00f3n.<\/em><\/span><\/p>\n<p><span class=\"h4 inline-richtext\"><em>Color de tela puede tener una ligera variaci\u00f3n dependiendo el lote.<\/em><\/span><\/p>\n","protected":false},"excerpt":{"rendered":"<p>El set Queen consta de 13 Piezas: 1 Edred\u00f3n Ligero 240*250 tama\u00f1o queen 2 Fundas de almohada decorativas blanca tama\u00f1o 70*60. 2 rellenos para funda de almohada decorativa. 3 Fundas decorativas de cojines tama\u00f1o: 2 piezas 55*55 y 1 pieza 45*45 3 Rellenos para fundas decorativas de coj\u00edn tama\u00f1o 2 piezas 55*55 y 1 pieza [&hellip;]<\/p>\n","protected":false},"featured_media":125458,"comment_status":"open","ping_status":"closed","template":"","meta":{"_et_pb_use_builder":"","_et_pb_old_content":"","_et_gb_content_width":""},"product_brand":[],"product_cat":[371,376,381,389,390,391,397],"product_tag":[121],"class_list":{"0":"post-124209","1":"product","2":"type-product","3":"status-publish","4":"has-post-thumbnail","6":"product_cat-best-sellers-aument","7":"product_cat-decoravita-ofertas","8":"product_cat-globo-basis-collection-do-not-delete","9":"product_cat-perfit_best_selling_do_not_delete","10":"product_cat-perfit_created_desc_do_not_delete","11":"product_cat-perfit_price_desc_do_not_delete","12":"product_cat-sets-de-recamaras","13":"product_tag-combo-recamara","15":"first","16":"instock","17":"shipping-taxable","18":"purchasable","19":"product-type-variable","20":"wvs-archive-product-wrapper"},"_links":{"self":[{"href":"https:\/\/digitalmty.com.mx\/decora\/wp-json\/wp\/v2\/product\/124209","targetHints":{"allow":["GET"]}}],"collection":[{"href":"https:\/\/digitalmty.com.mx\/decora\/wp-json\/wp\/v2\/product"}],"about":[{"href":"https:\/\/digitalmty.com.mx\/decora\/wp-json\/wp\/v2\/types\/product"}],"replies":[{"embeddable":true,"href":"https:\/\/digitalmty.com.mx\/decora\/wp-json\/wp\/v2\/comments?post=124209"}],"wp:featuredmedia":[{"embeddable":true,"href":"https:\/\/digitalmty.com.mx\/decora\/wp-json\/wp\/v2\/media\/125458"}],"wp:attachment":[{"href":"https:\/\/digitalmty.com.mx\/decora\/wp-json\/wp\/v2\/media?parent=124209"}],"wp:term":[{"taxonomy":"product_brand","embeddable":true,"href":"https:\/\/digitalmty.com.mx\/decora\/wp-json\/wp\/v2\/product_brand?post=124209"},{"taxonomy":"product_cat","embeddable":true,"href":"https:\/\/digitalmty.com.mx\/decora\/wp-json\/wp\/v2\/product_cat?post=124209"},{"taxonomy":"product_tag","embeddable":true,"href":"https:\/\/digitalmty.com.mx\/decora\/wp-json\/wp\/v2\/product_tag?post=124209"}],"curies":[{"name":"wp","href":"https:\/\/api.w.org\/{rel}","templated":true}]}}