{"id":124076,"date":"2025-08-26T05:24:54","date_gmt":"2025-08-26T05:24:54","guid":{"rendered":"https:\/\/digitalmty.com.mx\/decora\/product\/pie-de-cama-picis-3\/"},"modified":"2025-09-05T00:02:02","modified_gmt":"2025-09-05T00:02:02","slug":"pie-de-cama-picis-3","status":"publish","type":"product","link":"https:\/\/digitalmty.com.mx\/decora\/product\/pie-de-cama-picis-3\/","title":{"rendered":"Pie de Cama Picis"},"content":{"rendered":"<p>Un pie de cama es el detalle perfecto para transformar cualquier rec\u00e1mara. No solo agrega un toque elegante, sino que tambi\u00e9n aporta funcionalidad, como mantener tu cama organizada y aportar una capa extra de comodidad. Con nuestras telas s\u00faper suaves y en distintos tonos, no solo decorar\u00e1s tu espacio, sino que disfrutar\u00e1s de un toque de calidez y estilo que har\u00e1 de tu dormitorio un lugar a\u00fan m\u00e1s acogedor.<\/p>\n","protected":false},"excerpt":{"rendered":"<p>Un pie de cama es el detalle perfecto para transformar cualquier rec\u00e1mara. No solo agrega un toque elegante, sino que tambi\u00e9n aporta funcionalidad, como mantener tu cama organizada y aportar una capa extra de comodidad. Con nuestras telas s\u00faper suaves y en distintos tonos, no solo decorar\u00e1s tu espacio, sino que disfrutar\u00e1s de un toque [&hellip;]<\/p>\n","protected":false},"featured_media":125392,"comment_status":"open","ping_status":"closed","template":"","meta":{"_et_pb_use_builder":"","_et_pb_old_content":"","_et_gb_content_width":""},"product_brand":[],"product_cat":[371,376,379,381,389,390,391],"product_tag":[131],"class_list":{"0":"post-124076","1":"product","2":"type-product","3":"status-publish","4":"has-post-thumbnail","6":"product_cat-best-sellers-aument","7":"product_cat-decoravita-ofertas","8":"product_cat-frazadas","9":"product_cat-globo-basis-collection-do-not-delete","10":"product_cat-perfit_best_selling_do_not_delete","11":"product_cat-perfit_created_desc_do_not_delete","12":"product_cat-perfit_price_desc_do_not_delete","13":"product_tag-frazada","15":"first","16":"instock","17":"shipping-taxable","18":"purchasable","19":"product-type-variable","20":"wvs-archive-product-wrapper"},"_links":{"self":[{"href":"https:\/\/digitalmty.com.mx\/decora\/wp-json\/wp\/v2\/product\/124076","targetHints":{"allow":["GET"]}}],"collection":[{"href":"https:\/\/digitalmty.com.mx\/decora\/wp-json\/wp\/v2\/product"}],"about":[{"href":"https:\/\/digitalmty.com.mx\/decora\/wp-json\/wp\/v2\/types\/product"}],"replies":[{"embeddable":true,"href":"https:\/\/digitalmty.com.mx\/decora\/wp-json\/wp\/v2\/comments?post=124076"}],"wp:featuredmedia":[{"embeddable":true,"href":"https:\/\/digitalmty.com.mx\/decora\/wp-json\/wp\/v2\/media\/125392"}],"wp:attachment":[{"href":"https:\/\/digitalmty.com.mx\/decora\/wp-json\/wp\/v2\/media?parent=124076"}],"wp:term":[{"taxonomy":"product_brand","embeddable":true,"href":"https:\/\/digitalmty.com.mx\/decora\/wp-json\/wp\/v2\/product_brand?post=124076"},{"taxonomy":"product_cat","embeddable":true,"href":"https:\/\/digitalmty.com.mx\/decora\/wp-json\/wp\/v2\/product_cat?post=124076"},{"taxonomy":"product_tag","embeddable":true,"href":"https:\/\/digitalmty.com.mx\/decora\/wp-json\/wp\/v2\/product_tag?post=124076"}],"curies":[{"name":"wp","href":"https:\/\/api.w.org\/{rel}","templated":true}]}}