{"id":123820,"date":"2025-08-26T05:24:10","date_gmt":"2025-08-26T05:24:10","guid":{"rendered":"https:\/\/digitalmty.com.mx\/decora\/product\/frazada-velvet-2\/"},"modified":"2025-09-04T23:12:53","modified_gmt":"2025-09-04T23:12:53","slug":"frazada-velvet-2","status":"publish","type":"product","link":"https:\/\/digitalmty.com.mx\/decora\/product\/frazada-velvet-2\/","title":{"rendered":"FRAZADA VELVET"},"content":{"rendered":"<p data-mce-fragment=\"1\"><strong data-mce-fragment=\"1\">ENV\u00cdO GRATIS A PARTIR DE $1,199.\u00a0\u00a0<\/strong><\/p>\n<p data-mce-fragment=\"1\"><b data-mce-fragment=\"1\">Material: <\/b>100% polyester. Terciopelo importado.<\/p>\n<p data-mce-fragment=\"1\"><strong data-mce-fragment=\"1\">Textura: <\/strong>Suave y elegante.<\/p>\n<p data-mce-fragment=\"1\"><strong data-mce-fragment=\"1\">Lavado:<\/strong> en Seco y tintorer\u00eda.<\/p>\n<p data-mce-fragment=\"1\"><strong data-mce-fragment=\"1\">Precio: <\/strong>tiempo de env\u00edo de 7 a 10 d\u00edas h\u00e1biles.<\/p>\n<p data-mce-fragment=\"1\">Est\u00e1s frazadas dan una s\u00faper elegancia a cada espacio en d\u00f3nde las coloquemos, no te arrepentir\u00e1s!<\/p>\n<p data-mce-fragment=\"1\"><strong data-mce-fragment=\"1\">Pago:<\/strong> Todas las transacciones son seguras y est\u00e1n encriptadas. No almacenamos los detalles de la tarjeta de cr\u00e9dito ni tenemos acceso a la informaci\u00f3n de la misma.<\/p>\n<p><strong data-mce-fragment=\"1\">Pagos:<\/strong> Paypal, Mercado Pago, Transferencias, Pago en Oxxo.<\/p>\n<p>Lavar por separado.<\/p>\n<p>Lavar en ciclo delicado<\/p>\n<p>Lavar en m\u00e1quina con agua temperatura max 30C<\/p>\n<p>No usar blanqueador<\/p>\n<p>Secar en l\u00ednea a la sombra<\/p>\n<p>Utilizar detergente suave con moderaci\u00f3n<\/p>\n<p>No exprimir.<\/p>\n<p>No Planchar.<\/p>\n<blockquote data-mce-fragment=\"1\">\n<h5 data-mce-fragment=\"1\">Foto ilustrativa, los colores en el producto pueden tener m\u00ednimas variaciones.<\/h5>\n<\/blockquote>\n","protected":false},"excerpt":{"rendered":"<p>ENV\u00cdO GRATIS A PARTIR DE $1,199.\u00a0\u00a0 Material: 100% polyester. Terciopelo importado. Textura: Suave y elegante. Lavado: en Seco y tintorer\u00eda. Precio: tiempo de env\u00edo de 7 a 10 d\u00edas h\u00e1biles. Est\u00e1s frazadas dan una s\u00faper elegancia a cada espacio en d\u00f3nde las coloquemos, no te arrepentir\u00e1s! Pago: Todas las transacciones son seguras y est\u00e1n encriptadas. [&hellip;]<\/p>\n","protected":false},"featured_media":125311,"comment_status":"open","ping_status":"closed","template":"","meta":{"_et_pb_use_builder":"","_et_pb_old_content":"","_et_gb_content_width":""},"product_brand":[],"product_cat":[371,356,376,379,381,389,390,391],"product_tag":[131],"class_list":{"0":"post-123820","1":"product","2":"type-product","3":"status-publish","4":"has-post-thumbnail","6":"product_cat-best-sellers-aument","7":"product_cat-cojines-decorativos","8":"product_cat-decoravita-ofertas","9":"product_cat-frazadas","10":"product_cat-globo-basis-collection-do-not-delete","11":"product_cat-perfit_best_selling_do_not_delete","12":"product_cat-perfit_created_desc_do_not_delete","13":"product_cat-perfit_price_desc_do_not_delete","14":"product_tag-frazada","16":"first","17":"instock","18":"shipping-taxable","19":"purchasable","20":"product-type-variable","21":"wvs-archive-product-wrapper"},"_links":{"self":[{"href":"https:\/\/digitalmty.com.mx\/decora\/wp-json\/wp\/v2\/product\/123820","targetHints":{"allow":["GET"]}}],"collection":[{"href":"https:\/\/digitalmty.com.mx\/decora\/wp-json\/wp\/v2\/product"}],"about":[{"href":"https:\/\/digitalmty.com.mx\/decora\/wp-json\/wp\/v2\/types\/product"}],"replies":[{"embeddable":true,"href":"https:\/\/digitalmty.com.mx\/decora\/wp-json\/wp\/v2\/comments?post=123820"}],"wp:featuredmedia":[{"embeddable":true,"href":"https:\/\/digitalmty.com.mx\/decora\/wp-json\/wp\/v2\/media\/125311"}],"wp:attachment":[{"href":"https:\/\/digitalmty.com.mx\/decora\/wp-json\/wp\/v2\/media?parent=123820"}],"wp:term":[{"taxonomy":"product_brand","embeddable":true,"href":"https:\/\/digitalmty.com.mx\/decora\/wp-json\/wp\/v2\/product_brand?post=123820"},{"taxonomy":"product_cat","embeddable":true,"href":"https:\/\/digitalmty.com.mx\/decora\/wp-json\/wp\/v2\/product_cat?post=123820"},{"taxonomy":"product_tag","embeddable":true,"href":"https:\/\/digitalmty.com.mx\/decora\/wp-json\/wp\/v2\/product_tag?post=123820"}],"curies":[{"name":"wp","href":"https:\/\/api.w.org\/{rel}","templated":true}]}}