{"id":123806,"date":"2025-08-26T05:24:06","date_gmt":"2025-08-26T05:24:06","guid":{"rendered":"https:\/\/digitalmty.com.mx\/decora\/product\/frazada-urania-3\/"},"modified":"2025-09-04T22:59:27","modified_gmt":"2025-09-04T22:59:27","slug":"frazada-urania-3","status":"publish","type":"product","link":"https:\/\/digitalmty.com.mx\/decora\/product\/frazada-urania-3\/","title":{"rendered":"FRAZADA URANIA"},"content":{"rendered":"<p data-end=\"407\" data-start=\"167\">Nuestras frazadas no solo te envuelven en un calor \u00fanico, tambi\u00e9n son el complemento decorativo ideal para transformar cualquier rinc\u00f3n de tu hogar. Suaves, c\u00e1lidas y elegantes, est\u00e1n dise\u00f1adas para brindar confort y estilo en cada detalle.<\/p>\n<p data-end=\"702\" data-start=\"409\">\u00dasalas como pie de cama, frazada o colocadas a media cama: aportan textura, color y hacen que tu habitaci\u00f3n luzca impecable y acogedora. Adem\u00e1s de embellecer tu espacio, son perfectas para acompa\u00f1arte mientras lees un libro, ves la televisi\u00f3n o simplemente disfrutas de un momento de descanso.<\/p>\n<div class=\"full-description\" style=\"display: block;\">\n<p>MEDIDAS:<br \/>\nFRAZADA MATRIQUEEN<\/p>\n<p>220*140<\/p>\n<p>FRAZADA KING<\/p>\n<p>280*140<\/p>\n<p>Composici\u00f3n: 100% poli\u00e9ster.<\/p>\n<\/div>\n","protected":false},"excerpt":{"rendered":"<p>Nuestras frazadas no solo te envuelven en un calor \u00fanico, tambi\u00e9n son el complemento decorativo ideal para transformar cualquier rinc\u00f3n de tu hogar. Suaves, c\u00e1lidas y elegantes, est\u00e1n dise\u00f1adas para brindar confort y estilo en cada detalle. \u00dasalas como pie de cama, frazada o colocadas a media cama: aportan textura, color y hacen que tu [&hellip;]<\/p>\n","protected":false},"featured_media":125300,"comment_status":"open","ping_status":"closed","template":"","meta":{"_et_pb_use_builder":"","_et_pb_old_content":"","_et_gb_content_width":""},"product_brand":[],"product_cat":[371,356,376,379,381,389,390,391],"product_tag":[131],"class_list":{"0":"post-123806","1":"product","2":"type-product","3":"status-publish","4":"has-post-thumbnail","6":"product_cat-best-sellers-aument","7":"product_cat-cojines-decorativos","8":"product_cat-decoravita-ofertas","9":"product_cat-frazadas","10":"product_cat-globo-basis-collection-do-not-delete","11":"product_cat-perfit_best_selling_do_not_delete","12":"product_cat-perfit_created_desc_do_not_delete","13":"product_cat-perfit_price_desc_do_not_delete","14":"product_tag-frazada","16":"first","17":"instock","18":"shipping-taxable","19":"purchasable","20":"product-type-variable","21":"wvs-archive-product-wrapper"},"_links":{"self":[{"href":"https:\/\/digitalmty.com.mx\/decora\/wp-json\/wp\/v2\/product\/123806","targetHints":{"allow":["GET"]}}],"collection":[{"href":"https:\/\/digitalmty.com.mx\/decora\/wp-json\/wp\/v2\/product"}],"about":[{"href":"https:\/\/digitalmty.com.mx\/decora\/wp-json\/wp\/v2\/types\/product"}],"replies":[{"embeddable":true,"href":"https:\/\/digitalmty.com.mx\/decora\/wp-json\/wp\/v2\/comments?post=123806"}],"wp:featuredmedia":[{"embeddable":true,"href":"https:\/\/digitalmty.com.mx\/decora\/wp-json\/wp\/v2\/media\/125300"}],"wp:attachment":[{"href":"https:\/\/digitalmty.com.mx\/decora\/wp-json\/wp\/v2\/media?parent=123806"}],"wp:term":[{"taxonomy":"product_brand","embeddable":true,"href":"https:\/\/digitalmty.com.mx\/decora\/wp-json\/wp\/v2\/product_brand?post=123806"},{"taxonomy":"product_cat","embeddable":true,"href":"https:\/\/digitalmty.com.mx\/decora\/wp-json\/wp\/v2\/product_cat?post=123806"},{"taxonomy":"product_tag","embeddable":true,"href":"https:\/\/digitalmty.com.mx\/decora\/wp-json\/wp\/v2\/product_tag?post=123806"}],"curies":[{"name":"wp","href":"https:\/\/api.w.org\/{rel}","templated":true}]}}