{"id":123802,"date":"2025-08-26T05:24:05","date_gmt":"2025-08-26T05:24:05","guid":{"rendered":"https:\/\/digitalmty.com.mx\/decora\/product\/frazada-time-2\/"},"modified":"2025-09-04T22:55:16","modified_gmt":"2025-09-04T22:55:16","slug":"frazada-time-2","status":"publish","type":"product","link":"https:\/\/digitalmty.com.mx\/decora\/product\/frazada-time-2\/","title":{"rendered":"Frazada Time"},"content":{"rendered":"<p>Hermosa frazada calientita por la parte de atr\u00e1s flannel.<\/p>\n<p>Decora t\u00fa espacio con esta frazada en 3 diferentes tonos.<\/p>\n<p><label data-mce-fragment=\"1\">DETALLES:<\/label><\/p>\n<div class=\"full-description\" style=\"display: block;\" data-mce-fragment=\"1\">\n<p data-mce-fragment=\"1\">Cobertor everest con textura en relieve s\u00faper suave y reverso de Flannel premium.<\/p>\n<p data-mce-fragment=\"1\">Medidas y contenido:<br data-mce-fragment=\"1\" \/>FRAZADA<br data-mce-fragment=\"1\" \/>1 Cobertor 1.00 x 1.40 m<\/p>\n<p data-mce-fragment=\"1\">Composici\u00f3n: 100% poli\u00e9ster.<\/p>\n<\/div>\n<p>&nbsp;<\/p>\n","protected":false},"excerpt":{"rendered":"<p>Hermosa frazada calientita por la parte de atr\u00e1s flannel. Decora t\u00fa espacio con esta frazada en 3 diferentes tonos. DETALLES: Cobertor everest con textura en relieve s\u00faper suave y reverso de Flannel premium. Medidas y contenido:FRAZADA1 Cobertor 1.00 x 1.40 m Composici\u00f3n: 100% poli\u00e9ster. &nbsp;<\/p>\n","protected":false},"featured_media":125295,"comment_status":"open","ping_status":"closed","template":"","meta":{"_et_pb_use_builder":"","_et_pb_old_content":"","_et_gb_content_width":""},"product_brand":[],"product_cat":[371,376,379,381,389,390,391],"product_tag":[131],"class_list":{"0":"post-123802","1":"product","2":"type-product","3":"status-publish","4":"has-post-thumbnail","6":"product_cat-best-sellers-aument","7":"product_cat-decoravita-ofertas","8":"product_cat-frazadas","9":"product_cat-globo-basis-collection-do-not-delete","10":"product_cat-perfit_best_selling_do_not_delete","11":"product_cat-perfit_created_desc_do_not_delete","12":"product_cat-perfit_price_desc_do_not_delete","13":"product_tag-frazada","15":"first","16":"instock","17":"shipping-taxable","18":"purchasable","19":"product-type-variable","20":"wvs-archive-product-wrapper"},"_links":{"self":[{"href":"https:\/\/digitalmty.com.mx\/decora\/wp-json\/wp\/v2\/product\/123802","targetHints":{"allow":["GET"]}}],"collection":[{"href":"https:\/\/digitalmty.com.mx\/decora\/wp-json\/wp\/v2\/product"}],"about":[{"href":"https:\/\/digitalmty.com.mx\/decora\/wp-json\/wp\/v2\/types\/product"}],"replies":[{"embeddable":true,"href":"https:\/\/digitalmty.com.mx\/decora\/wp-json\/wp\/v2\/comments?post=123802"}],"wp:featuredmedia":[{"embeddable":true,"href":"https:\/\/digitalmty.com.mx\/decora\/wp-json\/wp\/v2\/media\/125295"}],"wp:attachment":[{"href":"https:\/\/digitalmty.com.mx\/decora\/wp-json\/wp\/v2\/media?parent=123802"}],"wp:term":[{"taxonomy":"product_brand","embeddable":true,"href":"https:\/\/digitalmty.com.mx\/decora\/wp-json\/wp\/v2\/product_brand?post=123802"},{"taxonomy":"product_cat","embeddable":true,"href":"https:\/\/digitalmty.com.mx\/decora\/wp-json\/wp\/v2\/product_cat?post=123802"},{"taxonomy":"product_tag","embeddable":true,"href":"https:\/\/digitalmty.com.mx\/decora\/wp-json\/wp\/v2\/product_tag?post=123802"}],"curies":[{"name":"wp","href":"https:\/\/api.w.org\/{rel}","templated":true}]}}