{"id":123794,"date":"2025-08-26T05:24:04","date_gmt":"2025-08-26T05:24:04","guid":{"rendered":"https:\/\/digitalmty.com.mx\/decora\/product\/frazada-ravel-2\/"},"modified":"2025-09-04T22:52:20","modified_gmt":"2025-09-04T22:52:20","slug":"frazada-ravel-2","status":"publish","type":"product","link":"https:\/\/digitalmty.com.mx\/decora\/product\/frazada-ravel-2\/","title":{"rendered":"FRAZADA RAVEL"},"content":{"rendered":"<p data-mce-fragment=\"1\"><strong data-mce-fragment=\"1\">ENV\u00cdO GRATIS A PARTIR DE $999.\u00a0\u00a0<\/strong><\/p>\n<p data-mce-fragment=\"1\"><b data-mce-fragment=\"1\">Material: <\/b>100% polyester.<\/p>\n<p data-mce-fragment=\"1\"><strong data-mce-fragment=\"1\">Textura:<\/strong> Muy suave al tacto, Elegante.<\/p>\n<p data-mce-fragment=\"1\"><strong data-mce-fragment=\"1\">Lavado:<\/strong> en Seco y tintorer\u00eda.<\/p>\n<p data-mce-fragment=\"1\"><strong data-mce-fragment=\"1\">Precio: <\/strong>tiempo de env\u00edo de 7 a 10 d\u00edas h\u00e1biles.<\/p>\n<p data-mce-fragment=\"1\"><strong data-mce-fragment=\"1\">Pago:<\/strong> Todas las transacciones son seguras y est\u00e1n encriptadas. No almacenamos los detalles de la tarjeta de cr\u00e9dito ni tenemos acceso a la informaci\u00f3n de la misma.<\/p>\n<p><strong data-mce-fragment=\"1\">Pagos:<\/strong> Paypal, Mercado Pago, Transferencias, Pago en Oxxo.<\/p>\n<blockquote data-mce-fragment=\"1\">\n<h5 data-mce-fragment=\"1\">Foto ilustrativa, los colores en el producto pueden tener m\u00ednimas variaciones.<\/h5>\n<\/blockquote>\n","protected":false},"excerpt":{"rendered":"<p>ENV\u00cdO GRATIS A PARTIR DE $999.\u00a0\u00a0 Material: 100% polyester. Textura: Muy suave al tacto, Elegante. Lavado: en Seco y tintorer\u00eda. Precio: tiempo de env\u00edo de 7 a 10 d\u00edas h\u00e1biles. Pago: Todas las transacciones son seguras y est\u00e1n encriptadas. No almacenamos los detalles de la tarjeta de cr\u00e9dito ni tenemos acceso a la informaci\u00f3n de [&hellip;]<\/p>\n","protected":false},"featured_media":125288,"comment_status":"open","ping_status":"closed","template":"","meta":{"_et_pb_use_builder":"","_et_pb_old_content":"","_et_gb_content_width":""},"product_brand":[],"product_cat":[371,376,379,381,389,390,391],"product_tag":[131],"class_list":{"0":"post-123794","1":"product","2":"type-product","3":"status-publish","4":"has-post-thumbnail","6":"product_cat-best-sellers-aument","7":"product_cat-decoravita-ofertas","8":"product_cat-frazadas","9":"product_cat-globo-basis-collection-do-not-delete","10":"product_cat-perfit_best_selling_do_not_delete","11":"product_cat-perfit_created_desc_do_not_delete","12":"product_cat-perfit_price_desc_do_not_delete","13":"product_tag-frazada","15":"first","16":"instock","17":"shipping-taxable","18":"purchasable","19":"product-type-variable","20":"wvs-archive-product-wrapper"},"_links":{"self":[{"href":"https:\/\/digitalmty.com.mx\/decora\/wp-json\/wp\/v2\/product\/123794","targetHints":{"allow":["GET"]}}],"collection":[{"href":"https:\/\/digitalmty.com.mx\/decora\/wp-json\/wp\/v2\/product"}],"about":[{"href":"https:\/\/digitalmty.com.mx\/decora\/wp-json\/wp\/v2\/types\/product"}],"replies":[{"embeddable":true,"href":"https:\/\/digitalmty.com.mx\/decora\/wp-json\/wp\/v2\/comments?post=123794"}],"wp:featuredmedia":[{"embeddable":true,"href":"https:\/\/digitalmty.com.mx\/decora\/wp-json\/wp\/v2\/media\/125288"}],"wp:attachment":[{"href":"https:\/\/digitalmty.com.mx\/decora\/wp-json\/wp\/v2\/media?parent=123794"}],"wp:term":[{"taxonomy":"product_brand","embeddable":true,"href":"https:\/\/digitalmty.com.mx\/decora\/wp-json\/wp\/v2\/product_brand?post=123794"},{"taxonomy":"product_cat","embeddable":true,"href":"https:\/\/digitalmty.com.mx\/decora\/wp-json\/wp\/v2\/product_cat?post=123794"},{"taxonomy":"product_tag","embeddable":true,"href":"https:\/\/digitalmty.com.mx\/decora\/wp-json\/wp\/v2\/product_tag?post=123794"}],"curies":[{"name":"wp","href":"https:\/\/api.w.org\/{rel}","templated":true}]}}