{"id":123770,"date":"2025-08-26T05:24:00","date_gmt":"2025-08-26T05:24:00","guid":{"rendered":"https:\/\/digitalmty.com.mx\/decora\/product\/frazada-muselina-3\/"},"modified":"2025-09-04T22:42:56","modified_gmt":"2025-09-04T22:42:56","slug":"frazada-muselina-3","status":"publish","type":"product","link":"https:\/\/digitalmty.com.mx\/decora\/product\/frazada-muselina-3\/","title":{"rendered":"FRAZADA Muselina"},"content":{"rendered":"<p><b>Material:\u00a0<\/b>100% algod\u00f3n.<\/p>\n<p><strong>Textura: <\/strong>Suave<\/p>\n<p><strong>Lavado:<\/strong>\u00a0Lavado delicado.<\/p>\n<p><strong>Precio: <\/strong>tiempo de env\u00edo de 7 a 10 d\u00edas h\u00e1biles.<\/p>\n<p>\u00abQue tu hogar se vea impecable y c\u00f3modo todo el a\u00f1o. \u2728 Nuestras frazadas de algod\u00f3n son frescas, ligeras y decorativas. Dale a tu espacio ese toque acogedor que todos aman. \ud83c\udfe1\ud83d\udc95\u00bb<\/p>\n<p><strong>Pago:<\/strong> Todas las transacciones son seguras y est\u00e1n encriptadas. No almacenamos los detalles de la tarjeta de cr\u00e9dito ni tenemos acceso a la informaci\u00f3n de la misma.<\/p>\n<p><strong>Pagos:<\/strong> Paypal, Mercado Pago, Transferencias, Pago en Oxxo.<\/p>\n<blockquote>\n<h5>Foto ilustrativa, los colores en el producto pueden tener m\u00ednimas variaciones.<\/h5>\n<\/blockquote>\n","protected":false},"excerpt":{"rendered":"<p>Material:\u00a0100% algod\u00f3n. Textura: Suave Lavado:\u00a0Lavado delicado. Precio: tiempo de env\u00edo de 7 a 10 d\u00edas h\u00e1biles. \u00abQue tu hogar se vea impecable y c\u00f3modo todo el a\u00f1o. \u2728 Nuestras frazadas de algod\u00f3n son frescas, ligeras y decorativas. Dale a tu espacio ese toque acogedor que todos aman. \ud83c\udfe1\ud83d\udc95\u00bb Pago: Todas las transacciones son seguras y [&hellip;]<\/p>\n","protected":false},"featured_media":125268,"comment_status":"open","ping_status":"closed","template":"","meta":{"_et_pb_use_builder":"","_et_pb_old_content":"","_et_gb_content_width":""},"product_brand":[],"product_cat":[371,356,376,379,381,389,390,391],"product_tag":[131],"class_list":{"0":"post-123770","1":"product","2":"type-product","3":"status-publish","4":"has-post-thumbnail","6":"product_cat-best-sellers-aument","7":"product_cat-cojines-decorativos","8":"product_cat-decoravita-ofertas","9":"product_cat-frazadas","10":"product_cat-globo-basis-collection-do-not-delete","11":"product_cat-perfit_best_selling_do_not_delete","12":"product_cat-perfit_created_desc_do_not_delete","13":"product_cat-perfit_price_desc_do_not_delete","14":"product_tag-frazada","16":"first","17":"instock","18":"shipping-taxable","19":"purchasable","20":"product-type-variable","21":"wvs-archive-product-wrapper"},"_links":{"self":[{"href":"https:\/\/digitalmty.com.mx\/decora\/wp-json\/wp\/v2\/product\/123770","targetHints":{"allow":["GET"]}}],"collection":[{"href":"https:\/\/digitalmty.com.mx\/decora\/wp-json\/wp\/v2\/product"}],"about":[{"href":"https:\/\/digitalmty.com.mx\/decora\/wp-json\/wp\/v2\/types\/product"}],"replies":[{"embeddable":true,"href":"https:\/\/digitalmty.com.mx\/decora\/wp-json\/wp\/v2\/comments?post=123770"}],"wp:featuredmedia":[{"embeddable":true,"href":"https:\/\/digitalmty.com.mx\/decora\/wp-json\/wp\/v2\/media\/125268"}],"wp:attachment":[{"href":"https:\/\/digitalmty.com.mx\/decora\/wp-json\/wp\/v2\/media?parent=123770"}],"wp:term":[{"taxonomy":"product_brand","embeddable":true,"href":"https:\/\/digitalmty.com.mx\/decora\/wp-json\/wp\/v2\/product_brand?post=123770"},{"taxonomy":"product_cat","embeddable":true,"href":"https:\/\/digitalmty.com.mx\/decora\/wp-json\/wp\/v2\/product_cat?post=123770"},{"taxonomy":"product_tag","embeddable":true,"href":"https:\/\/digitalmty.com.mx\/decora\/wp-json\/wp\/v2\/product_tag?post=123770"}],"curies":[{"name":"wp","href":"https:\/\/api.w.org\/{rel}","templated":true}]}}