{"id":123763,"date":"2025-08-26T05:23:57","date_gmt":"2025-08-26T05:23:57","guid":{"rendered":"https:\/\/digitalmty.com.mx\/decora\/product\/frazada-luxus-chenille-2\/"},"modified":"2025-09-04T22:32:14","modified_gmt":"2025-09-04T22:32:14","slug":"frazada-luxus-chenille-2","status":"publish","type":"product","link":"https:\/\/digitalmty.com.mx\/decora\/product\/frazada-luxus-chenille-2\/","title":{"rendered":"FRAZADA LUXUS CHENILLE"},"content":{"rendered":"<p>PREGUNTA EXISTENCIA ANTES DE COMPRAR<\/p>\n<p>Descubre la suavidad y brillo de nuestras Frazadas Luxus Chenille, confeccionadas con un fino tejido que forma modernas l\u00edneas satinadas. Agrega un toque de sofisticaci\u00f3n a cualquier habitaci\u00f3n o sala de estar.<\/p>\n<p>\u00bfPor qu\u00e9 es extraordinario?<\/p>\n<p>Tejido chenille brillante.<br \/>\nNo decolora.<br \/>\nIdeal para pieles sensibles.<br \/>\nLavable en casa para f\u00e1cil cuidado. ENV\u00cdO DE 8 A 11 DIAS HABILES MEDIDA: 1.27*1.52<\/p>\n","protected":false},"excerpt":{"rendered":"<p>PREGUNTA EXISTENCIA ANTES DE COMPRAR Descubre la suavidad y brillo de nuestras Frazadas Luxus Chenille, confeccionadas con un fino tejido que forma modernas l\u00edneas satinadas. Agrega un toque de sofisticaci\u00f3n a cualquier habitaci\u00f3n o sala de estar. \u00bfPor qu\u00e9 es extraordinario? Tejido chenille brillante. No decolora. Ideal para pieles sensibles. Lavable en casa para f\u00e1cil [&hellip;]<\/p>\n","protected":false},"featured_media":125260,"comment_status":"open","ping_status":"closed","template":"","meta":{"_et_pb_use_builder":"","_et_pb_old_content":"","_et_gb_content_width":""},"product_brand":[],"product_cat":[371,376,379,381,389,390,391],"product_tag":[344,312],"class_list":{"0":"post-123763","1":"product","2":"type-product","3":"status-publish","4":"has-post-thumbnail","6":"product_cat-best-sellers-aument","7":"product_cat-decoravita-ofertas","8":"product_cat-frazadas","9":"product_cat-globo-basis-collection-do-not-delete","10":"product_cat-perfit_best_selling_do_not_delete","11":"product_cat-perfit_created_desc_do_not_delete","12":"product_cat-perfit_price_desc_do_not_delete","13":"product_tag-frazada-de-cama","14":"product_tag-ropa-de-cama","16":"first","17":"instock","18":"shipping-taxable","19":"purchasable","20":"product-type-variable","21":"wvs-archive-product-wrapper"},"_links":{"self":[{"href":"https:\/\/digitalmty.com.mx\/decora\/wp-json\/wp\/v2\/product\/123763","targetHints":{"allow":["GET"]}}],"collection":[{"href":"https:\/\/digitalmty.com.mx\/decora\/wp-json\/wp\/v2\/product"}],"about":[{"href":"https:\/\/digitalmty.com.mx\/decora\/wp-json\/wp\/v2\/types\/product"}],"replies":[{"embeddable":true,"href":"https:\/\/digitalmty.com.mx\/decora\/wp-json\/wp\/v2\/comments?post=123763"}],"wp:featuredmedia":[{"embeddable":true,"href":"https:\/\/digitalmty.com.mx\/decora\/wp-json\/wp\/v2\/media\/125260"}],"wp:attachment":[{"href":"https:\/\/digitalmty.com.mx\/decora\/wp-json\/wp\/v2\/media?parent=123763"}],"wp:term":[{"taxonomy":"product_brand","embeddable":true,"href":"https:\/\/digitalmty.com.mx\/decora\/wp-json\/wp\/v2\/product_brand?post=123763"},{"taxonomy":"product_cat","embeddable":true,"href":"https:\/\/digitalmty.com.mx\/decora\/wp-json\/wp\/v2\/product_cat?post=123763"},{"taxonomy":"product_tag","embeddable":true,"href":"https:\/\/digitalmty.com.mx\/decora\/wp-json\/wp\/v2\/product_tag?post=123763"}],"curies":[{"name":"wp","href":"https:\/\/api.w.org\/{rel}","templated":true}]}}