{"id":123752,"date":"2025-08-26T05:23:53","date_gmt":"2025-08-26T05:23:53","guid":{"rendered":"https:\/\/digitalmty.com.mx\/decora\/product\/frazada-balandra-3\/"},"modified":"2025-09-04T22:29:02","modified_gmt":"2025-09-04T22:29:02","slug":"frazada-balandra-3","status":"publish","type":"product","link":"https:\/\/digitalmty.com.mx\/decora\/product\/frazada-balandra-3\/","title":{"rendered":"FRAZADA Balandra"},"content":{"rendered":"<p data-mce-fragment=\"1\"><strong data-mce-fragment=\"1\">ENV\u00cdO GRATIS A PARTIR DE $1,199.\u00a0\u00a0<\/strong><\/p>\n<p data-mce-fragment=\"1\"><b data-mce-fragment=\"1\">Material: <\/b>100% algod\u00f3n. Hecha en telar.<\/p>\n<p data-mce-fragment=\"1\"><strong data-mce-fragment=\"1\">Textura: Media suave.<\/strong><\/p>\n<p data-mce-fragment=\"1\"><strong data-mce-fragment=\"1\">Lavado:<\/strong>\u00a0Lavado delicado.<\/p>\n<p data-mce-fragment=\"1\"><strong data-mce-fragment=\"1\">Precio: <\/strong>tiempo de env\u00edo de 7 a 10 d\u00edas h\u00e1biles.<\/p>\n<p data-mce-fragment=\"1\">No s\u00f3lo las puedes utilizar como frazada si no tambi\u00e9n c\u00f3mo tapete, chal, gab\u00e1n.\u00a0 Te dar\u00e1n el toque perfecto y c\u00e1lido a tu rec\u00e1mara, sala, recibidor. Al ser algod\u00f3n son super frescas y ligeras.<\/p>\n<p data-mce-fragment=\"1\"><strong data-mce-fragment=\"1\">Pago:<\/strong> Todas las transacciones son seguras y est\u00e1n encriptadas. No almacenamos los detalles de la tarjeta de cr\u00e9dito ni tenemos acceso a la informaci\u00f3n de la misma.<\/p>\n<p><strong data-mce-fragment=\"1\">Pagos:<\/strong> Paypal, Mercado Pago, Transferencias, Pago en Oxxo.<\/p>\n<blockquote data-mce-fragment=\"1\">\n<h5 data-mce-fragment=\"1\">Foto ilustrativa, los colores en el producto pueden tener m\u00ednimas variaciones.<\/h5>\n<\/blockquote>\n","protected":false},"excerpt":{"rendered":"<p>ENV\u00cdO GRATIS A PARTIR DE $1,199.\u00a0\u00a0 Material: 100% algod\u00f3n. Hecha en telar. Textura: Media suave. Lavado:\u00a0Lavado delicado. Precio: tiempo de env\u00edo de 7 a 10 d\u00edas h\u00e1biles. No s\u00f3lo las puedes utilizar como frazada si no tambi\u00e9n c\u00f3mo tapete, chal, gab\u00e1n.\u00a0 Te dar\u00e1n el toque perfecto y c\u00e1lido a tu rec\u00e1mara, sala, recibidor. Al ser [&hellip;]<\/p>\n","protected":false},"featured_media":125241,"comment_status":"open","ping_status":"closed","template":"","meta":{"_et_pb_use_builder":"","_et_pb_old_content":"","_et_gb_content_width":""},"product_brand":[],"product_cat":[371,356,376,379,381,389,390,391],"product_tag":[131],"class_list":{"0":"post-123752","1":"product","2":"type-product","3":"status-publish","4":"has-post-thumbnail","6":"product_cat-best-sellers-aument","7":"product_cat-cojines-decorativos","8":"product_cat-decoravita-ofertas","9":"product_cat-frazadas","10":"product_cat-globo-basis-collection-do-not-delete","11":"product_cat-perfit_best_selling_do_not_delete","12":"product_cat-perfit_created_desc_do_not_delete","13":"product_cat-perfit_price_desc_do_not_delete","14":"product_tag-frazada","16":"first","17":"instock","18":"shipping-taxable","19":"purchasable","20":"product-type-variable","21":"wvs-archive-product-wrapper"},"_links":{"self":[{"href":"https:\/\/digitalmty.com.mx\/decora\/wp-json\/wp\/v2\/product\/123752","targetHints":{"allow":["GET"]}}],"collection":[{"href":"https:\/\/digitalmty.com.mx\/decora\/wp-json\/wp\/v2\/product"}],"about":[{"href":"https:\/\/digitalmty.com.mx\/decora\/wp-json\/wp\/v2\/types\/product"}],"replies":[{"embeddable":true,"href":"https:\/\/digitalmty.com.mx\/decora\/wp-json\/wp\/v2\/comments?post=123752"}],"wp:featuredmedia":[{"embeddable":true,"href":"https:\/\/digitalmty.com.mx\/decora\/wp-json\/wp\/v2\/media\/125241"}],"wp:attachment":[{"href":"https:\/\/digitalmty.com.mx\/decora\/wp-json\/wp\/v2\/media?parent=123752"}],"wp:term":[{"taxonomy":"product_brand","embeddable":true,"href":"https:\/\/digitalmty.com.mx\/decora\/wp-json\/wp\/v2\/product_brand?post=123752"},{"taxonomy":"product_cat","embeddable":true,"href":"https:\/\/digitalmty.com.mx\/decora\/wp-json\/wp\/v2\/product_cat?post=123752"},{"taxonomy":"product_tag","embeddable":true,"href":"https:\/\/digitalmty.com.mx\/decora\/wp-json\/wp\/v2\/product_tag?post=123752"}],"curies":[{"name":"wp","href":"https:\/\/api.w.org\/{rel}","templated":true}]}}