{"id":123731,"date":"2025-08-26T05:23:47","date_gmt":"2025-08-26T05:23:47","guid":{"rendered":"https:\/\/digitalmty.com.mx\/decora\/product\/edredon-ligero-flirt-3\/"},"modified":"2025-09-04T22:05:32","modified_gmt":"2025-09-04T22:05:32","slug":"edredon-ligero-flirt-3","status":"publish","type":"product","link":"https:\/\/digitalmty.com.mx\/decora\/product\/edredon-ligero-flirt-3\/","title":{"rendered":"EDREDON LIGERO FLIRT"},"content":{"rendered":"<p>Edred\u00f3n Ligero para cualquier temporada de a\u00f1o. Lo fascinante de este producto es que es s\u00faper fac\u00edl de lavar en casa todas las veces que quieras, sin tener que recurrir a tintorer\u00eda ya que no pesa.<\/p>\n<p>Hermoso para decorar nuestras rec\u00e1maras ya que tamb\u00eden los puedes usar para realizar capas en la cama y obtener un look m\u00e1s cousy.<\/p>\n<p>Incluye edred\u00f3n y 2 fundas decorativas de microfibra tacto algod\u00f3n super soft.<\/p>\n<p>MATRI-QUEEN:<\/p>\n<p>2.40*2.50<\/p>\n<p>KING:<\/p>\n<p>2.50*2.80<\/p>\n","protected":false},"excerpt":{"rendered":"<p>Edred\u00f3n Ligero para cualquier temporada de a\u00f1o. Lo fascinante de este producto es que es s\u00faper fac\u00edl de lavar en casa todas las veces que quieras, sin tener que recurrir a tintorer\u00eda ya que no pesa. Hermoso para decorar nuestras rec\u00e1maras ya que tamb\u00eden los puedes usar para realizar capas en la cama y obtener [&hellip;]<\/p>\n","protected":false},"featured_media":125224,"comment_status":"open","ping_status":"closed","template":"","meta":{"_et_pb_use_builder":"","_et_pb_old_content":"","_et_gb_content_width":""},"product_brand":[],"product_cat":[371,376,381,389,390,391,283],"product_tag":[311,312],"class_list":{"0":"post-123731","1":"product","2":"type-product","3":"status-publish","4":"has-post-thumbnail","6":"product_cat-best-sellers-aument","7":"product_cat-decoravita-ofertas","8":"product_cat-globo-basis-collection-do-not-delete","9":"product_cat-perfit_best_selling_do_not_delete","10":"product_cat-perfit_created_desc_do_not_delete","11":"product_cat-perfit_price_desc_do_not_delete","12":"product_cat-set-de-recamara","13":"product_tag-edredon","14":"product_tag-ropa-de-cama","16":"first","17":"instock","18":"shipping-taxable","19":"purchasable","20":"product-type-variable","21":"wvs-archive-product-wrapper"},"_links":{"self":[{"href":"https:\/\/digitalmty.com.mx\/decora\/wp-json\/wp\/v2\/product\/123731","targetHints":{"allow":["GET"]}}],"collection":[{"href":"https:\/\/digitalmty.com.mx\/decora\/wp-json\/wp\/v2\/product"}],"about":[{"href":"https:\/\/digitalmty.com.mx\/decora\/wp-json\/wp\/v2\/types\/product"}],"replies":[{"embeddable":true,"href":"https:\/\/digitalmty.com.mx\/decora\/wp-json\/wp\/v2\/comments?post=123731"}],"wp:featuredmedia":[{"embeddable":true,"href":"https:\/\/digitalmty.com.mx\/decora\/wp-json\/wp\/v2\/media\/125224"}],"wp:attachment":[{"href":"https:\/\/digitalmty.com.mx\/decora\/wp-json\/wp\/v2\/media?parent=123731"}],"wp:term":[{"taxonomy":"product_brand","embeddable":true,"href":"https:\/\/digitalmty.com.mx\/decora\/wp-json\/wp\/v2\/product_brand?post=123731"},{"taxonomy":"product_cat","embeddable":true,"href":"https:\/\/digitalmty.com.mx\/decora\/wp-json\/wp\/v2\/product_cat?post=123731"},{"taxonomy":"product_tag","embeddable":true,"href":"https:\/\/digitalmty.com.mx\/decora\/wp-json\/wp\/v2\/product_tag?post=123731"}],"curies":[{"name":"wp","href":"https:\/\/api.w.org\/{rel}","templated":true}]}}