{"id":123709,"date":"2025-08-26T05:23:44","date_gmt":"2025-08-26T05:23:44","guid":{"rendered":"https:\/\/digitalmty.com.mx\/decora\/product\/diferentes-sets-2\/"},"modified":"2025-08-26T05:23:51","modified_gmt":"2025-08-26T05:23:51","slug":"diferentes-sets-2","status":"publish","type":"product","link":"https:\/\/digitalmty.com.mx\/decora\/product\/diferentes-sets-2\/","title":{"rendered":"DIFERENTES SETS"},"content":{"rendered":"<h3 style=\"margin-left: 36.0000pt; text-indent: -18.0000pt; mso-list: l0 level1 lfo1;\" class=\"p\">\n<!-- [if !supportLists]--><!--[endif]--><span style=\"mso-spacerun: 'yes'; font-family: 'Times New Roman'; font-size: 12.0000pt;\">\u00ab\u00bfTu sala o r\u00e9camara no tiene ese \u2018wow\u2019? <strong>Nuestros cojines decorativos, suaves y elegantes, aportan un toque de impacto. \u00a1Compra ahora!\u00bb<\/strong><\/span><span style=\"mso-spacerun: 'yes'; font-family: 'Times New Roman'; font-size: 12.0000pt;\"><\/span><br \/>\n<\/h3>\n<p style=\"margin-left: 36.0000pt; text-indent: -18.0000pt; mso-list: l0 level1 lfo1;\" class=\"p\"><span style=\"mso-spacerun: 'yes'; font-family: 'Times New Roman'; font-size: 12.0000pt;\">Cada set contiene 3 cojines con cierre invisible : 1 pieza tama\u00f1o 50*50 y 2 piezas tama\u00f1o 45*45&#8230; \u00abPrecio por set\u00bb.\u00a0<\/span><\/p>\n<p style=\"margin-left: 36.0000pt; text-indent: -18.0000pt; mso-list: l0 level1 lfo1;\" class=\"p\"><span style=\"mso-spacerun: 'yes'; font-family: 'Times New Roman'; font-size: 12.0000pt;\">\u00a0 \u00a0\u00a0 <\/span><span style=\"mso-spacerun: 'yes'; font-family: 'Times New Roman'; font-size: 12.0000pt;\">\u00abOlv\u00eddate de cojines aplastados, duros y mon\u00f3tonos. Disfruta de la comodidad y el estilo en tu hogar con nuestros materiales exclusivos.\u00a0<\/span><\/p>\n<p style=\"margin-left: 36.0000pt; text-indent: -18.0000pt; mso-list: l0 level1 lfo1;\" class=\"p\"><span style=\"mso-spacerun: 'yes'; font-family: 'Times New Roman'; font-size: 12.0000pt;\">\u00a0\u00abCon nuestro relleno de MICROGEL en una funda blanca, tus cojines se mantendr\u00e1n suaves, esponjosos y con volumen perfecto por a\u00f1os. \ud83d\udecb\ufe0f\u00bb<\/span><\/p>\n<p style=\"margin-left: 36.0000pt; text-indent: -18.0000pt; mso-list: l0 level1 lfo1;\" class=\"p\"><span style=\"mso-spacerun: 'yes'; font-family: 'Times New Roman'; font-size: 12.0000pt;\"><img loading=\"lazy\" decoding=\"async\" alt=\"\" src=\"https:\/\/cdn.shopify.com\/s\/files\/1\/0272\/8807\/6426\/files\/RELLENO_MICROGEL.jpg?v=1736304084\" width=\"205\" height=\"205\"><\/span><\/p>\n<p style=\"margin-left: 36.0000pt; text-indent: -18.0000pt; mso-list: l0 level1 lfo1;\" class=\"p\"><span style=\"mso-spacerun: 'yes'; font-family: 'Times New Roman'; font-size: 12.0000pt;\">\u00abMant\u00e9n tus cojines impecables y siempre como nuevos, sin gastar en tintorerias\u00bb<\/span><\/p>\n<p style=\"margin-left: 36.0000pt; text-indent: -18.0000pt; mso-list: l0 level1 lfo1;\" class=\"p\"><span style=\"mso-spacerun: 'yes'; font-family: 'Times New Roman'; font-size: 12.0000pt;\">\u00abNuestros cojines tienen cierre invisible y son lavables en casa (solo funda sin relleno) . Ciclo delicado o remojo sin tallar, \u00a1as\u00ed de f\u00e1cil!\u00a0<\/span><\/p>\n<p style=\"margin-left: 36.0000pt; text-indent: -18.0000pt; mso-list: l0 level1 lfo1;\" class=\"p\"><span style=\"mso-spacerun: 'yes'; font-family: 'Times New Roman'; font-size: 12.0000pt;\">\u00ab\u00a1Ya no te preocupes por combinar telas y texturas, lo hicimos por ti!\u00a0<\/span><\/p>\n<p style=\"margin-left: 36.0000pt; text-indent: -18.0000pt; mso-list: l0 level1 lfo1;\" class=\"p\"><span style=\"mso-spacerun: 'yes'; font-family: 'Times New Roman'; font-size: 12.0000pt;\">\u00abNuestros dise\u00f1adores de interiores crearon modelos exclusivos con combinaciones perfectas para transformar tu espacio.\u00bb<\/span><\/p>\n<p style=\"margin-left: 36.0000pt; text-indent: -18.0000pt; mso-list: l0 level1 lfo1;\" class=\"p\"><span style=\"mso-spacerun: 'yes'; font-family: 'Times New Roman'; font-size: 12.0000pt;\">\u00abConvierte tu sala o dormitorio, ya sea nuevo o viejo, en un espacio acogedor, elegante y lleno de personalidad con solo un detalle.\u00bb<\/span><\/p>\n<p style=\"margin-left: 36.0000pt; text-indent: -18.0000pt; mso-list: l0 level1 lfo1;\" class=\"p\"><strong><span style=\"mso-spacerun: 'yes'; font-family: 'Times New Roman'; font-size: 12.0000pt;\">RESE\u00d1AS:<\/span><\/strong><\/p>\n<ul>\n<li><em>\u00ab\u00a1Por fin un coj\u00edn que no pierde su forma! Suave y perfecto siempre.\u00a0<br \/><\/em><\/li>\n<li><em>\u00abIncre\u00edble calidad, despu\u00e9s de meses sigue como nuevo. \u00a1Lo amo!\u00a0<br \/><\/em><\/li>\n<li><em>\u00abEl mejor relleno que he probado, no se aplasta y se siente comod\u00edsimo.\u00a0<br \/><\/em><\/li>\n<li><em>Compr\u00e9 estos cojines y mi sala parece sacada de una revista<\/em><\/li>\n<li><em>La calidad es excelente y se ven hermosos.<\/em><\/li>\n<li>\n<em>No sab\u00eda lo mucho que un coj\u00edn pod\u00eda cambiar la vida de mi sala y rec\u00e1mara. \u00a1Me encantan!\u00bb<\/em><em><\/em><em><\/em>\n<\/li>\n<\/ul>\n<p><em><img><img><img><\/em><\/p>\n<p style=\"margin-left: 36.0000pt; text-indent: -18.0000pt; mso-list: l0 level1 lfo1;\" class=\"p\"><span style=\"mso-spacerun: 'yes'; font-family: 'Times New Roman'; font-size: 12.0000pt;\"><br \/><\/span><\/p>\n<p style=\"margin-left: 36.0000pt; text-indent: -18.0000pt; mso-list: l0 level1 lfo1;\" class=\"p\">\u00a0<\/p>\n","protected":false},"excerpt":{"rendered":"<p>\u00ab\u00bfTu sala o r\u00e9camara no tiene ese \u2018wow\u2019? Nuestros cojines decorativos, suaves y elegantes, aportan un toque de impacto. \u00a1Compra ahora!\u00bb Cada set contiene 3 cojines con cierre invisible : 1 pieza tama\u00f1o 50*50 y 2 piezas tama\u00f1o 45*45&#8230; \u00abPrecio por set\u00bb.\u00a0 \u00a0 \u00a0\u00a0 \u00abOlv\u00eddate de cojines aplastados, duros y mon\u00f3tonos. Disfruta de la comodidad [&hellip;]<\/p>\n","protected":false},"featured_media":125203,"comment_status":"open","ping_status":"closed","template":"","meta":{"_et_pb_use_builder":"","_et_pb_old_content":"","_et_gb_content_width":""},"product_brand":[],"product_cat":[371,356,358,376,381,389,390,391,290,259],"product_tag":[342,198],"class_list":{"0":"post-123709","1":"product","2":"type-product","3":"status-publish","4":"has-post-thumbnail","6":"product_cat-best-sellers-aument","7":"product_cat-cojines-decorativos","8":"product_cat-coleccion-cojines-decorativos","9":"product_cat-decoravita-ofertas","10":"product_cat-globo-basis-collection-do-not-delete","11":"product_cat-perfit_best_selling_do_not_delete","12":"product_cat-perfit_created_desc_do_not_delete","13":"product_cat-perfit_price_desc_do_not_delete","14":"product_cat-set-de-2-y-3-piezas","15":"product_cat-sets-de-cojines","16":"product_tag-buenmes","17":"product_tag-sets-de-cojines","19":"first","20":"instock","21":"shipping-taxable","22":"purchasable","23":"product-type-variable","24":"wvs-archive-product-wrapper"},"_links":{"self":[{"href":"https:\/\/digitalmty.com.mx\/decora\/wp-json\/wp\/v2\/product\/123709","targetHints":{"allow":["GET"]}}],"collection":[{"href":"https:\/\/digitalmty.com.mx\/decora\/wp-json\/wp\/v2\/product"}],"about":[{"href":"https:\/\/digitalmty.com.mx\/decora\/wp-json\/wp\/v2\/types\/product"}],"replies":[{"embeddable":true,"href":"https:\/\/digitalmty.com.mx\/decora\/wp-json\/wp\/v2\/comments?post=123709"}],"wp:featuredmedia":[{"embeddable":true,"href":"https:\/\/digitalmty.com.mx\/decora\/wp-json\/wp\/v2\/media\/125203"}],"wp:attachment":[{"href":"https:\/\/digitalmty.com.mx\/decora\/wp-json\/wp\/v2\/media?parent=123709"}],"wp:term":[{"taxonomy":"product_brand","embeddable":true,"href":"https:\/\/digitalmty.com.mx\/decora\/wp-json\/wp\/v2\/product_brand?post=123709"},{"taxonomy":"product_cat","embeddable":true,"href":"https:\/\/digitalmty.com.mx\/decora\/wp-json\/wp\/v2\/product_cat?post=123709"},{"taxonomy":"product_tag","embeddable":true,"href":"https:\/\/digitalmty.com.mx\/decora\/wp-json\/wp\/v2\/product_tag?post=123709"}],"curies":[{"name":"wp","href":"https:\/\/api.w.org\/{rel}","templated":true}]}}