{"id":123624,"date":"2025-08-26T05:23:33","date_gmt":"2025-08-26T05:23:33","guid":{"rendered":"https:\/\/digitalmty.com.mx\/decora\/product\/combo-san-martin-3\/"},"modified":"2025-08-26T05:23:39","modified_gmt":"2025-08-26T05:23:39","slug":"combo-san-martin-3","status":"publish","type":"product","link":"https:\/\/digitalmty.com.mx\/decora\/product\/combo-san-martin-3\/","title":{"rendered":"COMBO SAN MARTIN"},"content":{"rendered":"<p>Puedes comprar las piezas que requieras de este <strong>COMBO KING SIZE y o MT\/QS<\/strong> por separado:<\/p>\n<p>1 Frazada color crudo 300*100.<\/p>\n<p>1 S\u00e1banas 1800 hilos Blancas kg.<\/p>\n<p>1 Relleno de Duvet King Size B\u00e1sico.<\/p>\n<p>1 Funda de Duvet Blanco kg, incluye 2 fundas de almohada.<\/p>\n<p>1 Tapete Neobolus 7151 E tama\u00f1o: 200*285.<\/p>\n<p><span style=\"text-decoration: underline;\" data-mce-style=\"text-decoration: underline;\">1 Set de Cojines 3 piezas con medidas:<\/span><\/p>\n<p>2 piezas de 50*50.<\/p>\n<p>1 pieza de 35*90 Raya Gris.<\/p>\n<p><strong>COMBO MAT\/QS:<\/strong><\/p>\n<p>1 Frazada color crudo 250*100<\/p>\n<p>1 S\u00e1banas 1800 hilos Egipcia Blancas Mat\/Qs.<\/p>\n<p>1 Relleno de Duvet Matrimonial\/Qs B\u00e1sico.<\/p>\n<p>1 Funda de Duvet Blanco Mat\/Qs incluye 2 fundas de almohada.<\/p>\n<p>1 Tapete Neobolus 7151 E tama\u00f1o: 160*235.<\/p>\n<p><span style=\"text-decoration: underline;\" data-mce-style=\"text-decoration: underline;\">1 Set de Cojines 3 piezas con medidas:<\/span><\/p>\n<p>2 piezas de 50*50 San Martin.<\/p>\n<p>1 pieza de 35*90 Raya Gris<\/p>\n<p>\u00a0<\/p>\n<p><svg class=\"icon icon-accordion color-foreground-text\" aria-hidden=\"true\" xmlns=\"http:\/\/www.w3.org\/2000\/svg\" width=\"20\" height=\"20\" viewbox=\"0 0 20 20\" focusable=\"false\">Env\u00a0\u00a0 EErere<\/svg><span class=\"h4 inline-richtext\"><em>8 a 12 d\u00edas h\u00e1biles Tiempo de Env\u00edo ya que todo entra a producci\u00f3n.<\/em><\/span><\/p>\n<p><span class=\"h4 inline-richtext\"><em>Color de tela puede tener una ligera variaci\u00f3n dependiendo el lote.<\/em><\/span><\/p>\n","protected":false},"excerpt":{"rendered":"<p>Puedes comprar las piezas que requieras de este COMBO KING SIZE y o MT\/QS por separado: 1 Frazada color crudo 300*100. 1 S\u00e1banas 1800 hilos Blancas kg. 1 Relleno de Duvet King Size B\u00e1sico. 1 Funda de Duvet Blanco kg, incluye 2 fundas de almohada. 1 Tapete Neobolus 7151 E tama\u00f1o: 200*285. 1 Set de [&hellip;]<\/p>\n","protected":false},"featured_media":125192,"comment_status":"open","ping_status":"closed","template":"","meta":{"_et_pb_use_builder":"","_et_pb_old_content":"","_et_gb_content_width":""},"product_brand":[],"product_cat":[371,376,381,389,390,391,397],"product_tag":[121],"class_list":{"0":"post-123624","1":"product","2":"type-product","3":"status-publish","4":"has-post-thumbnail","6":"product_cat-best-sellers-aument","7":"product_cat-decoravita-ofertas","8":"product_cat-globo-basis-collection-do-not-delete","9":"product_cat-perfit_best_selling_do_not_delete","10":"product_cat-perfit_created_desc_do_not_delete","11":"product_cat-perfit_price_desc_do_not_delete","12":"product_cat-sets-de-recamaras","13":"product_tag-combo-recamara","15":"first","16":"instock","17":"shipping-taxable","18":"purchasable","19":"product-type-variable","20":"wvs-archive-product-wrapper"},"_links":{"self":[{"href":"https:\/\/digitalmty.com.mx\/decora\/wp-json\/wp\/v2\/product\/123624","targetHints":{"allow":["GET"]}}],"collection":[{"href":"https:\/\/digitalmty.com.mx\/decora\/wp-json\/wp\/v2\/product"}],"about":[{"href":"https:\/\/digitalmty.com.mx\/decora\/wp-json\/wp\/v2\/types\/product"}],"replies":[{"embeddable":true,"href":"https:\/\/digitalmty.com.mx\/decora\/wp-json\/wp\/v2\/comments?post=123624"}],"wp:featuredmedia":[{"embeddable":true,"href":"https:\/\/digitalmty.com.mx\/decora\/wp-json\/wp\/v2\/media\/125192"}],"wp:attachment":[{"href":"https:\/\/digitalmty.com.mx\/decora\/wp-json\/wp\/v2\/media?parent=123624"}],"wp:term":[{"taxonomy":"product_brand","embeddable":true,"href":"https:\/\/digitalmty.com.mx\/decora\/wp-json\/wp\/v2\/product_brand?post=123624"},{"taxonomy":"product_cat","embeddable":true,"href":"https:\/\/digitalmty.com.mx\/decora\/wp-json\/wp\/v2\/product_cat?post=123624"},{"taxonomy":"product_tag","embeddable":true,"href":"https:\/\/digitalmty.com.mx\/decora\/wp-json\/wp\/v2\/product_tag?post=123624"}],"curies":[{"name":"wp","href":"https:\/\/api.w.org\/{rel}","templated":true}]}}