{"id":123616,"date":"2025-08-26T05:23:32","date_gmt":"2025-08-26T05:23:32","guid":{"rendered":"https:\/\/digitalmty.com.mx\/decora\/product\/colcha-wafle-3\/"},"modified":"2025-09-04T21:47:24","modified_gmt":"2025-09-04T21:47:24","slug":"colcha-wafle-3","status":"publish","type":"product","link":"https:\/\/digitalmty.com.mx\/decora\/product\/colcha-wafle-3\/","title":{"rendered":"COLCHA WAFLE"},"content":{"rendered":"<p>Es dific\u00edl encontrar ahora productos con algod\u00f3n pero nuestras colchas si cuentan con este material \u201cCalor no, elegancia s\u00ed\u201d<em data-end=\"3272\" data-start=\"3237\">\u00abDuerme fresco, pero con estilo.\u00bb<\/em><\/p>\n<p><em data-end=\"3272\" data-start=\"3237\">\u201cIdeal para cualquier temporada. Pide tu colcha ligera.\u201d<\/em><\/p>\n<p><em data-end=\"3272\" data-start=\"3237\">Fac\u00edl lavado, f\u00e1cil secado, f\u00e1cil de tender t\u00fa\u00a0 cama. <\/em><\/p>\n<p><em data-end=\"3272\" data-start=\"3237\">Colcha Con medidas Jumbo.\u00a0<\/em><\/p>\n<p><em data-end=\"3272\" data-start=\"3237\">65% algod\u00f3n 35% poliester<\/em><\/p>\n<p><strong>S\u00f3lo funda el relleno se vende por separado.<\/strong><\/p>\n<div>\n<p>Matriqueen: 230*270<\/p>\n<p>king: 280*270<\/p>\n<\/div>\n","protected":false},"excerpt":{"rendered":"<p>Es dific\u00edl encontrar ahora productos con algod\u00f3n pero nuestras colchas si cuentan con este material \u201cCalor no, elegancia s\u00ed\u201d\u00abDuerme fresco, pero con estilo.\u00bb \u201cIdeal para cualquier temporada. Pide tu colcha ligera.\u201d Fac\u00edl lavado, f\u00e1cil secado, f\u00e1cil de tender t\u00fa\u00a0 cama. Colcha Con medidas Jumbo.\u00a0 65% algod\u00f3n 35% poliester S\u00f3lo funda el relleno se vende por [&hellip;]<\/p>\n","protected":false},"featured_media":125191,"comment_status":"open","ping_status":"closed","template":"","meta":{"_et_pb_use_builder":"","_et_pb_old_content":"","_et_gb_content_width":""},"product_brand":[],"product_cat":[371,376,381,389,390,391,283],"product_tag":[311,312],"class_list":{"0":"post-123616","1":"product","2":"type-product","3":"status-publish","4":"has-post-thumbnail","6":"product_cat-best-sellers-aument","7":"product_cat-decoravita-ofertas","8":"product_cat-globo-basis-collection-do-not-delete","9":"product_cat-perfit_best_selling_do_not_delete","10":"product_cat-perfit_created_desc_do_not_delete","11":"product_cat-perfit_price_desc_do_not_delete","12":"product_cat-set-de-recamara","13":"product_tag-edredon","14":"product_tag-ropa-de-cama","16":"first","17":"instock","18":"shipping-taxable","19":"purchasable","20":"product-type-variable","21":"wvs-archive-product-wrapper"},"_links":{"self":[{"href":"https:\/\/digitalmty.com.mx\/decora\/wp-json\/wp\/v2\/product\/123616","targetHints":{"allow":["GET"]}}],"collection":[{"href":"https:\/\/digitalmty.com.mx\/decora\/wp-json\/wp\/v2\/product"}],"about":[{"href":"https:\/\/digitalmty.com.mx\/decora\/wp-json\/wp\/v2\/types\/product"}],"replies":[{"embeddable":true,"href":"https:\/\/digitalmty.com.mx\/decora\/wp-json\/wp\/v2\/comments?post=123616"}],"wp:featuredmedia":[{"embeddable":true,"href":"https:\/\/digitalmty.com.mx\/decora\/wp-json\/wp\/v2\/media\/125191"}],"wp:attachment":[{"href":"https:\/\/digitalmty.com.mx\/decora\/wp-json\/wp\/v2\/media?parent=123616"}],"wp:term":[{"taxonomy":"product_brand","embeddable":true,"href":"https:\/\/digitalmty.com.mx\/decora\/wp-json\/wp\/v2\/product_brand?post=123616"},{"taxonomy":"product_cat","embeddable":true,"href":"https:\/\/digitalmty.com.mx\/decora\/wp-json\/wp\/v2\/product_cat?post=123616"},{"taxonomy":"product_tag","embeddable":true,"href":"https:\/\/digitalmty.com.mx\/decora\/wp-json\/wp\/v2\/product_tag?post=123616"}],"curies":[{"name":"wp","href":"https:\/\/api.w.org\/{rel}","templated":true}]}}