{"id":123392,"date":"2025-08-26T05:22:20","date_gmt":"2025-08-26T05:22:20","guid":{"rendered":"https:\/\/digitalmty.com.mx\/decora\/product\/cojines-mogri-2\/"},"modified":"2025-08-26T05:22:25","modified_gmt":"2025-08-26T05:22:25","slug":"cojines-mogri-2","status":"publish","type":"product","link":"https:\/\/digitalmty.com.mx\/decora\/product\/cojines-mogri-2\/","title":{"rendered":"Cojines Mogri"},"content":{"rendered":"<p>Set compuesto por 6 cojines:<\/p>\n<p>1 Coj\u00edn Dorado Alessa 50*50<\/p>\n<p>1 Coj\u00edn Antana Gris 50*50<\/p>\n<p>1 Coj\u00edn Marroqu\u00ed Mostaza 45*45<\/p>\n<p>1 Coj\u00edn Burdeo Gris 45*45<\/p>\n<p>1 Coj\u00edn Velvet Gris 30*50<\/p>\n<p>1 Coj\u00edn Alessa Dorado 30*50<\/p>\n<p><b data-mce-fragment=\"1\">Telas: <\/b>de excelente calidad con <strong>cierre invisible <\/strong>integrado.<\/p>\n<p><strong data-mce-fragment=\"1\"><span style=\"text-decoration: underline;\">RELLENO, PUEDES ELEGIR EL QUE M\u00c1S TE AGRADE:<\/span><br \/><\/strong><\/p>\n<p><strong>Fibragel:\u00a0<\/strong>Textura Semifirme.<\/p>\n<p><strong>Microgel\u00a0<\/strong>en funda blanca<strong> <\/strong>suavecito, hipoalerg\u00e9nico y duradero. Calidad Premium.<\/p>\n<p><strong>Tipo Pluma de Ganso <\/strong>en funda blanca calidad premium extra suave, con una excelente caida, Simplemente Exquisito!<\/p>\n<p data-mce-fragment=\"1\"><strong data-mce-fragment=\"1\">Lavado:<\/strong> en Seco y tintorer\u00eda s\u00f3lo la funda,<\/p>\n<p data-mce-fragment=\"1\"><b>Env\u00edo:\u00a0 7 a 10 d\u00edas h\u00e1biles si est\u00e1n antes se enviaran a la brevedad!<\/b><\/p>\n<p data-mce-fragment=\"1\">\u00a0<\/p>\n<blockquote data-mce-fragment=\"1\">\n<h5 data-mce-fragment=\"1\">Foto ilustrativa, los colores en el producto pueden tener m\u00ednimas variaciones.<\/h5>\n<\/blockquote>\n<blockquote data-mce-fragment=\"1\">\n<h5 data-mce-fragment=\"1\"><\/h5>\n<\/blockquote>\n","protected":false},"excerpt":{"rendered":"<p>Set compuesto por 6 cojines: 1 Coj\u00edn Dorado Alessa 50*50 1 Coj\u00edn Antana Gris 50*50 1 Coj\u00edn Marroqu\u00ed Mostaza 45*45 1 Coj\u00edn Burdeo Gris 45*45 1 Coj\u00edn Velvet Gris 30*50 1 Coj\u00edn Alessa Dorado 30*50 Telas: de excelente calidad con cierre invisible integrado. RELLENO, PUEDES ELEGIR EL QUE M\u00c1S TE AGRADE: Fibragel:\u00a0Textura Semifirme. Microgel\u00a0en funda [&hellip;]<\/p>\n","protected":false},"featured_media":125075,"comment_status":"open","ping_status":"closed","template":"","meta":{"_et_pb_use_builder":"","_et_pb_old_content":"","_et_gb_content_width":""},"product_brand":[],"product_cat":[281,356,358,381,292,259],"product_tag":[342,198],"class_list":{"0":"post-123392","1":"product","2":"type-product","3":"status-publish","4":"has-post-thumbnail","6":"product_cat-cojines","7":"product_cat-cojines-decorativos","8":"product_cat-coleccion-cojines-decorativos","9":"product_cat-globo-basis-collection-do-not-delete","10":"product_cat-set-de-6-piezas","11":"product_cat-sets-de-cojines","12":"product_tag-buenmes","13":"product_tag-sets-de-cojines","15":"first","16":"outofstock","17":"shipping-taxable","18":"purchasable","19":"product-type-variable","20":"wvs-archive-product-wrapper"},"_links":{"self":[{"href":"https:\/\/digitalmty.com.mx\/decora\/wp-json\/wp\/v2\/product\/123392","targetHints":{"allow":["GET"]}}],"collection":[{"href":"https:\/\/digitalmty.com.mx\/decora\/wp-json\/wp\/v2\/product"}],"about":[{"href":"https:\/\/digitalmty.com.mx\/decora\/wp-json\/wp\/v2\/types\/product"}],"replies":[{"embeddable":true,"href":"https:\/\/digitalmty.com.mx\/decora\/wp-json\/wp\/v2\/comments?post=123392"}],"wp:featuredmedia":[{"embeddable":true,"href":"https:\/\/digitalmty.com.mx\/decora\/wp-json\/wp\/v2\/media\/125075"}],"wp:attachment":[{"href":"https:\/\/digitalmty.com.mx\/decora\/wp-json\/wp\/v2\/media?parent=123392"}],"wp:term":[{"taxonomy":"product_brand","embeddable":true,"href":"https:\/\/digitalmty.com.mx\/decora\/wp-json\/wp\/v2\/product_brand?post=123392"},{"taxonomy":"product_cat","embeddable":true,"href":"https:\/\/digitalmty.com.mx\/decora\/wp-json\/wp\/v2\/product_cat?post=123392"},{"taxonomy":"product_tag","embeddable":true,"href":"https:\/\/digitalmty.com.mx\/decora\/wp-json\/wp\/v2\/product_tag?post=123392"}],"curies":[{"name":"wp","href":"https:\/\/api.w.org\/{rel}","templated":true}]}}