{"id":123341,"date":"2025-08-26T05:21:59","date_gmt":"2025-08-26T05:21:59","guid":{"rendered":"https:\/\/digitalmty.com.mx\/decora\/product\/cojines-luki-3\/"},"modified":"2025-08-26T05:22:00","modified_gmt":"2025-08-26T05:22:00","slug":"cojines-luki-3","status":"publish","type":"product","link":"https:\/\/digitalmty.com.mx\/decora\/product\/cojines-luki-3\/","title":{"rendered":"Cojines Luki"},"content":{"rendered":"<p>Set compuesto por 6 cojines con cierre invisible para poder lavar en casa:\u00a0<\/p>\n<p>1 cojin burr cream 45*45<\/p>\n<p>1 coj\u00edn palmira gris 45*45<\/p>\n<p>1 coj\u00edn oaxaca beigel 45*45<\/p>\n<p>1 cojin egla capuchino 45*45<\/p>\n<p>1 cojin bruneck champa\u00f1a 30*50<\/p>\n<p>1 cojin gris praga 30*50<\/p>\n<p><strong data-mce-fragment=\"1\"><span style=\"text-decoration: underline;\">RELLENO;<\/span><\/strong><\/p>\n<p><strong>Microgel:\u00a0<\/strong>Textura<strong> <\/strong>suave en funda blanca, relleno almohada sogn@re.<\/p>\n<p data-mce-fragment=\"1\"><strong data-mce-fragment=\"1\">Lavado:<\/strong> en Seco y tintorer\u00eda s\u00f3lo la funda,<\/p>\n<p data-mce-fragment=\"1\"><b>Env\u00edo:\u00a0 7 a 10 d\u00edas h\u00e1biles si est\u00e1n antes se enviaran a la brevedad!<\/b><\/p>\n<p data-mce-fragment=\"1\">\u00a0<\/p>\n<blockquote data-mce-fragment=\"1\">\n<h5 data-mce-fragment=\"1\">Foto ilustrativa, los colores en el producto pueden tener m\u00ednimas variaciones.<\/h5>\n<\/blockquote>\n<blockquote data-mce-fragment=\"1\">\n<h5 data-mce-fragment=\"1\"><\/h5>\n<\/blockquote>\n","protected":false},"excerpt":{"rendered":"<p>Set compuesto por 6 cojines con cierre invisible para poder lavar en casa:\u00a0 1 cojin burr cream 45*45 1 coj\u00edn palmira gris 45*45 1 coj\u00edn oaxaca beigel 45*45 1 cojin egla capuchino 45*45 1 cojin bruneck champa\u00f1a 30*50 1 cojin gris praga 30*50 RELLENO; Microgel:\u00a0Textura suave en funda blanca, relleno almohada sogn@re. Lavado: en Seco [&hellip;]<\/p>\n","protected":false},"featured_media":125031,"comment_status":"open","ping_status":"closed","template":"","meta":{"_et_pb_use_builder":"","_et_pb_old_content":"","_et_gb_content_width":""},"product_brand":[],"product_cat":[371,281,376,381,389,390,391,288],"product_tag":[153],"class_list":{"0":"post-123341","1":"product","2":"type-product","3":"status-publish","4":"has-post-thumbnail","6":"product_cat-best-sellers-aument","7":"product_cat-cojines","8":"product_cat-decoravita-ofertas","9":"product_cat-globo-basis-collection-do-not-delete","10":"product_cat-perfit_best_selling_do_not_delete","11":"product_cat-perfit_created_desc_do_not_delete","12":"product_cat-perfit_price_desc_do_not_delete","13":"product_cat-rebajas","14":"product_tag-outlet","16":"first","17":"instock","18":"shipping-taxable","19":"purchasable","20":"product-type-simple"},"_links":{"self":[{"href":"https:\/\/digitalmty.com.mx\/decora\/wp-json\/wp\/v2\/product\/123341","targetHints":{"allow":["GET"]}}],"collection":[{"href":"https:\/\/digitalmty.com.mx\/decora\/wp-json\/wp\/v2\/product"}],"about":[{"href":"https:\/\/digitalmty.com.mx\/decora\/wp-json\/wp\/v2\/types\/product"}],"replies":[{"embeddable":true,"href":"https:\/\/digitalmty.com.mx\/decora\/wp-json\/wp\/v2\/comments?post=123341"}],"wp:featuredmedia":[{"embeddable":true,"href":"https:\/\/digitalmty.com.mx\/decora\/wp-json\/wp\/v2\/media\/125031"}],"wp:attachment":[{"href":"https:\/\/digitalmty.com.mx\/decora\/wp-json\/wp\/v2\/media?parent=123341"}],"wp:term":[{"taxonomy":"product_brand","embeddable":true,"href":"https:\/\/digitalmty.com.mx\/decora\/wp-json\/wp\/v2\/product_brand?post=123341"},{"taxonomy":"product_cat","embeddable":true,"href":"https:\/\/digitalmty.com.mx\/decora\/wp-json\/wp\/v2\/product_cat?post=123341"},{"taxonomy":"product_tag","embeddable":true,"href":"https:\/\/digitalmty.com.mx\/decora\/wp-json\/wp\/v2\/product_tag?post=123341"}],"curies":[{"name":"wp","href":"https:\/\/api.w.org\/{rel}","templated":true}]}}