{"id":123253,"date":"2025-08-26T05:21:26","date_gmt":"2025-08-26T05:21:26","guid":{"rendered":"https:\/\/digitalmty.com.mx\/decora\/product\/cojines-green-3\/"},"modified":"2025-08-26T05:21:27","modified_gmt":"2025-08-26T05:21:27","slug":"cojines-green-3","status":"publish","type":"product","link":"https:\/\/digitalmty.com.mx\/decora\/product\/cojines-green-3\/","title":{"rendered":"Cojines Green"},"content":{"rendered":"<p>Set compuesto por 6 cojines:<\/p>\n<p>2 cojin pissa verde olivo 45*45<\/p>\n<p>1 cojin etnicoa 45*45<\/p>\n<p>1 cojin nublar gris 45*45<\/p>\n<p>1 cojin dante beige 30*50<\/p>\n<p>1 cojin Antana oxford 30*50<\/p>\n<p><span data-mce-style=\"text-decoration: underline;\">Telas de la mejor Calidad con cierre completamente invisible.<\/span><\/p>\n<p><strong>Relleno Fibragel: <\/strong>Textura Suave.<\/p>\n<p>Lavado: S\u00f3lo la funda ciclo s\u00faper delicado, a mano. Tintorer\u00eda.<\/p>\n<p data-mce-fragment=\"1\">\u00a0<\/p>\n<p data-mce-fragment=\"1\">\u00a0<\/p>\n<blockquote data-mce-fragment=\"1\">\n<h5 data-mce-fragment=\"1\">Foto ilustrativa, los colores en el producto pueden tener m\u00ednimas variaciones.<\/h5>\n<\/blockquote>\n<blockquote data-mce-fragment=\"1\">\n<h5 data-mce-fragment=\"1\"><\/h5>\n<\/blockquote>\n<blockquote data-mce-fragment=\"1\">\n<h5 data-mce-fragment=\"1\"><\/h5>\n<\/blockquote>\n","protected":false},"excerpt":{"rendered":"<p>Set compuesto por 6 cojines: 2 cojin pissa verde olivo 45*45 1 cojin etnicoa 45*45 1 cojin nublar gris 45*45 1 cojin dante beige 30*50 1 cojin Antana oxford 30*50 Telas de la mejor Calidad con cierre completamente invisible. Relleno Fibragel: Textura Suave. Lavado: S\u00f3lo la funda ciclo s\u00faper delicado, a mano. Tintorer\u00eda. \u00a0 \u00a0 [&hellip;]<\/p>\n","protected":false},"featured_media":124979,"comment_status":"open","ping_status":"closed","template":"","meta":{"_et_pb_use_builder":"","_et_pb_old_content":"","_et_gb_content_width":""},"product_brand":[],"product_cat":[371,281,356,358,376,381,389,390,391,288],"product_tag":[153],"class_list":{"0":"post-123253","1":"product","2":"type-product","3":"status-publish","4":"has-post-thumbnail","6":"product_cat-best-sellers-aument","7":"product_cat-cojines","8":"product_cat-cojines-decorativos","9":"product_cat-coleccion-cojines-decorativos","10":"product_cat-decoravita-ofertas","11":"product_cat-globo-basis-collection-do-not-delete","12":"product_cat-perfit_best_selling_do_not_delete","13":"product_cat-perfit_created_desc_do_not_delete","14":"product_cat-perfit_price_desc_do_not_delete","15":"product_cat-rebajas","16":"product_tag-outlet","18":"first","19":"instock","20":"shipping-taxable","21":"purchasable","22":"product-type-simple"},"_links":{"self":[{"href":"https:\/\/digitalmty.com.mx\/decora\/wp-json\/wp\/v2\/product\/123253","targetHints":{"allow":["GET"]}}],"collection":[{"href":"https:\/\/digitalmty.com.mx\/decora\/wp-json\/wp\/v2\/product"}],"about":[{"href":"https:\/\/digitalmty.com.mx\/decora\/wp-json\/wp\/v2\/types\/product"}],"replies":[{"embeddable":true,"href":"https:\/\/digitalmty.com.mx\/decora\/wp-json\/wp\/v2\/comments?post=123253"}],"wp:featuredmedia":[{"embeddable":true,"href":"https:\/\/digitalmty.com.mx\/decora\/wp-json\/wp\/v2\/media\/124979"}],"wp:attachment":[{"href":"https:\/\/digitalmty.com.mx\/decora\/wp-json\/wp\/v2\/media?parent=123253"}],"wp:term":[{"taxonomy":"product_brand","embeddable":true,"href":"https:\/\/digitalmty.com.mx\/decora\/wp-json\/wp\/v2\/product_brand?post=123253"},{"taxonomy":"product_cat","embeddable":true,"href":"https:\/\/digitalmty.com.mx\/decora\/wp-json\/wp\/v2\/product_cat?post=123253"},{"taxonomy":"product_tag","embeddable":true,"href":"https:\/\/digitalmty.com.mx\/decora\/wp-json\/wp\/v2\/product_tag?post=123253"}],"curies":[{"name":"wp","href":"https:\/\/api.w.org\/{rel}","templated":true}]}}