{"id":123206,"date":"2025-08-26T05:21:07","date_gmt":"2025-08-26T05:21:07","guid":{"rendered":"https:\/\/digitalmty.com.mx\/decora\/product\/cojines-dubain-2\/"},"modified":"2025-08-26T05:21:08","modified_gmt":"2025-08-26T05:21:08","slug":"cojines-dubain-2","status":"publish","type":"product","link":"https:\/\/digitalmty.com.mx\/decora\/product\/cojines-dubain-2\/","title":{"rendered":"Cojines Dubain"},"content":{"rendered":"<p>Set compuesto por 5 cojines:<\/p>\n<p>1 Coj\u00edn Antana Gris Oxford 50*50<\/p>\n<p>1 Coj\u00edn Velvet Negro 50*50<\/p>\n<p>1 Coj\u00edn Trigo 45*45<\/p>\n<p>1 Coj\u00edn Dante Negro 30*50<\/p>\n<p>1 Coj\u00edn Yuxi Gris 30*50<\/p>\n<p>Telas de la mejor calidad y relleno premium con tecnolog\u00eda microgel\u00a0 tipo algod\u00f3n que vuelve m\u00e1s confortables nuestros cojines. Cierre invisible.<\/p>\n<p><b data-mce-fragment=\"1\">Tiempo de entrega:<span data-mce-fragment=\"1\"> <\/span><\/b>Al ser un producto personalizado el periodo de env\u00edo puede oscilar entre 8 a 12 d\u00edas h\u00e1biles. S\u00ed el producto est\u00e1 listo antes se enviar\u00e1 a la brevedad posible.<\/p>\n<p>\u00a0<\/p>\n<blockquote data-mce-fragment=\"1\">\n<h5 data-mce-fragment=\"1\">Foto ilustrativa, los colores en el producto pueden tener m\u00ednimas variaciones.<\/h5>\n<\/blockquote>\n","protected":false},"excerpt":{"rendered":"<p>Set compuesto por 5 cojines: 1 Coj\u00edn Antana Gris Oxford 50*50 1 Coj\u00edn Velvet Negro 50*50 1 Coj\u00edn Trigo 45*45 1 Coj\u00edn Dante Negro 30*50 1 Coj\u00edn Yuxi Gris 30*50 Telas de la mejor calidad y relleno premium con tecnolog\u00eda microgel\u00a0 tipo algod\u00f3n que vuelve m\u00e1s confortables nuestros cojines. Cierre invisible. Tiempo de entrega: Al [&hellip;]<\/p>\n","protected":false},"featured_media":124959,"comment_status":"open","ping_status":"closed","template":"","meta":{"_et_pb_use_builder":"","_et_pb_old_content":"","_et_gb_content_width":""},"product_brand":[],"product_cat":[371,281,356,358,376,381,389,390,391,291,259],"product_tag":[342,198],"class_list":{"0":"post-123206","1":"product","2":"type-product","3":"status-publish","4":"has-post-thumbnail","6":"product_cat-best-sellers-aument","7":"product_cat-cojines","8":"product_cat-cojines-decorativos","9":"product_cat-coleccion-cojines-decorativos","10":"product_cat-decoravita-ofertas","11":"product_cat-globo-basis-collection-do-not-delete","12":"product_cat-perfit_best_selling_do_not_delete","13":"product_cat-perfit_created_desc_do_not_delete","14":"product_cat-perfit_price_desc_do_not_delete","15":"product_cat-set-de-4-y-5-piezas","16":"product_cat-sets-de-cojines","17":"product_tag-buenmes","18":"product_tag-sets-de-cojines","20":"first","21":"instock","22":"shipping-taxable","23":"purchasable","24":"product-type-simple"},"_links":{"self":[{"href":"https:\/\/digitalmty.com.mx\/decora\/wp-json\/wp\/v2\/product\/123206","targetHints":{"allow":["GET"]}}],"collection":[{"href":"https:\/\/digitalmty.com.mx\/decora\/wp-json\/wp\/v2\/product"}],"about":[{"href":"https:\/\/digitalmty.com.mx\/decora\/wp-json\/wp\/v2\/types\/product"}],"replies":[{"embeddable":true,"href":"https:\/\/digitalmty.com.mx\/decora\/wp-json\/wp\/v2\/comments?post=123206"}],"wp:featuredmedia":[{"embeddable":true,"href":"https:\/\/digitalmty.com.mx\/decora\/wp-json\/wp\/v2\/media\/124959"}],"wp:attachment":[{"href":"https:\/\/digitalmty.com.mx\/decora\/wp-json\/wp\/v2\/media?parent=123206"}],"wp:term":[{"taxonomy":"product_brand","embeddable":true,"href":"https:\/\/digitalmty.com.mx\/decora\/wp-json\/wp\/v2\/product_brand?post=123206"},{"taxonomy":"product_cat","embeddable":true,"href":"https:\/\/digitalmty.com.mx\/decora\/wp-json\/wp\/v2\/product_cat?post=123206"},{"taxonomy":"product_tag","embeddable":true,"href":"https:\/\/digitalmty.com.mx\/decora\/wp-json\/wp\/v2\/product_tag?post=123206"}],"curies":[{"name":"wp","href":"https:\/\/api.w.org\/{rel}","templated":true}]}}