{"id":123111,"date":"2025-08-26T05:20:32","date_gmt":"2025-08-26T05:20:32","guid":{"rendered":"https:\/\/digitalmty.com.mx\/decora\/product\/cojines-borpel-2\/"},"modified":"2025-08-26T05:20:33","modified_gmt":"2025-08-26T05:20:33","slug":"cojines-borpel-2","status":"publish","type":"product","link":"https:\/\/digitalmty.com.mx\/decora\/product\/cojines-borpel-2\/","title":{"rendered":"Cojines Borpel"},"content":{"rendered":"<p>Set compuesto por 3 cojines:<\/p>\n<p>1 Coj\u00edn Bordado Gris 45*45<\/p>\n<p>1 Coj\u00edn Tpo piel Caf\u00e9 45*45<\/p>\n<p>1 Coj\u00edn Felpudo Gris Oxford 30*50<\/p>\n<p>Telas de la mejor calidad y relleno premium con tecnolog\u00eda microgel\u00a0 tipo algod\u00f3n y que vuelve mucho mas confortables nuestros cojines.<\/p>\n<p data-mce-fragment=\"1\"><b data-mce-fragment=\"1\">Tiempo de entrega:<span data-mce-fragment=\"1\"> <\/span><\/b>Al ser un producto personalizado el periodo de entrega puede oscilar ente 7 a 10 d\u00edas h\u00e1biles. S\u00ed el producto est\u00e1 listo antes se enviar\u00e1 a la brevedad posible.<\/p>\n","protected":false},"excerpt":{"rendered":"<p>Set compuesto por 3 cojines: 1 Coj\u00edn Bordado Gris 45*45 1 Coj\u00edn Tpo piel Caf\u00e9 45*45 1 Coj\u00edn Felpudo Gris Oxford 30*50 Telas de la mejor calidad y relleno premium con tecnolog\u00eda microgel\u00a0 tipo algod\u00f3n y que vuelve mucho mas confortables nuestros cojines. Tiempo de entrega: Al ser un producto personalizado el periodo de entrega [&hellip;]<\/p>\n","protected":false},"featured_media":124909,"comment_status":"open","ping_status":"closed","template":"","meta":{"_et_pb_use_builder":"","_et_pb_old_content":"","_et_gb_content_width":""},"product_brand":[],"product_cat":[281,356,381,259],"product_tag":[342,198],"class_list":{"0":"post-123111","1":"product","2":"type-product","3":"status-publish","4":"has-post-thumbnail","6":"product_cat-cojines","7":"product_cat-cojines-decorativos","8":"product_cat-globo-basis-collection-do-not-delete","9":"product_cat-sets-de-cojines","10":"product_tag-buenmes","11":"product_tag-sets-de-cojines","13":"first","14":"outofstock","15":"shipping-taxable","16":"purchasable","17":"product-type-simple"},"_links":{"self":[{"href":"https:\/\/digitalmty.com.mx\/decora\/wp-json\/wp\/v2\/product\/123111","targetHints":{"allow":["GET"]}}],"collection":[{"href":"https:\/\/digitalmty.com.mx\/decora\/wp-json\/wp\/v2\/product"}],"about":[{"href":"https:\/\/digitalmty.com.mx\/decora\/wp-json\/wp\/v2\/types\/product"}],"replies":[{"embeddable":true,"href":"https:\/\/digitalmty.com.mx\/decora\/wp-json\/wp\/v2\/comments?post=123111"}],"wp:featuredmedia":[{"embeddable":true,"href":"https:\/\/digitalmty.com.mx\/decora\/wp-json\/wp\/v2\/media\/124909"}],"wp:attachment":[{"href":"https:\/\/digitalmty.com.mx\/decora\/wp-json\/wp\/v2\/media?parent=123111"}],"wp:term":[{"taxonomy":"product_brand","embeddable":true,"href":"https:\/\/digitalmty.com.mx\/decora\/wp-json\/wp\/v2\/product_brand?post=123111"},{"taxonomy":"product_cat","embeddable":true,"href":"https:\/\/digitalmty.com.mx\/decora\/wp-json\/wp\/v2\/product_cat?post=123111"},{"taxonomy":"product_tag","embeddable":true,"href":"https:\/\/digitalmty.com.mx\/decora\/wp-json\/wp\/v2\/product_tag?post=123111"}],"curies":[{"name":"wp","href":"https:\/\/api.w.org\/{rel}","templated":true}]}}