{"id":123091,"date":"2025-08-26T05:20:29","date_gmt":"2025-08-26T05:20:29","guid":{"rendered":"https:\/\/digitalmty.com.mx\/decora\/product\/cojines-borcelle-3\/"},"modified":"2025-09-03T03:03:01","modified_gmt":"2025-09-03T03:03:01","slug":"cojines-borcelle-3","status":"publish","type":"product","link":"https:\/\/digitalmty.com.mx\/decora\/product\/cojines-borcelle-3\/","title":{"rendered":"COJINES BORCELLE"},"content":{"rendered":"<p>Set compuesto por 5 cojines tama\u00f1o 45*45.<\/p>\n<p><b data-mce-fragment=\"1\">Telas: <\/b>de excelente calidad con <strong>cierre invisible <\/strong>integrado.<\/p>\n<p><strong data-mce-fragment=\"1\"><span style=\"text-decoration: underline;\">RELLENO, PUEDES ELEGIR EL QUE M\u00c1S TE AGRADE:<\/span><br \/>\n<\/strong><\/p>\n<p><strong>Fibragel:\u00a0<\/strong>Textura Semifirme.<\/p>\n<p><strong>Microgel: <\/strong>en funda blanca suavecito, hipoalerg\u00e9nico y duradero. Calidad Premium.<\/p>\n<p data-mce-fragment=\"1\"><strong data-mce-fragment=\"1\">Lavado:<\/strong> en Seco y tintorer\u00eda s\u00f3lo la funda.<\/p>\n<p data-mce-fragment=\"1\"><b>Env\u00edo:\u00a0 7 a 10 d\u00edas h\u00e1biles si est\u00e1n antes se enviaran a la brevedad!<\/b><\/p>\n<blockquote data-mce-fragment=\"1\">\n<h5 data-mce-fragment=\"1\">Foto ilustrativa, los colores en el producto pueden tener m\u00ednimas variaciones.<\/h5>\n<\/blockquote>\n<blockquote data-mce-fragment=\"1\">\n<h5 data-mce-fragment=\"1\"><\/h5>\n<\/blockquote>\n","protected":false},"excerpt":{"rendered":"<p>Set compuesto por 5 cojines tama\u00f1o 45*45. Telas: de excelente calidad con cierre invisible integrado. RELLENO, PUEDES ELEGIR EL QUE M\u00c1S TE AGRADE: Fibragel:\u00a0Textura Semifirme. Microgel: en funda blanca suavecito, hipoalerg\u00e9nico y duradero. Calidad Premium. Lavado: en Seco y tintorer\u00eda s\u00f3lo la funda. Env\u00edo:\u00a0 7 a 10 d\u00edas h\u00e1biles si est\u00e1n antes se enviaran a [&hellip;]<\/p>\n","protected":false},"featured_media":124899,"comment_status":"open","ping_status":"closed","template":"","meta":{"_et_pb_use_builder":"","_et_pb_old_content":"","_et_gb_content_width":""},"product_brand":[],"product_cat":[371,281,356,358,376,381,389,390,391,291,259],"product_tag":[342,198],"class_list":{"0":"post-123091","1":"product","2":"type-product","3":"status-publish","4":"has-post-thumbnail","6":"product_cat-best-sellers-aument","7":"product_cat-cojines","8":"product_cat-cojines-decorativos","9":"product_cat-coleccion-cojines-decorativos","10":"product_cat-decoravita-ofertas","11":"product_cat-globo-basis-collection-do-not-delete","12":"product_cat-perfit_best_selling_do_not_delete","13":"product_cat-perfit_created_desc_do_not_delete","14":"product_cat-perfit_price_desc_do_not_delete","15":"product_cat-set-de-4-y-5-piezas","16":"product_cat-sets-de-cojines","17":"product_tag-buenmes","18":"product_tag-sets-de-cojines","20":"first","21":"instock","22":"shipping-taxable","23":"purchasable","24":"product-type-variable","25":"wvs-archive-product-wrapper"},"_links":{"self":[{"href":"https:\/\/digitalmty.com.mx\/decora\/wp-json\/wp\/v2\/product\/123091","targetHints":{"allow":["GET"]}}],"collection":[{"href":"https:\/\/digitalmty.com.mx\/decora\/wp-json\/wp\/v2\/product"}],"about":[{"href":"https:\/\/digitalmty.com.mx\/decora\/wp-json\/wp\/v2\/types\/product"}],"replies":[{"embeddable":true,"href":"https:\/\/digitalmty.com.mx\/decora\/wp-json\/wp\/v2\/comments?post=123091"}],"wp:featuredmedia":[{"embeddable":true,"href":"https:\/\/digitalmty.com.mx\/decora\/wp-json\/wp\/v2\/media\/124899"}],"wp:attachment":[{"href":"https:\/\/digitalmty.com.mx\/decora\/wp-json\/wp\/v2\/media?parent=123091"}],"wp:term":[{"taxonomy":"product_brand","embeddable":true,"href":"https:\/\/digitalmty.com.mx\/decora\/wp-json\/wp\/v2\/product_brand?post=123091"},{"taxonomy":"product_cat","embeddable":true,"href":"https:\/\/digitalmty.com.mx\/decora\/wp-json\/wp\/v2\/product_cat?post=123091"},{"taxonomy":"product_tag","embeddable":true,"href":"https:\/\/digitalmty.com.mx\/decora\/wp-json\/wp\/v2\/product_tag?post=123091"}],"curies":[{"name":"wp","href":"https:\/\/api.w.org\/{rel}","templated":true}]}}