{"id":123079,"date":"2025-08-26T05:20:25","date_gmt":"2025-08-26T05:20:25","guid":{"rendered":"https:\/\/digitalmty.com.mx\/decora\/product\/cojines-blane-2\/"},"modified":"2025-08-26T05:20:26","modified_gmt":"2025-08-26T05:20:26","slug":"cojines-blane-2","status":"publish","type":"product","link":"https:\/\/digitalmty.com.mx\/decora\/product\/cojines-blane-2\/","title":{"rendered":"Cojines Blan\u00e9"},"content":{"rendered":"<p>Set compuesto por 3 cojines:<\/p>\n<p>1 Coj\u00edn Bordado Gris 45*45<\/p>\n<p>1 Coj\u00edn Felpudo Blanco 45*45<\/p>\n<p>1 Coj\u00edn Velvet Negro 45*45<\/p>\n<p>Telas de la mejor calidad y relleno premium con tecnolog\u00eda microgel\u00a0 que vuelve mucho mas confortables nuestros cojines.<\/p>\n<p><b data-mce-fragment=\"1\">Tiempo de entrega:<span data-mce-fragment=\"1\"> <\/span><\/b>Al ser un producto personalizado el periodo de entrega puede oscilar ente 7 a 10 d\u00edas h\u00e1biles. S\u00ed el producto est\u00e1 listo antes se enviar\u00e1 a la brevedad posible.<\/p>\n<p>\u00a0<\/p>\n<blockquote data-mce-fragment=\"1\">\n<h5 data-mce-fragment=\"1\">Foto ilustrativa, los colores en el producto pueden tener m\u00ednimas variaciones.<\/h5>\n<\/blockquote>\n","protected":false},"excerpt":{"rendered":"<p>Set compuesto por 3 cojines: 1 Coj\u00edn Bordado Gris 45*45 1 Coj\u00edn Felpudo Blanco 45*45 1 Coj\u00edn Velvet Negro 45*45 Telas de la mejor calidad y relleno premium con tecnolog\u00eda microgel\u00a0 que vuelve mucho mas confortables nuestros cojines. Tiempo de entrega: Al ser un producto personalizado el periodo de entrega puede oscilar ente 7 a [&hellip;]<\/p>\n","protected":false},"featured_media":124885,"comment_status":"open","ping_status":"closed","template":"","meta":{"_et_pb_use_builder":"","_et_pb_old_content":"","_et_gb_content_width":""},"product_brand":[],"product_cat":[281,356,358,381,259],"product_tag":[342,198],"class_list":{"0":"post-123079","1":"product","2":"type-product","3":"status-publish","4":"has-post-thumbnail","6":"product_cat-cojines","7":"product_cat-cojines-decorativos","8":"product_cat-coleccion-cojines-decorativos","9":"product_cat-globo-basis-collection-do-not-delete","10":"product_cat-sets-de-cojines","11":"product_tag-buenmes","12":"product_tag-sets-de-cojines","14":"first","15":"outofstock","16":"shipping-taxable","17":"purchasable","18":"product-type-simple"},"_links":{"self":[{"href":"https:\/\/digitalmty.com.mx\/decora\/wp-json\/wp\/v2\/product\/123079","targetHints":{"allow":["GET"]}}],"collection":[{"href":"https:\/\/digitalmty.com.mx\/decora\/wp-json\/wp\/v2\/product"}],"about":[{"href":"https:\/\/digitalmty.com.mx\/decora\/wp-json\/wp\/v2\/types\/product"}],"replies":[{"embeddable":true,"href":"https:\/\/digitalmty.com.mx\/decora\/wp-json\/wp\/v2\/comments?post=123079"}],"wp:featuredmedia":[{"embeddable":true,"href":"https:\/\/digitalmty.com.mx\/decora\/wp-json\/wp\/v2\/media\/124885"}],"wp:attachment":[{"href":"https:\/\/digitalmty.com.mx\/decora\/wp-json\/wp\/v2\/media?parent=123079"}],"wp:term":[{"taxonomy":"product_brand","embeddable":true,"href":"https:\/\/digitalmty.com.mx\/decora\/wp-json\/wp\/v2\/product_brand?post=123079"},{"taxonomy":"product_cat","embeddable":true,"href":"https:\/\/digitalmty.com.mx\/decora\/wp-json\/wp\/v2\/product_cat?post=123079"},{"taxonomy":"product_tag","embeddable":true,"href":"https:\/\/digitalmty.com.mx\/decora\/wp-json\/wp\/v2\/product_tag?post=123079"}],"curies":[{"name":"wp","href":"https:\/\/api.w.org\/{rel}","templated":true}]}}