{"id":123047,"date":"2025-08-26T05:20:13","date_gmt":"2025-08-26T05:20:13","guid":{"rendered":"https:\/\/digitalmty.com.mx\/decora\/product\/cojines-argos-2\/"},"modified":"2025-08-26T05:20:14","modified_gmt":"2025-08-26T05:20:14","slug":"cojines-argos-2","status":"publish","type":"product","link":"https:\/\/digitalmty.com.mx\/decora\/product\/cojines-argos-2\/","title":{"rendered":"Cojines Argos"},"content":{"rendered":"<p>Set compuesto por 6 cojines:<\/p>\n<p>1 Coj\u00ecn Burr Gris 50*50<\/p>\n<p>1 Coj\u00ecn Yuxi Azul 45*45<\/p>\n<p>1 Coj\u00edn Burdeos Azul 45*45<\/p>\n<p>1 Coj\u00ecn Tina Gris 50*50<\/p>\n<p>2 Coj\u00edn Clio mostaza 30*50<\/p>\n<p data-mce-fragment=\"1\">Telas de la mejor calidad y relleno premium con tecnolog\u00eda microgel\u00a0 tipo algod\u00f3n que vuelve m\u00e1s confortables nuestros cojines. Cierre invisible.<\/p>\n<p data-mce-fragment=\"1\"><b data-mce-fragment=\"1\">Tiempo de entrega:<span data-mce-fragment=\"1\"> <\/span><\/b>Al ser un producto personalizado el periodo de entrega puede oscilar ente 8 a 12 d\u00edas h\u00e1biles el env\u00edo. S\u00ed el producto est\u00e1 listo antes se enviar\u00e1 a la brevedad posible.<\/p>\n<p>\u00a0<\/p>\n<blockquote data-mce-fragment=\"1\">\n<h5 data-mce-fragment=\"1\">Foto ilustrativa, los colores en el producto pueden tener m\u00ednimas variaciones.<\/h5>\n<\/blockquote>\n","protected":false},"excerpt":{"rendered":"<p>Set compuesto por 6 cojines: 1 Coj\u00ecn Burr Gris 50*50 1 Coj\u00ecn Yuxi Azul 45*45 1 Coj\u00edn Burdeos Azul 45*45 1 Coj\u00ecn Tina Gris 50*50 2 Coj\u00edn Clio mostaza 30*50 Telas de la mejor calidad y relleno premium con tecnolog\u00eda microgel\u00a0 tipo algod\u00f3n que vuelve m\u00e1s confortables nuestros cojines. Cierre invisible. Tiempo de entrega: Al [&hellip;]<\/p>\n","protected":false},"featured_media":124862,"comment_status":"open","ping_status":"closed","template":"","meta":{"_et_pb_use_builder":"","_et_pb_old_content":"","_et_gb_content_width":""},"product_brand":[],"product_cat":[281,356,358,381,292,259],"product_tag":[342,198],"class_list":{"0":"post-123047","1":"product","2":"type-product","3":"status-publish","4":"has-post-thumbnail","6":"product_cat-cojines","7":"product_cat-cojines-decorativos","8":"product_cat-coleccion-cojines-decorativos","9":"product_cat-globo-basis-collection-do-not-delete","10":"product_cat-set-de-6-piezas","11":"product_cat-sets-de-cojines","12":"product_tag-buenmes","13":"product_tag-sets-de-cojines","15":"first","16":"outofstock","17":"shipping-taxable","18":"purchasable","19":"product-type-simple"},"_links":{"self":[{"href":"https:\/\/digitalmty.com.mx\/decora\/wp-json\/wp\/v2\/product\/123047","targetHints":{"allow":["GET"]}}],"collection":[{"href":"https:\/\/digitalmty.com.mx\/decora\/wp-json\/wp\/v2\/product"}],"about":[{"href":"https:\/\/digitalmty.com.mx\/decora\/wp-json\/wp\/v2\/types\/product"}],"replies":[{"embeddable":true,"href":"https:\/\/digitalmty.com.mx\/decora\/wp-json\/wp\/v2\/comments?post=123047"}],"wp:featuredmedia":[{"embeddable":true,"href":"https:\/\/digitalmty.com.mx\/decora\/wp-json\/wp\/v2\/media\/124862"}],"wp:attachment":[{"href":"https:\/\/digitalmty.com.mx\/decora\/wp-json\/wp\/v2\/media?parent=123047"}],"wp:term":[{"taxonomy":"product_brand","embeddable":true,"href":"https:\/\/digitalmty.com.mx\/decora\/wp-json\/wp\/v2\/product_brand?post=123047"},{"taxonomy":"product_cat","embeddable":true,"href":"https:\/\/digitalmty.com.mx\/decora\/wp-json\/wp\/v2\/product_cat?post=123047"},{"taxonomy":"product_tag","embeddable":true,"href":"https:\/\/digitalmty.com.mx\/decora\/wp-json\/wp\/v2\/product_tag?post=123047"}],"curies":[{"name":"wp","href":"https:\/\/api.w.org\/{rel}","templated":true}]}}