{"id":123030,"date":"2025-08-26T05:20:06","date_gmt":"2025-08-26T05:20:06","guid":{"rendered":"https:\/\/digitalmty.com.mx\/decora\/product\/cojines-angy-2\/"},"modified":"2025-08-26T05:20:10","modified_gmt":"2025-08-26T05:20:10","slug":"cojines-angy-2","status":"publish","type":"product","link":"https:\/\/digitalmty.com.mx\/decora\/product\/cojines-angy-2\/","title":{"rendered":"Cojines Angy"},"content":{"rendered":"<p>Set compuesto por 6 cojines:<\/p>\n<p>1 cojin galaxy camel 45*45<\/p>\n<p>1 cojin alana 45*45<\/p>\n<p>1 cojin etnic 45*45<\/p>\n<p>1 cojin velvet petroleo 45*45<\/p>\n<p>1 cojin velvet petroleo 30*50<\/p>\n<p>1 cojin galaxy camel 30*50<\/p>\n<p><strong data-mce-fragment=\"1\"><span style=\"text-decoration: underline;\" data-mce-style=\"text-decoration: underline;\">RELLENO, PUEDES ELEGIR EL QUE M\u00c1S TE AGRADE:<\/span><br \/><\/strong><\/p>\n<p><strong>Fibragel:\u00a0<\/strong>Textura Semifirme.<\/p>\n<p><strong>Microgel: <\/strong>En funda blanca<strong> <\/strong>suavecito, hipoalerg\u00e9nico y duradero. Calidad Premium.<\/p>\n<p><strong>Tipo Pluma de Ganso:<\/strong> En funda blanca calidad premium extra suave, con una excelente caida, Simplemente Exquisito! Hipoalerg\u00e9nico y duradero.<\/p>\n<p data-mce-fragment=\"1\"><strong data-mce-fragment=\"1\">Lavado:<\/strong> en Seco y tintorer\u00eda s\u00f3lo la funda.<\/p>\n<p data-mce-fragment=\"1\"><b>Env\u00edo:\u00a0 7 a 10 d\u00edas h\u00e1biles si est\u00e1n antes se enviaran a la brevedad!<\/b><\/p>\n<p data-mce-fragment=\"1\">\u00a0<\/p>\n<blockquote data-mce-fragment=\"1\">\n<h5 data-mce-fragment=\"1\">Foto ilustrativa, los colores en el producto pueden tener m\u00ednimas variaciones.<\/h5>\n<\/blockquote>\n<p>\u00a0<\/p>\n<p>\u00a0<\/p>\n<blockquote data-mce-fragment=\"1\">\n<h5 data-mce-fragment=\"1\"><b data-mce-fragment=\"1\"><\/b><\/h5>\n<\/blockquote>\n","protected":false},"excerpt":{"rendered":"<p>Set compuesto por 6 cojines: 1 cojin galaxy camel 45*45 1 cojin alana 45*45 1 cojin etnic 45*45 1 cojin velvet petroleo 45*45 1 cojin velvet petroleo 30*50 1 cojin galaxy camel 30*50 RELLENO, PUEDES ELEGIR EL QUE M\u00c1S TE AGRADE: Fibragel:\u00a0Textura Semifirme. Microgel: En funda blanca suavecito, hipoalerg\u00e9nico y duradero. Calidad Premium. Tipo Pluma [&hellip;]<\/p>\n","protected":false},"featured_media":124851,"comment_status":"open","ping_status":"closed","template":"","meta":{"_et_pb_use_builder":"","_et_pb_old_content":"","_et_gb_content_width":""},"product_brand":[],"product_cat":[281,356,358,381,292,259],"product_tag":[342,198],"class_list":{"0":"post-123030","1":"product","2":"type-product","3":"status-publish","4":"has-post-thumbnail","6":"product_cat-cojines","7":"product_cat-cojines-decorativos","8":"product_cat-coleccion-cojines-decorativos","9":"product_cat-globo-basis-collection-do-not-delete","10":"product_cat-set-de-6-piezas","11":"product_cat-sets-de-cojines","12":"product_tag-buenmes","13":"product_tag-sets-de-cojines","15":"first","16":"outofstock","17":"shipping-taxable","18":"purchasable","19":"product-type-variable","20":"wvs-archive-product-wrapper"},"_links":{"self":[{"href":"https:\/\/digitalmty.com.mx\/decora\/wp-json\/wp\/v2\/product\/123030","targetHints":{"allow":["GET"]}}],"collection":[{"href":"https:\/\/digitalmty.com.mx\/decora\/wp-json\/wp\/v2\/product"}],"about":[{"href":"https:\/\/digitalmty.com.mx\/decora\/wp-json\/wp\/v2\/types\/product"}],"replies":[{"embeddable":true,"href":"https:\/\/digitalmty.com.mx\/decora\/wp-json\/wp\/v2\/comments?post=123030"}],"wp:featuredmedia":[{"embeddable":true,"href":"https:\/\/digitalmty.com.mx\/decora\/wp-json\/wp\/v2\/media\/124851"}],"wp:attachment":[{"href":"https:\/\/digitalmty.com.mx\/decora\/wp-json\/wp\/v2\/media?parent=123030"}],"wp:term":[{"taxonomy":"product_brand","embeddable":true,"href":"https:\/\/digitalmty.com.mx\/decora\/wp-json\/wp\/v2\/product_brand?post=123030"},{"taxonomy":"product_cat","embeddable":true,"href":"https:\/\/digitalmty.com.mx\/decora\/wp-json\/wp\/v2\/product_cat?post=123030"},{"taxonomy":"product_tag","embeddable":true,"href":"https:\/\/digitalmty.com.mx\/decora\/wp-json\/wp\/v2\/product_tag?post=123030"}],"curies":[{"name":"wp","href":"https:\/\/api.w.org\/{rel}","templated":true}]}}