{"id":123024,"date":"2025-08-26T05:20:04","date_gmt":"2025-08-26T05:20:04","guid":{"rendered":"https:\/\/digitalmty.com.mx\/decora\/product\/cojines-amstrong-3\/"},"modified":"2025-08-26T05:20:05","modified_gmt":"2025-08-26T05:20:05","slug":"cojines-amstrong-3","status":"publish","type":"product","link":"https:\/\/digitalmty.com.mx\/decora\/product\/cojines-amstrong-3\/","title":{"rendered":"Cojines Amstrong"},"content":{"rendered":"<p>Set compuesto por 6 cojines:<strong><br \/><\/strong><\/p>\n<p>1 cojin Dante gris 45*45<\/p>\n<p>1 coj\u00edn harea 45*45<\/p>\n<p>1 coj\u00edn nublar negro 45*45<\/p>\n<p>1 cojin bruneck gris 45*45<\/p>\n<p>2 cojines Antana Oxford 30*50<\/p>\n<p><span data-mce-style=\"text-decoration: underline;\">Telas de la mejor Calidad con cierre completamente invisible.<\/span><\/p>\n<p><strong data-mce-fragment=\"1\"><span style=\"text-decoration: underline;\" data-mce-style=\"text-decoration: underline;\">RELLENO, PUEDES ELEGIR EL QUE M\u00c1S TE AGRADE:<\/span><br \/><\/strong><\/p>\n<p><strong>Fibragel:\u00a0<\/strong>Textura Suave.<\/p>\n<p><strong>Microgel: <\/strong>Textura<strong> <\/strong>suave en funda blanca, relleno almohada sogn@re.<\/p>\n<p><strong>Tipo Pluma de Ganso:<\/strong> Textura extra suave en funda blanca calidad premium, con una excelente caida, Simplemente Exquisito!<\/p>\n<p data-mce-fragment=\"1\"><strong data-mce-fragment=\"1\">Lavado:<\/strong> en Seco y tintorer\u00eda s\u00f3lo la funda,<\/p>\n<p data-mce-fragment=\"1\"><b>Env\u00edo:\u00a0 7 a 10 d\u00edas h\u00e1biles si est\u00e1n antes se enviaran a la brevedad!<\/b><\/p>\n<p data-mce-fragment=\"1\">\u00a0<\/p>\n<blockquote data-mce-fragment=\"1\">\n<h5 data-mce-fragment=\"1\">Foto ilustrativa, los colores en el producto pueden tener m\u00ednimas variaciones.<\/h5>\n<\/blockquote>\n<blockquote data-mce-fragment=\"1\">\n<h5 data-mce-fragment=\"1\"><\/h5>\n<\/blockquote>\n","protected":false},"excerpt":{"rendered":"<p>Set compuesto por 6 cojines: 1 cojin Dante gris 45*45 1 coj\u00edn harea 45*45 1 coj\u00edn nublar negro 45*45 1 cojin bruneck gris 45*45 2 cojines Antana Oxford 30*50 Telas de la mejor Calidad con cierre completamente invisible. RELLENO, PUEDES ELEGIR EL QUE M\u00c1S TE AGRADE: Fibragel:\u00a0Textura Suave. Microgel: Textura suave en funda blanca, relleno [&hellip;]<\/p>\n","protected":false},"featured_media":124847,"comment_status":"open","ping_status":"closed","template":"","meta":{"_et_pb_use_builder":"","_et_pb_old_content":"","_et_gb_content_width":""},"product_brand":[],"product_cat":[371,281,376,381,389,390,391,395],"product_tag":[154],"class_list":{"0":"post-123024","1":"product","2":"type-product","3":"status-publish","4":"has-post-thumbnail","6":"product_cat-best-sellers-aument","7":"product_cat-cojines","8":"product_cat-decoravita-ofertas","9":"product_cat-globo-basis-collection-do-not-delete","10":"product_cat-perfit_best_selling_do_not_delete","11":"product_cat-perfit_created_desc_do_not_delete","12":"product_cat-perfit_price_desc_do_not_delete","13":"product_cat-sets-de-cojines-nueva-coleccion","14":"product_tag-set-de-cojines-sin-cierre","16":"first","17":"instock","18":"shipping-taxable","19":"purchasable","20":"product-type-simple"},"_links":{"self":[{"href":"https:\/\/digitalmty.com.mx\/decora\/wp-json\/wp\/v2\/product\/123024","targetHints":{"allow":["GET"]}}],"collection":[{"href":"https:\/\/digitalmty.com.mx\/decora\/wp-json\/wp\/v2\/product"}],"about":[{"href":"https:\/\/digitalmty.com.mx\/decora\/wp-json\/wp\/v2\/types\/product"}],"replies":[{"embeddable":true,"href":"https:\/\/digitalmty.com.mx\/decora\/wp-json\/wp\/v2\/comments?post=123024"}],"wp:featuredmedia":[{"embeddable":true,"href":"https:\/\/digitalmty.com.mx\/decora\/wp-json\/wp\/v2\/media\/124847"}],"wp:attachment":[{"href":"https:\/\/digitalmty.com.mx\/decora\/wp-json\/wp\/v2\/media?parent=123024"}],"wp:term":[{"taxonomy":"product_brand","embeddable":true,"href":"https:\/\/digitalmty.com.mx\/decora\/wp-json\/wp\/v2\/product_brand?post=123024"},{"taxonomy":"product_cat","embeddable":true,"href":"https:\/\/digitalmty.com.mx\/decora\/wp-json\/wp\/v2\/product_cat?post=123024"},{"taxonomy":"product_tag","embeddable":true,"href":"https:\/\/digitalmty.com.mx\/decora\/wp-json\/wp\/v2\/product_tag?post=123024"}],"curies":[{"name":"wp","href":"https:\/\/api.w.org\/{rel}","templated":true}]}}