{"id":123022,"date":"2025-08-26T05:20:02","date_gmt":"2025-08-26T05:20:02","guid":{"rendered":"https:\/\/digitalmty.com.mx\/decora\/product\/cojines-amburgo-2\/"},"modified":"2025-08-26T05:20:03","modified_gmt":"2025-08-26T05:20:03","slug":"cojines-amburgo-2","status":"publish","type":"product","link":"https:\/\/digitalmty.com.mx\/decora\/product\/cojines-amburgo-2\/","title":{"rendered":"Cojines Amburgo"},"content":{"rendered":"<p>Set compuesto por 6 cojines:<span>\u00a0<\/span><strong>con cierre completamente invisible.<\/strong><\/p>\n<p><strong>Relleno Fibragel.<\/strong><\/p>\n<p>Consta de:<\/p>\n<p>2 cojines 50*50, 2 cojines de 45*45 y 2 Cojines de 30*50.<\/p>\n<p>Telas de excelente calidad!<\/p>\n<p><b>Tiempo de env\u00eco:<span>\u00a0<\/span><\/b>Al ser un producto personalizado el periodo de env\u00edo puede oscilar entre 7 a 10 d\u00edas h\u00e1biles. S\u00ed el producto est\u00e1 listo antes se enviar\u00e1 a la brevedad posible.<\/p>\n<p><strong>LAVADO EN SECO ( TINTORERIA ). O lavado muy delicado.<\/strong><\/p>\n<p>\u00a0<\/p>\n<blockquote>\n<h5>Foto ilustrativa, los colores en el producto pueden tener m\u00ednimas variaciones.<\/h5>\n<\/blockquote>\n","protected":false},"excerpt":{"rendered":"<p>Set compuesto por 6 cojines:\u00a0con cierre completamente invisible. Relleno Fibragel. Consta de: 2 cojines 50*50, 2 cojines de 45*45 y 2 Cojines de 30*50. Telas de excelente calidad! Tiempo de env\u00eco:\u00a0Al ser un producto personalizado el periodo de env\u00edo puede oscilar entre 7 a 10 d\u00edas h\u00e1biles. S\u00ed el producto est\u00e1 listo antes se enviar\u00e1 [&hellip;]<\/p>\n","protected":false},"featured_media":124843,"comment_status":"open","ping_status":"closed","template":"","meta":{"_et_pb_use_builder":"","_et_pb_old_content":"","_et_gb_content_width":""},"product_brand":[],"product_cat":[371,281,356,358,376,381,389,390,391,288],"product_tag":[153],"class_list":{"0":"post-123022","1":"product","2":"type-product","3":"status-publish","4":"has-post-thumbnail","6":"product_cat-best-sellers-aument","7":"product_cat-cojines","8":"product_cat-cojines-decorativos","9":"product_cat-coleccion-cojines-decorativos","10":"product_cat-decoravita-ofertas","11":"product_cat-globo-basis-collection-do-not-delete","12":"product_cat-perfit_best_selling_do_not_delete","13":"product_cat-perfit_created_desc_do_not_delete","14":"product_cat-perfit_price_desc_do_not_delete","15":"product_cat-rebajas","16":"product_tag-outlet","18":"first","19":"instock","20":"shipping-taxable","21":"purchasable","22":"product-type-simple"},"_links":{"self":[{"href":"https:\/\/digitalmty.com.mx\/decora\/wp-json\/wp\/v2\/product\/123022","targetHints":{"allow":["GET"]}}],"collection":[{"href":"https:\/\/digitalmty.com.mx\/decora\/wp-json\/wp\/v2\/product"}],"about":[{"href":"https:\/\/digitalmty.com.mx\/decora\/wp-json\/wp\/v2\/types\/product"}],"replies":[{"embeddable":true,"href":"https:\/\/digitalmty.com.mx\/decora\/wp-json\/wp\/v2\/comments?post=123022"}],"wp:featuredmedia":[{"embeddable":true,"href":"https:\/\/digitalmty.com.mx\/decora\/wp-json\/wp\/v2\/media\/124843"}],"wp:attachment":[{"href":"https:\/\/digitalmty.com.mx\/decora\/wp-json\/wp\/v2\/media?parent=123022"}],"wp:term":[{"taxonomy":"product_brand","embeddable":true,"href":"https:\/\/digitalmty.com.mx\/decora\/wp-json\/wp\/v2\/product_brand?post=123022"},{"taxonomy":"product_cat","embeddable":true,"href":"https:\/\/digitalmty.com.mx\/decora\/wp-json\/wp\/v2\/product_cat?post=123022"},{"taxonomy":"product_tag","embeddable":true,"href":"https:\/\/digitalmty.com.mx\/decora\/wp-json\/wp\/v2\/product_tag?post=123022"}],"curies":[{"name":"wp","href":"https:\/\/api.w.org\/{rel}","templated":true}]}}