{"id":123020,"date":"2025-08-26T05:20:01","date_gmt":"2025-08-26T05:20:01","guid":{"rendered":"https:\/\/digitalmty.com.mx\/decora\/product\/cojines-alfri-2\/"},"modified":"2025-08-26T05:20:02","modified_gmt":"2025-08-26T05:20:02","slug":"cojines-alfri-2","status":"publish","type":"product","link":"https:\/\/digitalmty.com.mx\/decora\/product\/cojines-alfri-2\/","title":{"rendered":"Cojines Alfri"},"content":{"rendered":"<p>Set compuesto por 3 cojines:<\/p>\n<p>1 Coj\u00edn Italian Negro 45*45<\/p>\n<p>1 Coj\u00edn Andr\u00fa 45*45<\/p>\n<p>1 Coj\u00edn Chalmet<\/p>\n<p>Telas de la mejor calidad y relleno premium con tecnolog\u00eda microgel\u00a0 tipo algod\u00f3n que vuelve m\u00e1s confortables nuestros cojines. Cierre invisible.<\/p>\n<p data-mce-fragment=\"1\"><b data-mce-fragment=\"1\">Tiempo de entrega:<span data-mce-fragment=\"1\"> <\/span><\/b>Al ser un producto personalizado el periodo de entrega puede oscilar ente 7 a 10 d\u00edas h\u00e1biles. S\u00ed el producto est\u00e1 listo antes se enviar\u00e1 a la brevedad posible.<\/p>\n<p><\/p>\n<p>\u00a0<\/p>\n<blockquote data-mce-fragment=\"1\">\n<h5 data-mce-fragment=\"1\">Foto ilustrativa, los colores en el producto pueden tener m\u00ednimas variaciones.<\/h5>\n<\/blockquote>\n","protected":false},"excerpt":{"rendered":"<p>Set compuesto por 3 cojines: 1 Coj\u00edn Italian Negro 45*45 1 Coj\u00edn Andr\u00fa 45*45 1 Coj\u00edn Chalmet Telas de la mejor calidad y relleno premium con tecnolog\u00eda microgel\u00a0 tipo algod\u00f3n que vuelve m\u00e1s confortables nuestros cojines. Cierre invisible. Tiempo de entrega: Al ser un producto personalizado el periodo de entrega puede oscilar ente 7 a [&hellip;]<\/p>\n","protected":false},"featured_media":124839,"comment_status":"open","ping_status":"closed","template":"","meta":{"_et_pb_use_builder":"","_et_pb_old_content":"","_et_gb_content_width":""},"product_brand":[],"product_cat":[371,281,356,358,376,381,389,390,391,259],"product_tag":[342,198],"class_list":{"0":"post-123020","1":"product","2":"type-product","3":"status-publish","4":"has-post-thumbnail","6":"product_cat-best-sellers-aument","7":"product_cat-cojines","8":"product_cat-cojines-decorativos","9":"product_cat-coleccion-cojines-decorativos","10":"product_cat-decoravita-ofertas","11":"product_cat-globo-basis-collection-do-not-delete","12":"product_cat-perfit_best_selling_do_not_delete","13":"product_cat-perfit_created_desc_do_not_delete","14":"product_cat-perfit_price_desc_do_not_delete","15":"product_cat-sets-de-cojines","16":"product_tag-buenmes","17":"product_tag-sets-de-cojines","19":"first","20":"instock","21":"shipping-taxable","22":"purchasable","23":"product-type-simple"},"_links":{"self":[{"href":"https:\/\/digitalmty.com.mx\/decora\/wp-json\/wp\/v2\/product\/123020","targetHints":{"allow":["GET"]}}],"collection":[{"href":"https:\/\/digitalmty.com.mx\/decora\/wp-json\/wp\/v2\/product"}],"about":[{"href":"https:\/\/digitalmty.com.mx\/decora\/wp-json\/wp\/v2\/types\/product"}],"replies":[{"embeddable":true,"href":"https:\/\/digitalmty.com.mx\/decora\/wp-json\/wp\/v2\/comments?post=123020"}],"wp:featuredmedia":[{"embeddable":true,"href":"https:\/\/digitalmty.com.mx\/decora\/wp-json\/wp\/v2\/media\/124839"}],"wp:attachment":[{"href":"https:\/\/digitalmty.com.mx\/decora\/wp-json\/wp\/v2\/media?parent=123020"}],"wp:term":[{"taxonomy":"product_brand","embeddable":true,"href":"https:\/\/digitalmty.com.mx\/decora\/wp-json\/wp\/v2\/product_brand?post=123020"},{"taxonomy":"product_cat","embeddable":true,"href":"https:\/\/digitalmty.com.mx\/decora\/wp-json\/wp\/v2\/product_cat?post=123020"},{"taxonomy":"product_tag","embeddable":true,"href":"https:\/\/digitalmty.com.mx\/decora\/wp-json\/wp\/v2\/product_tag?post=123020"}],"curies":[{"name":"wp","href":"https:\/\/api.w.org\/{rel}","templated":true}]}}