{"id":122874,"date":"2025-08-26T05:19:35","date_gmt":"2025-08-26T05:19:35","guid":{"rendered":"https:\/\/digitalmty.com.mx\/decora\/product\/cojin-vanko-3\/"},"modified":"2025-09-03T02:18:48","modified_gmt":"2025-09-03T02:18:48","slug":"cojin-vanko-3","status":"publish","type":"product","link":"https:\/\/digitalmty.com.mx\/decora\/product\/cojin-vanko-3\/","title":{"rendered":"COJIN VANKO"},"content":{"rendered":"<p data-mce-fragment=\"1\"><strong data-mce-fragment=\"1\">ENV\u00cdO GRATIS A PARTIR DE $1499.<\/strong><\/p>\n<p data-mce-fragment=\"1\"><strong data-mce-fragment=\"1\">Material:<\/strong> Tela importada de excelente calidad jaquard 50% polyester 50% algod\u00f3n. <strong>SIN CIERRE.<\/strong><\/p>\n<p data-mce-fragment=\"1\"><strong data-mce-fragment=\"1\">Relleno <\/strong>de microgel calidad premium suave tipo algod\u00f3n hipoalerg\u00e9nica y duradera.No se hace bolas.<\/p>\n<p data-mce-fragment=\"1\"><strong data-mce-fragment=\"1\">Textura:<\/strong> Suave al tacto<\/p>\n<p data-mce-fragment=\"1\"><b data-mce-fragment=\"1\">Lavado:<\/b> en seco y en tintorer\u00eda (s\u00f3lo funda).<\/p>\n<p data-mce-fragment=\"1\"><b data-mce-fragment=\"1\">Precio:\u00a0<\/b>por coj\u00edn.<\/p>\n<p data-mce-fragment=\"1\"><b data-mce-fragment=\"1\">Tiempo de entrega: <\/b>Al ser un producto personalizado el periodo de env\u00edo puede oscilar entre 7 a 10 d\u00edas h\u00e1biles. S\u00ed el producto est\u00e1 listo antes se enviar\u00e1 a la brevedad posible.<\/p>\n<p class=\"payment-list__notice\" data-mce-fragment=\"1\"><strong data-mce-fragment=\"1\">Pago: <\/strong>Todas las transacciones son seguras y est\u00e1n encriptadas. No almacenamos los detalles de la tarjeta de cr\u00e9dito ni tenemos acceso a la informaci\u00f3n de la misma.<\/p>\n<p class=\"payment-list__notice\" data-mce-fragment=\"1\">Aceptamos pagos con Visa, Mastercard, American Express, Paypal por medio de Mercado Pago. Adicionalmente aceptamos pagos con Oxxo y Transferencia.<\/p>\n<p data-mce-fragment=\"1\">\n<blockquote data-mce-fragment=\"1\">\n<h5 data-mce-fragment=\"1\">Foto ilustrativa, los colores en el producto pueden tener m\u00ednimas variaciones.<\/h5>\n<\/blockquote>\n","protected":false},"excerpt":{"rendered":"<p>ENV\u00cdO GRATIS A PARTIR DE $1499. Material: Tela importada de excelente calidad jaquard 50% polyester 50% algod\u00f3n. SIN CIERRE. Relleno de microgel calidad premium suave tipo algod\u00f3n hipoalerg\u00e9nica y duradera.No se hace bolas. Textura: Suave al tacto Lavado: en seco y en tintorer\u00eda (s\u00f3lo funda). Precio:\u00a0por coj\u00edn. Tiempo de entrega: Al ser un producto personalizado [&hellip;]<\/p>\n","protected":false},"featured_media":124817,"comment_status":"open","ping_status":"closed","template":"","meta":{"_et_pb_use_builder":"","_et_pb_old_content":"","_et_gb_content_width":""},"product_brand":[],"product_cat":[371,281,249,376,381,389,390,391],"product_tag":[156],"class_list":{"0":"post-122874","1":"product","2":"type-product","3":"status-publish","4":"has-post-thumbnail","6":"product_cat-best-sellers-aument","7":"product_cat-cojines","8":"product_cat-cojines-estampados-sin-cierre","9":"product_cat-decoravita-ofertas","10":"product_cat-globo-basis-collection-do-not-delete","11":"product_cat-perfit_best_selling_do_not_delete","12":"product_cat-perfit_created_desc_do_not_delete","13":"product_cat-perfit_price_desc_do_not_delete","14":"product_tag-cojines-estampados-sin-cierre","16":"first","17":"instock","18":"shipping-taxable","19":"purchasable","20":"product-type-variable","21":"wvs-archive-product-wrapper"},"_links":{"self":[{"href":"https:\/\/digitalmty.com.mx\/decora\/wp-json\/wp\/v2\/product\/122874","targetHints":{"allow":["GET"]}}],"collection":[{"href":"https:\/\/digitalmty.com.mx\/decora\/wp-json\/wp\/v2\/product"}],"about":[{"href":"https:\/\/digitalmty.com.mx\/decora\/wp-json\/wp\/v2\/types\/product"}],"replies":[{"embeddable":true,"href":"https:\/\/digitalmty.com.mx\/decora\/wp-json\/wp\/v2\/comments?post=122874"}],"wp:featuredmedia":[{"embeddable":true,"href":"https:\/\/digitalmty.com.mx\/decora\/wp-json\/wp\/v2\/media\/124817"}],"wp:attachment":[{"href":"https:\/\/digitalmty.com.mx\/decora\/wp-json\/wp\/v2\/media?parent=122874"}],"wp:term":[{"taxonomy":"product_brand","embeddable":true,"href":"https:\/\/digitalmty.com.mx\/decora\/wp-json\/wp\/v2\/product_brand?post=122874"},{"taxonomy":"product_cat","embeddable":true,"href":"https:\/\/digitalmty.com.mx\/decora\/wp-json\/wp\/v2\/product_cat?post=122874"},{"taxonomy":"product_tag","embeddable":true,"href":"https:\/\/digitalmty.com.mx\/decora\/wp-json\/wp\/v2\/product_tag?post=122874"}],"curies":[{"name":"wp","href":"https:\/\/api.w.org\/{rel}","templated":true}]}}