{"id":122295,"date":"2025-08-26T05:18:08","date_gmt":"2025-08-26T05:18:08","guid":{"rendered":"https:\/\/digitalmty.com.mx\/decora\/product\/cojin-rayas-2\/"},"modified":"2025-09-02T22:38:07","modified_gmt":"2025-09-02T22:38:07","slug":"cojin-rayas-2","status":"publish","type":"product","link":"https:\/\/digitalmty.com.mx\/decora\/product\/cojin-rayas-2\/","title":{"rendered":"Coj\u00edn Rayas"},"content":{"rendered":"<p>&nbsp;<\/p>\n<p data-mce-fragment=\"1\"><strong data-mce-fragment=\"1\">Material:<\/strong>\u00a0Tela importada de excelente calidad impresa 100% polyester con cierre invisible integrado.<\/p>\n<p data-mce-fragment=\"1\">Nuestro<strong data-mce-fragment=\"1\"> relleno <\/strong>es de microgel que es una espuma calidad premium suave, hipoalerg\u00e9nica y duradera. Por ser sus fibras m\u00e1s delgadas no se hace bolas ni se deforma.<\/p>\n<p data-mce-fragment=\"1\"><b data-mce-fragment=\"1\">Lavado:<\/b> en seco y en tintorer\u00eda (s\u00f3lo funda).<\/p>\n<p data-mce-fragment=\"1\"><b data-mce-fragment=\"1\">Precio:\u00a0<\/b>por coj\u00edn.<\/p>\n<p data-mce-fragment=\"1\"><b data-mce-fragment=\"1\">Tiempo de entrega: <\/b>Al ser un producto personalizado el periodo de entrega puede oscilar entre 7 a 10 d\u00edas h\u00e1biles. S\u00ed el producto est\u00e1 listo antes se enviar\u00e1 a la brevedad posible.<\/p>\n<p data-mce-fragment=\"1\">\n<blockquote data-mce-fragment=\"1\">\n<h5 data-mce-fragment=\"1\">Foto ilustrativa, los colores en el producto pueden tener m\u00ednimas variaciones.<\/h5>\n<\/blockquote>\n<p>&nbsp;<\/p>\n","protected":false},"excerpt":{"rendered":"<p>&nbsp; Material:\u00a0Tela importada de excelente calidad impresa 100% polyester con cierre invisible integrado. Nuestro relleno es de microgel que es una espuma calidad premium suave, hipoalerg\u00e9nica y duradera. Por ser sus fibras m\u00e1s delgadas no se hace bolas ni se deforma. Lavado: en seco y en tintorer\u00eda (s\u00f3lo funda). Precio:\u00a0por coj\u00edn. Tiempo de entrega: Al [&hellip;]<\/p>\n","protected":false},"featured_media":124750,"comment_status":"open","ping_status":"closed","template":"","meta":{"_et_pb_use_builder":"","_et_pb_old_content":"","_et_gb_content_width":""},"product_brand":[],"product_cat":[371,356,237,358,376,381,388,389,390,391],"product_tag":[326,84,316,317,318,319,320,321,327,328,329],"class_list":{"0":"post-122295","1":"product","2":"type-product","3":"status-publish","4":"has-post-thumbnail","6":"product_cat-best-sellers-aument","7":"product_cat-cojines-decorativos","8":"product_cat-cojines-estampados","9":"product_cat-coleccion-cojines-decorativos","10":"product_cat-decoravita-ofertas","11":"product_cat-globo-basis-collection-do-not-delete","12":"product_cat-patrones-y-cuadros","13":"product_cat-perfit_best_selling_do_not_delete","14":"product_cat-perfit_created_desc_do_not_delete","15":"product_cat-perfit_price_desc_do_not_delete","16":"product_tag-blanco","17":"product_tag-cojines-estampados","18":"product_tag-cuadrada","19":"product_tag-decora","20":"product_tag-decoracion","21":"product_tag-decorativo","22":"product_tag-decoravita","23":"product_tag-funda-de-cojin","24":"product_tag-geometrico","25":"product_tag-negro","26":"product_tag-patrones","28":"first","29":"instock","30":"shipping-taxable","31":"purchasable","32":"product-type-variable","33":"wvs-archive-product-wrapper"},"_links":{"self":[{"href":"https:\/\/digitalmty.com.mx\/decora\/wp-json\/wp\/v2\/product\/122295","targetHints":{"allow":["GET"]}}],"collection":[{"href":"https:\/\/digitalmty.com.mx\/decora\/wp-json\/wp\/v2\/product"}],"about":[{"href":"https:\/\/digitalmty.com.mx\/decora\/wp-json\/wp\/v2\/types\/product"}],"replies":[{"embeddable":true,"href":"https:\/\/digitalmty.com.mx\/decora\/wp-json\/wp\/v2\/comments?post=122295"}],"wp:featuredmedia":[{"embeddable":true,"href":"https:\/\/digitalmty.com.mx\/decora\/wp-json\/wp\/v2\/media\/124750"}],"wp:attachment":[{"href":"https:\/\/digitalmty.com.mx\/decora\/wp-json\/wp\/v2\/media?parent=122295"}],"wp:term":[{"taxonomy":"product_brand","embeddable":true,"href":"https:\/\/digitalmty.com.mx\/decora\/wp-json\/wp\/v2\/product_brand?post=122295"},{"taxonomy":"product_cat","embeddable":true,"href":"https:\/\/digitalmty.com.mx\/decora\/wp-json\/wp\/v2\/product_cat?post=122295"},{"taxonomy":"product_tag","embeddable":true,"href":"https:\/\/digitalmty.com.mx\/decora\/wp-json\/wp\/v2\/product_tag?post=122295"}],"curies":[{"name":"wp","href":"https:\/\/api.w.org\/{rel}","templated":true}]}}