{"id":121112,"date":"2025-08-26T05:15:03","date_gmt":"2025-08-26T05:15:03","guid":{"rendered":"https:\/\/digitalmty.com.mx\/decora\/product\/cojin-giza-3\/"},"modified":"2025-08-26T05:15:05","modified_gmt":"2025-08-26T05:15:05","slug":"cojin-giza-3","status":"publish","type":"product","link":"https:\/\/digitalmty.com.mx\/decora\/product\/cojin-giza-3\/","title":{"rendered":"COJIN GIZA"},"content":{"rendered":"<p data-mce-fragment=\"1\"><strong data-mce-fragment=\"1\">ENV\u00cdO GRATIS A PARTIR DE $1,499.\u00a0\u00a0<\/strong><\/p>\n<p data-mce-fragment=\"1\">\u00a0<b data-mce-fragment=\"1\">Material: <\/b>Tela impresa Importada de excelente calidad 100% polyester, con\u00a0 cierre invisible<strong data-mce-fragment=\"1\"> reforzado<\/strong> para que no se descomponga.<br data-mce-fragment=\"1\"><\/p>\n<p data-mce-fragment=\"1\"><strong data-mce-fragment=\"1\">Relleno<\/strong> de microgel calidad premium tipo algod\u00f3n, suave, hipoalerg\u00e9nico y duradero, no se hace bolas.<\/p>\n<p data-mce-fragment=\"1\"><strong data-mce-fragment=\"1\">Textura:<\/strong> Muy suave al tacto, tela impresa en terciopelo.<br data-mce-fragment=\"1\"><\/p>\n<p data-mce-fragment=\"1\"><strong data-mce-fragment=\"1\">Lavado:<\/strong> en Seco y tintorer\u00eda s\u00f3lo la funda,<\/p>\n<p data-mce-fragment=\"1\"><strong data-mce-fragment=\"1\">Precio<\/strong> por coj\u00edn, tiempo de env\u00edo de 7 a 10 d\u00edas h\u00e1biles.<\/p>\n<p data-mce-fragment=\"1\"><strong data-mce-fragment=\"1\">Pago:<\/strong> Todas las transacciones son seguras y est\u00e1n encriptadas. No almacenamos los detalles de la tarjeta de cr\u00e9dito ni tenemos acceso a la informaci\u00f3n de la misma.<br data-mce-fragment=\"1\"><\/p>\n<p data-mce-fragment=\"1\"><br data-mce-fragment=\"1\"><\/p>\n<p data-mce-fragment=\"1\"><\/p>\n<blockquote data-mce-fragment=\"1\">\n<h5 data-mce-fragment=\"1\">Foto ilustrativa, los colores en el producto pueden tener m\u00ednimas variaciones.<\/h5>\n<\/blockquote>\n","protected":false},"excerpt":{"rendered":"<p>ENV\u00cdO GRATIS A PARTIR DE $1,499.\u00a0\u00a0 \u00a0Material: Tela impresa Importada de excelente calidad 100% polyester, con\u00a0 cierre invisible reforzado para que no se descomponga. Relleno de microgel calidad premium tipo algod\u00f3n, suave, hipoalerg\u00e9nico y duradero, no se hace bolas. Textura: Muy suave al tacto, tela impresa en terciopelo. Lavado: en Seco y tintorer\u00eda s\u00f3lo la [&hellip;]<\/p>\n","protected":false},"featured_media":123370,"comment_status":"open","ping_status":"closed","template":"","meta":{"_et_pb_use_builder":"","_et_pb_old_content":"","_et_gb_content_width":""},"product_brand":[],"product_cat":[371,281,376,381,389,390,391,288],"product_tag":[153],"class_list":{"0":"post-121112","1":"product","2":"type-product","3":"status-publish","4":"has-post-thumbnail","6":"product_cat-best-sellers-aument","7":"product_cat-cojines","8":"product_cat-decoravita-ofertas","9":"product_cat-globo-basis-collection-do-not-delete","10":"product_cat-perfit_best_selling_do_not_delete","11":"product_cat-perfit_created_desc_do_not_delete","12":"product_cat-perfit_price_desc_do_not_delete","13":"product_cat-rebajas","14":"product_tag-outlet","16":"first","17":"instock","18":"shipping-taxable","19":"purchasable","20":"product-type-variable","21":"wvs-archive-product-wrapper"},"_links":{"self":[{"href":"https:\/\/digitalmty.com.mx\/decora\/wp-json\/wp\/v2\/product\/121112","targetHints":{"allow":["GET"]}}],"collection":[{"href":"https:\/\/digitalmty.com.mx\/decora\/wp-json\/wp\/v2\/product"}],"about":[{"href":"https:\/\/digitalmty.com.mx\/decora\/wp-json\/wp\/v2\/types\/product"}],"replies":[{"embeddable":true,"href":"https:\/\/digitalmty.com.mx\/decora\/wp-json\/wp\/v2\/comments?post=121112"}],"wp:featuredmedia":[{"embeddable":true,"href":"https:\/\/digitalmty.com.mx\/decora\/wp-json\/wp\/v2\/media\/123370"}],"wp:attachment":[{"href":"https:\/\/digitalmty.com.mx\/decora\/wp-json\/wp\/v2\/media?parent=121112"}],"wp:term":[{"taxonomy":"product_brand","embeddable":true,"href":"https:\/\/digitalmty.com.mx\/decora\/wp-json\/wp\/v2\/product_brand?post=121112"},{"taxonomy":"product_cat","embeddable":true,"href":"https:\/\/digitalmty.com.mx\/decora\/wp-json\/wp\/v2\/product_cat?post=121112"},{"taxonomy":"product_tag","embeddable":true,"href":"https:\/\/digitalmty.com.mx\/decora\/wp-json\/wp\/v2\/product_tag?post=121112"}],"curies":[{"name":"wp","href":"https:\/\/api.w.org\/{rel}","templated":true}]}}