{"id":120852,"date":"2025-08-26T05:14:09","date_gmt":"2025-08-26T05:14:09","guid":{"rendered":"https:\/\/digitalmty.com.mx\/decora\/product\/cojin-egla-3\/"},"modified":"2025-08-29T18:57:36","modified_gmt":"2025-08-29T18:57:36","slug":"cojin-egla-3","status":"publish","type":"product","link":"https:\/\/digitalmty.com.mx\/decora\/product\/cojin-egla-3\/","title":{"rendered":"COJIN EGLA"},"content":{"rendered":"<p><span>Telas de excelente calidad.<\/span><\/p>\n<p><strong data-mce-fragment=\"1\"><span style=\"text-decoration: underline;\">RELLENO, PUEDES ELEGIR EL QUE M\u00c1S TE AGRADE:<\/span><br \/>\n<\/strong><\/p>\n<p><strong>Fibragel:\u00a0<\/strong>Textura Suave. Relleno Sogn\u00bbare.<\/p>\n<p><strong>Microgel: <\/strong>Textura suave en funda blanca, relleno almohada sogn\u00bbare<\/p>\n<p><strong>Tipo Pluma de Ganso:<\/strong> Textura extra suave en funda blanca calidad premium, con una excelente caida, Simplemente Exquisito!<\/p>\n<p data-mce-fragment=\"1\"><strong data-mce-fragment=\"1\">Lavado:<\/strong> en Seco y tintorer\u00eda s\u00f3lo la funda,<\/p>\n<p data-mce-fragment=\"1\"><b>Env\u00edo:\u00a0 7 a 10 d\u00edas h\u00e1biles si est\u00e1n antes se enviaran a la brevedad!<\/b><\/p>\n<blockquote data-mce-fragment=\"1\">\n<h5 data-mce-fragment=\"1\">Foto ilustrativa, los colores en el producto pueden tener m\u00ednimas variaciones.<\/h5>\n<\/blockquote>\n","protected":false},"excerpt":{"rendered":"<p>Telas de excelente calidad. RELLENO, PUEDES ELEGIR EL QUE M\u00c1S TE AGRADE: Fibragel:\u00a0Textura Suave. Relleno Sogn\u00bbare. Microgel: Textura suave en funda blanca, relleno almohada sogn\u00bbare Tipo Pluma de Ganso: Textura extra suave en funda blanca calidad premium, con una excelente caida, Simplemente Exquisito! Lavado: en Seco y tintorer\u00eda s\u00f3lo la funda, Env\u00edo:\u00a0 7 a 10 [&hellip;]<\/p>\n","protected":false},"featured_media":122939,"comment_status":"open","ping_status":"closed","template":"","meta":{"_et_pb_use_builder":"","_et_pb_old_content":"","_et_gb_content_width":""},"product_brand":[],"product_cat":[371,281,238,376,381,389,390,391],"product_tag":[86],"class_list":{"0":"post-120852","1":"product","2":"type-product","3":"status-publish","4":"has-post-thumbnail","6":"product_cat-best-sellers-aument","7":"product_cat-cojines","8":"product_cat-cojines-lisos","9":"product_cat-decoravita-ofertas","10":"product_cat-globo-basis-collection-do-not-delete","11":"product_cat-perfit_best_selling_do_not_delete","12":"product_cat-perfit_created_desc_do_not_delete","13":"product_cat-perfit_price_desc_do_not_delete","14":"product_tag-cojines-lisos","16":"first","17":"instock","18":"shipping-taxable","19":"purchasable","20":"product-type-variable","21":"wvs-archive-product-wrapper"},"_links":{"self":[{"href":"https:\/\/digitalmty.com.mx\/decora\/wp-json\/wp\/v2\/product\/120852","targetHints":{"allow":["GET"]}}],"collection":[{"href":"https:\/\/digitalmty.com.mx\/decora\/wp-json\/wp\/v2\/product"}],"about":[{"href":"https:\/\/digitalmty.com.mx\/decora\/wp-json\/wp\/v2\/types\/product"}],"replies":[{"embeddable":true,"href":"https:\/\/digitalmty.com.mx\/decora\/wp-json\/wp\/v2\/comments?post=120852"}],"wp:featuredmedia":[{"embeddable":true,"href":"https:\/\/digitalmty.com.mx\/decora\/wp-json\/wp\/v2\/media\/122939"}],"wp:attachment":[{"href":"https:\/\/digitalmty.com.mx\/decora\/wp-json\/wp\/v2\/media?parent=120852"}],"wp:term":[{"taxonomy":"product_brand","embeddable":true,"href":"https:\/\/digitalmty.com.mx\/decora\/wp-json\/wp\/v2\/product_brand?post=120852"},{"taxonomy":"product_cat","embeddable":true,"href":"https:\/\/digitalmty.com.mx\/decora\/wp-json\/wp\/v2\/product_cat?post=120852"},{"taxonomy":"product_tag","embeddable":true,"href":"https:\/\/digitalmty.com.mx\/decora\/wp-json\/wp\/v2\/product_tag?post=120852"}],"curies":[{"name":"wp","href":"https:\/\/api.w.org\/{rel}","templated":true}]}}