{"id":120627,"date":"2025-08-26T05:13:33","date_gmt":"2025-08-26T05:13:33","guid":{"rendered":"https:\/\/digitalmty.com.mx\/decora\/product\/cojin-con-letras-2\/"},"modified":"2025-08-26T05:13:33","modified_gmt":"2025-08-26T05:13:33","slug":"cojin-con-letras-2","status":"publish","type":"product","link":"https:\/\/digitalmty.com.mx\/decora\/product\/cojin-con-letras-2\/","title":{"rendered":"Coj\u00edn con letras"},"content":{"rendered":"<p>\u00a0<strong data-mce-fragment=\"1\">ENV\u00cdO GRATIS A PARTIR DE $999.\u00a0\u00a0<\/strong><\/p>\n<p data-mce-fragment=\"1\">\u00a0<\/p>\n<p data-mce-fragment=\"1\"><b data-mce-fragment=\"1\">Material: <\/b>Tela Importada de excelente calidad 100% polyester, con\u00a0 cierre invisible.<\/p>\n<p><strong data-mce-fragment=\"1\">Relleno<\/strong> integrado de microgel tipo algod\u00f3n, suave, hipoalerg\u00e9nico y duradero, no se hace bolas.<\/p>\n<p data-mce-fragment=\"1\"><strong data-mce-fragment=\"1\">Textura:<\/strong> Suave, r\u00fastico.<\/p>\n<p data-mce-fragment=\"1\"><strong data-mce-fragment=\"1\">Lavado:<\/strong> en Seco y tintorer\u00eda s\u00f3lo la funda,<\/p>\n<p data-mce-fragment=\"1\"><strong data-mce-fragment=\"1\">Precio<\/strong> por coj\u00edn, tiempo de env\u00edo de 7 a 10 d\u00edas h\u00e1biles.<\/p>\n<p data-mce-fragment=\"1\"><strong data-mce-fragment=\"1\">Pago:<\/strong> Todas las transacciones son seguras y est\u00e1n encriptadas. No almacenamos los detalles de la tarjeta de cr\u00e9dito ni tenemos acceso a la informaci\u00f3n de su tarjeta de cr\u00e9dito<\/p>\n<p><strong data-mce-fragment=\"1\">Pagos:<\/strong> Paypal, Mercado Pago, Transferencias, Pago en Oxxo.<br data-mce-fragment=\"1\"><\/p>\n<p data-mce-fragment=\"1\">\u00a0<\/p>\n<blockquote data-mce-fragment=\"1\">\n<h5 data-mce-fragment=\"1\">Foto ilustrativa, los colores en el producto pueden tener m\u00ednimas variaciones.<\/h5>\n<\/blockquote>\n<p><\/p>\n","protected":false},"excerpt":{"rendered":"<p>\u00a0ENV\u00cdO GRATIS A PARTIR DE $999.\u00a0\u00a0 \u00a0 Material: Tela Importada de excelente calidad 100% polyester, con\u00a0 cierre invisible. Relleno integrado de microgel tipo algod\u00f3n, suave, hipoalerg\u00e9nico y duradero, no se hace bolas. Textura: Suave, r\u00fastico. Lavado: en Seco y tintorer\u00eda s\u00f3lo la funda, Precio por coj\u00edn, tiempo de env\u00edo de 7 a 10 d\u00edas h\u00e1biles. [&hellip;]<\/p>\n","protected":false},"featured_media":122314,"comment_status":"open","ping_status":"closed","template":"","meta":{"_et_pb_use_builder":"","_et_pb_old_content":"","_et_gb_content_width":""},"product_brand":[],"product_cat":[371,356,358,376,381,362,388,389,390,391,288],"product_tag":[335,326,316,317,318,319,320,321,327,328,153],"class_list":{"0":"post-120627","1":"product","2":"type-product","3":"status-publish","4":"has-post-thumbnail","6":"product_cat-best-sellers-aument","7":"product_cat-cojines-decorativos","8":"product_cat-coleccion-cojines-decorativos","9":"product_cat-decoravita-ofertas","10":"product_cat-globo-basis-collection-do-not-delete","11":"product_cat-oferta-especial-del-mes","12":"product_cat-patrones-y-cuadros","13":"product_cat-perfit_best_selling_do_not_delete","14":"product_cat-perfit_created_desc_do_not_delete","15":"product_cat-perfit_price_desc_do_not_delete","16":"product_cat-rebajas","17":"product_tag-a-cuadros","18":"product_tag-blanco","19":"product_tag-cuadrada","20":"product_tag-decora","21":"product_tag-decoracion","22":"product_tag-decorativo","23":"product_tag-decoravita","24":"product_tag-funda-de-cojin","25":"product_tag-geometrico","26":"product_tag-negro","27":"product_tag-outlet","29":"first","30":"instock","31":"shipping-taxable","32":"purchasable","33":"product-type-simple"},"_links":{"self":[{"href":"https:\/\/digitalmty.com.mx\/decora\/wp-json\/wp\/v2\/product\/120627","targetHints":{"allow":["GET"]}}],"collection":[{"href":"https:\/\/digitalmty.com.mx\/decora\/wp-json\/wp\/v2\/product"}],"about":[{"href":"https:\/\/digitalmty.com.mx\/decora\/wp-json\/wp\/v2\/types\/product"}],"replies":[{"embeddable":true,"href":"https:\/\/digitalmty.com.mx\/decora\/wp-json\/wp\/v2\/comments?post=120627"}],"wp:featuredmedia":[{"embeddable":true,"href":"https:\/\/digitalmty.com.mx\/decora\/wp-json\/wp\/v2\/media\/122314"}],"wp:attachment":[{"href":"https:\/\/digitalmty.com.mx\/decora\/wp-json\/wp\/v2\/media?parent=120627"}],"wp:term":[{"taxonomy":"product_brand","embeddable":true,"href":"https:\/\/digitalmty.com.mx\/decora\/wp-json\/wp\/v2\/product_brand?post=120627"},{"taxonomy":"product_cat","embeddable":true,"href":"https:\/\/digitalmty.com.mx\/decora\/wp-json\/wp\/v2\/product_cat?post=120627"},{"taxonomy":"product_tag","embeddable":true,"href":"https:\/\/digitalmty.com.mx\/decora\/wp-json\/wp\/v2\/product_tag?post=120627"}],"curies":[{"name":"wp","href":"https:\/\/api.w.org\/{rel}","templated":true}]}}