{"id":120383,"date":"2025-08-26T05:12:51","date_gmt":"2025-08-26T05:12:51","guid":{"rendered":"https:\/\/digitalmty.com.mx\/decora\/product\/cojin-bordado-grecas-amarillo-2\/"},"modified":"2025-08-26T05:12:52","modified_gmt":"2025-08-26T05:12:52","slug":"cojin-bordado-grecas-amarillo-2","status":"publish","type":"product","link":"https:\/\/digitalmty.com.mx\/decora\/product\/cojin-bordado-grecas-amarillo-2\/","title":{"rendered":"Coj\u00edn Bordado Grecas Amarillo"},"content":{"rendered":"<p><\/p>\n<p data-mce-fragment=\"1\"><strong data-mce-fragment=\"1\">Material:<\/strong>\u00a0Tela importada de excelente calidad polyester y algod\u00f3n bordado con cierre invisible integrado.<\/p>\n<p data-mce-fragment=\"1\">Nuestro<strong> relleno <\/strong>es<strong> <\/strong>de microgel, que es una espuma calidad premium suave, hipoalerg\u00e9nica y duradera. Por ser sus fibras m\u00e1s delgadas no se hace bolas ni se deforma.<\/p>\n<p data-mce-fragment=\"1\"><b data-mce-fragment=\"1\">Lavado:<\/b> en seco y en tintorer\u00eda (s\u00f3lo funda).<\/p>\n<p data-mce-fragment=\"1\"><b data-mce-fragment=\"1\">Precio:\u00a0<\/b>por coj\u00edn.<br data-mce-fragment=\"1\"><\/p>\n<p data-mce-fragment=\"1\"><b data-mce-fragment=\"1\">Tiempo de entrega:<span data-mce-fragment=\"1\"> <\/span><\/b>Al ser un producto personalizado el periodo de entrega puede oscilar entre 7 a 10 d\u00edas h\u00e1biles. S\u00ed el producto est\u00e1 listo antes se enviar\u00e1 a la brevedad posible.<\/p>\n<p><br data-mce-fragment=\"1\"><\/p>\n<blockquote data-mce-fragment=\"1\">\n<h5 data-mce-fragment=\"1\">Foto ilustrativa, los colores en el producto pueden tener m\u00ednimas variaciones.<\/h5>\n<\/blockquote>\n<p><\/p>\n","protected":false},"excerpt":{"rendered":"<p>Material:\u00a0Tela importada de excelente calidad polyester y algod\u00f3n bordado con cierre invisible integrado. Nuestro relleno es de microgel, que es una espuma calidad premium suave, hipoalerg\u00e9nica y duradera. Por ser sus fibras m\u00e1s delgadas no se hace bolas ni se deforma. Lavado: en seco y en tintorer\u00eda (s\u00f3lo funda). Precio:\u00a0por coj\u00edn. Tiempo de entrega: Al [&hellip;]<\/p>\n","protected":false},"featured_media":121819,"comment_status":"open","ping_status":"closed","template":"","meta":{"_et_pb_use_builder":"","_et_pb_old_content":"","_et_gb_content_width":""},"product_brand":[],"product_cat":[356,358,381],"product_tag":[333,315,84,316,317,318,319,320,321],"class_list":{"0":"post-120383","1":"product","2":"type-product","3":"status-publish","4":"has-post-thumbnail","6":"product_cat-cojines-decorativos","7":"product_cat-coleccion-cojines-decorativos","8":"product_cat-globo-basis-collection-do-not-delete","9":"product_tag-amarillo","10":"product_tag-bordado","11":"product_tag-cojines-estampados","12":"product_tag-cuadrada","13":"product_tag-decora","14":"product_tag-decoracion","15":"product_tag-decorativo","16":"product_tag-decoravita","17":"product_tag-funda-de-cojin","19":"first","20":"outofstock","21":"shipping-taxable","22":"purchasable","23":"product-type-simple"},"_links":{"self":[{"href":"https:\/\/digitalmty.com.mx\/decora\/wp-json\/wp\/v2\/product\/120383","targetHints":{"allow":["GET"]}}],"collection":[{"href":"https:\/\/digitalmty.com.mx\/decora\/wp-json\/wp\/v2\/product"}],"about":[{"href":"https:\/\/digitalmty.com.mx\/decora\/wp-json\/wp\/v2\/types\/product"}],"replies":[{"embeddable":true,"href":"https:\/\/digitalmty.com.mx\/decora\/wp-json\/wp\/v2\/comments?post=120383"}],"wp:featuredmedia":[{"embeddable":true,"href":"https:\/\/digitalmty.com.mx\/decora\/wp-json\/wp\/v2\/media\/121819"}],"wp:attachment":[{"href":"https:\/\/digitalmty.com.mx\/decora\/wp-json\/wp\/v2\/media?parent=120383"}],"wp:term":[{"taxonomy":"product_brand","embeddable":true,"href":"https:\/\/digitalmty.com.mx\/decora\/wp-json\/wp\/v2\/product_brand?post=120383"},{"taxonomy":"product_cat","embeddable":true,"href":"https:\/\/digitalmty.com.mx\/decora\/wp-json\/wp\/v2\/product_cat?post=120383"},{"taxonomy":"product_tag","embeddable":true,"href":"https:\/\/digitalmty.com.mx\/decora\/wp-json\/wp\/v2\/product_tag?post=120383"}],"curies":[{"name":"wp","href":"https:\/\/api.w.org\/{rel}","templated":true}]}}