{"id":120248,"date":"2025-08-26T05:12:25","date_gmt":"2025-08-26T05:12:25","guid":{"rendered":"https:\/\/digitalmty.com.mx\/decora\/product\/cojin-belagio-3\/"},"modified":"2025-08-26T05:12:26","modified_gmt":"2025-08-26T05:12:26","slug":"cojin-belagio-3","status":"publish","type":"product","link":"https:\/\/digitalmty.com.mx\/decora\/product\/cojin-belagio-3\/","title":{"rendered":"COJIN BELAGIO"},"content":{"rendered":"<p><span data-mce-style=\"text-decoration: underline;\">Telas de excelente calidad con<strong> cierre<\/strong> completamente invisible.<\/span><\/p>\n<p><strong data-mce-fragment=\"1\"><span style=\"text-decoration: underline;\" data-mce-style=\"text-decoration: underline;\">RELLENO, PUEDES ELEGIR EL QUE M\u00c1S TE AGRADE:<\/span><br \/><\/strong><\/p>\n<p><strong>Fibragel:\u00a0<\/strong>Textura Semifirme.<\/p>\n<p><strong>Microgel: <\/strong>Textura<strong> <\/strong>Suavecito calidad premium\u00a0<strong>en funda blanca<\/strong>, hipoalerg\u00e9nico y duradero. Tipo Pluma de Ganso.<\/p>\n<p data-mce-fragment=\"1\"><strong data-mce-fragment=\"1\">Lavado:<\/strong> en Seco y tintorer\u00eda s\u00f3lo la funda.<\/p>\n<p data-mce-fragment=\"1\"><b>Env\u00edo:\u00a0 7 a 10 d\u00edas h\u00e1biles si est\u00e1n antes se enviaran a la brevedad!<\/b><\/p>\n<p data-mce-fragment=\"1\">\u00a0<\/p>\n<blockquote data-mce-fragment=\"1\">\n<h5 data-mce-fragment=\"1\">Foto ilustrativa, los colores en el producto pueden tener m\u00ednimas variaciones.<\/h5>\n<\/blockquote>\n<blockquote data-mce-fragment=\"1\">\n<h5 data-mce-fragment=\"1\"><\/h5>\n<\/blockquote>\n<p><!----><\/p>\n","protected":false},"excerpt":{"rendered":"<p>Telas de excelente calidad con cierre completamente invisible. RELLENO, PUEDES ELEGIR EL QUE M\u00c1S TE AGRADE: Fibragel:\u00a0Textura Semifirme. Microgel: Textura Suavecito calidad premium\u00a0en funda blanca, hipoalerg\u00e9nico y duradero. Tipo Pluma de Ganso. Lavado: en Seco y tintorer\u00eda s\u00f3lo la funda. Env\u00edo:\u00a0 7 a 10 d\u00edas h\u00e1biles si est\u00e1n antes se enviaran a la brevedad! \u00a0 [&hellip;]<\/p>\n","protected":false},"featured_media":121339,"comment_status":"open","ping_status":"closed","template":"","meta":{"_et_pb_use_builder":"","_et_pb_old_content":"","_et_gb_content_width":""},"product_brand":[],"product_cat":[281,381],"product_tag":[84],"class_list":{"0":"post-120248","1":"product","2":"type-product","3":"status-publish","4":"has-post-thumbnail","6":"product_cat-cojines","7":"product_cat-globo-basis-collection-do-not-delete","8":"product_tag-cojines-estampados","10":"first","11":"outofstock","12":"shipping-taxable","13":"purchasable","14":"product-type-variable","15":"wvs-archive-product-wrapper"},"_links":{"self":[{"href":"https:\/\/digitalmty.com.mx\/decora\/wp-json\/wp\/v2\/product\/120248","targetHints":{"allow":["GET"]}}],"collection":[{"href":"https:\/\/digitalmty.com.mx\/decora\/wp-json\/wp\/v2\/product"}],"about":[{"href":"https:\/\/digitalmty.com.mx\/decora\/wp-json\/wp\/v2\/types\/product"}],"replies":[{"embeddable":true,"href":"https:\/\/digitalmty.com.mx\/decora\/wp-json\/wp\/v2\/comments?post=120248"}],"wp:featuredmedia":[{"embeddable":true,"href":"https:\/\/digitalmty.com.mx\/decora\/wp-json\/wp\/v2\/media\/121339"}],"wp:attachment":[{"href":"https:\/\/digitalmty.com.mx\/decora\/wp-json\/wp\/v2\/media?parent=120248"}],"wp:term":[{"taxonomy":"product_brand","embeddable":true,"href":"https:\/\/digitalmty.com.mx\/decora\/wp-json\/wp\/v2\/product_brand?post=120248"},{"taxonomy":"product_cat","embeddable":true,"href":"https:\/\/digitalmty.com.mx\/decora\/wp-json\/wp\/v2\/product_cat?post=120248"},{"taxonomy":"product_tag","embeddable":true,"href":"https:\/\/digitalmty.com.mx\/decora\/wp-json\/wp\/v2\/product_tag?post=120248"}],"curies":[{"name":"wp","href":"https:\/\/api.w.org\/{rel}","templated":true}]}}