{"id":120027,"date":"2025-08-26T05:11:45","date_gmt":"2025-08-26T05:11:45","guid":{"rendered":"https:\/\/digitalmty.com.mx\/decora\/product\/cojin-ancestry-3\/"},"modified":"2025-08-26T05:11:49","modified_gmt":"2025-08-26T05:11:49","slug":"cojin-ancestry-3","status":"publish","type":"product","link":"https:\/\/digitalmty.com.mx\/decora\/product\/cojin-ancestry-3\/","title":{"rendered":"Cojin Ancestry"},"content":{"rendered":"<p data-mce-fragment=\"1\"><strong data-mce-fragment=\"1\">ENV\u00cdO GRATIS A PARTIR DE $1199.\u00a0\u00a0<\/strong><\/p>\n<p data-mce-fragment=\"1\">\u00a0<b data-mce-fragment=\"1\">Material: <\/b>Tela 100% polyster con cierre invisible integrado.<\/p>\n<p data-mce-fragment=\"1\"><strong data-mce-fragment=\"1\">Relleno<\/strong> de microgel tipo algod\u00f3n, suave, hipoalerg\u00e9nico y duradero, no se hace bolas.<\/p>\n<p data-mce-fragment=\"1\"><strong data-mce-fragment=\"1\">Textura:<\/strong> Suave al tacto.<\/p>\n<p data-mce-fragment=\"1\"><strong data-mce-fragment=\"1\">Lavado:<\/strong> en Seco\/tintorer\u00eda s\u00f3lo la funda,<\/p>\n<p data-mce-fragment=\"1\"><strong data-mce-fragment=\"1\">Precio<\/strong> por coj\u00edn, tiempo de env\u00edo de 7 a 10 d\u00edas h\u00e1biles.<\/p>\n<p data-mce-fragment=\"1\"><strong data-mce-fragment=\"1\">Pago:<\/strong> Todas las transacciones son seguras y est\u00e1n encriptadas. No almacenamos los detalles de la tarjeta de cr\u00e9dito ni tenemos acceso a la informaci\u00f3n de la misma.<\/p>\n<p data-mce-fragment=\"1\">\u00a0<\/p>\n<p data-mce-fragment=\"1\">\u00a0<\/p>\n<blockquote data-mce-fragment=\"1\">\n<h5 data-mce-fragment=\"1\">Foto ilustrativa, los colores en el producto pueden tener m\u00ednimas variaciones.<\/h5>\n<\/blockquote>\n<p data-mce-fragment=\"1\">\u00a0<\/p>\n","protected":false},"excerpt":{"rendered":"<p>ENV\u00cdO GRATIS A PARTIR DE $1199.\u00a0\u00a0 \u00a0Material: Tela 100% polyster con cierre invisible integrado. Relleno de microgel tipo algod\u00f3n, suave, hipoalerg\u00e9nico y duradero, no se hace bolas. Textura: Suave al tacto. Lavado: en Seco\/tintorer\u00eda s\u00f3lo la funda, Precio por coj\u00edn, tiempo de env\u00edo de 7 a 10 d\u00edas h\u00e1biles. Pago: Todas las transacciones son seguras [&hellip;]<\/p>\n","protected":false},"featured_media":120940,"comment_status":"open","ping_status":"closed","template":"","meta":{"_et_pb_use_builder":"","_et_pb_old_content":"","_et_gb_content_width":""},"product_brand":[],"product_cat":[281,381],"product_tag":[84],"class_list":{"0":"post-120027","1":"product","2":"type-product","3":"status-publish","4":"has-post-thumbnail","6":"product_cat-cojines","7":"product_cat-globo-basis-collection-do-not-delete","8":"product_tag-cojines-estampados","10":"first","11":"outofstock","12":"shipping-taxable","13":"purchasable","14":"product-type-variable","15":"wvs-archive-product-wrapper"},"_links":{"self":[{"href":"https:\/\/digitalmty.com.mx\/decora\/wp-json\/wp\/v2\/product\/120027","targetHints":{"allow":["GET"]}}],"collection":[{"href":"https:\/\/digitalmty.com.mx\/decora\/wp-json\/wp\/v2\/product"}],"about":[{"href":"https:\/\/digitalmty.com.mx\/decora\/wp-json\/wp\/v2\/types\/product"}],"replies":[{"embeddable":true,"href":"https:\/\/digitalmty.com.mx\/decora\/wp-json\/wp\/v2\/comments?post=120027"}],"wp:featuredmedia":[{"embeddable":true,"href":"https:\/\/digitalmty.com.mx\/decora\/wp-json\/wp\/v2\/media\/120940"}],"wp:attachment":[{"href":"https:\/\/digitalmty.com.mx\/decora\/wp-json\/wp\/v2\/media?parent=120027"}],"wp:term":[{"taxonomy":"product_brand","embeddable":true,"href":"https:\/\/digitalmty.com.mx\/decora\/wp-json\/wp\/v2\/product_brand?post=120027"},{"taxonomy":"product_cat","embeddable":true,"href":"https:\/\/digitalmty.com.mx\/decora\/wp-json\/wp\/v2\/product_cat?post=120027"},{"taxonomy":"product_tag","embeddable":true,"href":"https:\/\/digitalmty.com.mx\/decora\/wp-json\/wp\/v2\/product_tag?post=120027"}],"curies":[{"name":"wp","href":"https:\/\/api.w.org\/{rel}","templated":true}]}}