{"id":119903,"date":"2025-08-26T05:11:26","date_gmt":"2025-08-26T05:11:26","guid":{"rendered":"https:\/\/digitalmty.com.mx\/decora\/product\/brenuck-2\/"},"modified":"2025-08-27T21:42:40","modified_gmt":"2025-08-27T21:42:40","slug":"brenuck-2","status":"publish","type":"product","link":"https:\/\/digitalmty.com.mx\/decora\/product\/brenuck-2\/","title":{"rendered":"Brenuck"},"content":{"rendered":"<p><strong data-mce-fragment=\"1\">ENV\u00cdO GRATIS A PARTIR DE $999.\u00a0\u00a0<\/strong><\/p>\n<p><b data-mce-fragment=\"1\">Material: <\/b>Lino Importado de excelente calidad 100% polyester, con\u00a0 cierre invisible integrado.<\/p>\n<p><strong data-mce-fragment=\"1\">Relleno<\/strong> de microgel calidad premium tipo algod\u00f3n, suave, hipoalerg\u00e9nico y duradero, no se hace bolas.<\/p>\n<p data-mce-fragment=\"1\"><strong data-mce-fragment=\"1\">Textura:<\/strong> Suave, r\u00fastico.<\/p>\n<p data-mce-fragment=\"1\"><strong data-mce-fragment=\"1\">Lavado:<\/strong> en Seco y tintorer\u00eda s\u00f3lo la funda,<\/p>\n<p data-mce-fragment=\"1\"><strong data-mce-fragment=\"1\">Precio<\/strong> por coj\u00edn, tiempo de env\u00edo de 7 a 10 d\u00edas h\u00e1biles.<\/p>\n<p data-mce-fragment=\"1\"><strong data-mce-fragment=\"1\">Pago:<\/strong> Todas las transacciones son seguras y est\u00e1n encriptadas. No almacenamos los detalles de la tarjeta de cr\u00e9dito ni tenemos acceso a la informaci\u00f3n de su tarjeta de cr\u00e9dito<\/p>\n<p><strong data-mce-fragment=\"1\">Pagos:<\/strong> Paypal, Mercado Pago, Transferencias, Pago en Oxxo.<\/p>\n<blockquote data-mce-fragment=\"1\">\n<h5 data-mce-fragment=\"1\">Foto ilustrativa, los colores en el producto pueden tener m\u00ednimas variaciones.<\/h5>\n<\/blockquote>\n<p>&nbsp;<\/p>\n","protected":false},"excerpt":{"rendered":"<p>ENV\u00cdO GRATIS A PARTIR DE $999.\u00a0\u00a0 Material: Lino Importado de excelente calidad 100% polyester, con\u00a0 cierre invisible integrado. Relleno de microgel calidad premium tipo algod\u00f3n, suave, hipoalerg\u00e9nico y duradero, no se hace bolas. Textura: Suave, r\u00fastico. Lavado: en Seco y tintorer\u00eda s\u00f3lo la funda, Precio por coj\u00edn, tiempo de env\u00edo de 7 a 10 d\u00edas [&hellip;]<\/p>\n","protected":false},"featured_media":120134,"comment_status":"open","ping_status":"closed","template":"","meta":{"_et_pb_use_builder":"","_et_pb_old_content":"","_et_gb_content_width":""},"product_brand":[],"product_cat":[371,356,376,381,362,389,390,391,288],"product_tag":[322,323,316,318,319,320,321,153],"class_list":{"0":"post-119903","1":"product","2":"type-product","3":"status-publish","4":"has-post-thumbnail","6":"product_cat-best-sellers-aument","7":"product_cat-cojines-decorativos","8":"product_cat-decoravita-ofertas","9":"product_cat-globo-basis-collection-do-not-delete","10":"product_cat-oferta-especial-del-mes","11":"product_cat-perfit_best_selling_do_not_delete","12":"product_cat-perfit_created_desc_do_not_delete","13":"product_cat-perfit_price_desc_do_not_delete","14":"product_cat-rebajas","15":"product_tag-cojin","16":"product_tag-cojin-decorativo","17":"product_tag-cuadrada","18":"product_tag-decoracion","19":"product_tag-decorativo","20":"product_tag-decoravita","21":"product_tag-funda-de-cojin","22":"product_tag-outlet","24":"first","25":"instock","26":"shipping-taxable","27":"purchasable","28":"product-type-variable","29":"wvs-archive-product-wrapper"},"_links":{"self":[{"href":"https:\/\/digitalmty.com.mx\/decora\/wp-json\/wp\/v2\/product\/119903","targetHints":{"allow":["GET"]}}],"collection":[{"href":"https:\/\/digitalmty.com.mx\/decora\/wp-json\/wp\/v2\/product"}],"about":[{"href":"https:\/\/digitalmty.com.mx\/decora\/wp-json\/wp\/v2\/types\/product"}],"replies":[{"embeddable":true,"href":"https:\/\/digitalmty.com.mx\/decora\/wp-json\/wp\/v2\/comments?post=119903"}],"wp:featuredmedia":[{"embeddable":true,"href":"https:\/\/digitalmty.com.mx\/decora\/wp-json\/wp\/v2\/media\/120134"}],"wp:attachment":[{"href":"https:\/\/digitalmty.com.mx\/decora\/wp-json\/wp\/v2\/media?parent=119903"}],"wp:term":[{"taxonomy":"product_brand","embeddable":true,"href":"https:\/\/digitalmty.com.mx\/decora\/wp-json\/wp\/v2\/product_brand?post=119903"},{"taxonomy":"product_cat","embeddable":true,"href":"https:\/\/digitalmty.com.mx\/decora\/wp-json\/wp\/v2\/product_cat?post=119903"},{"taxonomy":"product_tag","embeddable":true,"href":"https:\/\/digitalmty.com.mx\/decora\/wp-json\/wp\/v2\/product_tag?post=119903"}],"curies":[{"name":"wp","href":"https:\/\/api.w.org\/{rel}","templated":true}]}}