{"id":119895,"date":"2025-08-26T05:11:20","date_gmt":"2025-08-26T05:11:20","guid":{"rendered":"https:\/\/digitalmty.com.mx\/decora\/product\/bordado-3\/"},"modified":"2025-08-27T21:31:29","modified_gmt":"2025-08-27T21:31:29","slug":"bordado-3","status":"publish","type":"product","link":"https:\/\/digitalmty.com.mx\/decora\/product\/bordado-3\/","title":{"rendered":"Bordado"},"content":{"rendered":"<p>&nbsp;<\/p>\n<p data-mce-fragment=\"1\"><strong data-mce-fragment=\"1\">Material:<\/strong>\u00a0Tela importada de excelente calidad polyester y algod\u00f3n bordado con cierre invisible integrado.<\/p>\n<p data-mce-fragment=\"1\">Nuestro<strong data-mce-fragment=\"1\"> relleno <\/strong>es de microgel, que es una espuma calidad premium suave, hipoalerg\u00e9nica y duradera. Por ser sus fibras m\u00e1s delgadas no se hace bolas ni se deforma.<\/p>\n<p data-mce-fragment=\"1\"><b data-mce-fragment=\"1\">Lavado:<\/b> en seco y en tintorer\u00eda (s\u00f3lo funda).<\/p>\n<p data-mce-fragment=\"1\"><b data-mce-fragment=\"1\">Precio:\u00a0<\/b>por coj\u00edn.<\/p>\n<p data-mce-fragment=\"1\"><b data-mce-fragment=\"1\">Tiempo de entrega: <\/b>Al ser un producto personalizado el periodo de entrega puede oscilar entre 7 a 10 d\u00edas h\u00e1biles. S\u00ed el producto est\u00e1 listo antes se enviar\u00e1 a la brevedad posible.<\/p>\n<blockquote data-mce-fragment=\"1\">\n<h5 data-mce-fragment=\"1\">Foto ilustrativa, los colores en el producto pueden tener m\u00ednimas variaciones.<\/h5>\n<\/blockquote>\n<p>&nbsp;<\/p>\n","protected":false},"excerpt":{"rendered":"<p>&nbsp; Material:\u00a0Tela importada de excelente calidad polyester y algod\u00f3n bordado con cierre invisible integrado. Nuestro relleno es de microgel, que es una espuma calidad premium suave, hipoalerg\u00e9nica y duradera. Por ser sus fibras m\u00e1s delgadas no se hace bolas ni se deforma. Lavado: en seco y en tintorer\u00eda (s\u00f3lo funda). Precio:\u00a0por coj\u00edn. Tiempo de entrega: [&hellip;]<\/p>\n","protected":false},"featured_media":119960,"comment_status":"open","ping_status":"closed","template":"","meta":{"_et_pb_use_builder":"","_et_pb_old_content":"","_et_gb_content_width":""},"product_brand":[],"product_cat":[356,381,288],"product_tag":[314,315,316,317,318,319,320,321,153],"class_list":{"0":"post-119895","1":"product","2":"type-product","3":"status-publish","4":"has-post-thumbnail","6":"product_cat-cojines-decorativos","7":"product_cat-globo-basis-collection-do-not-delete","8":"product_cat-rebajas","9":"product_tag-azul","10":"product_tag-bordado","11":"product_tag-cuadrada","12":"product_tag-decora","13":"product_tag-decoracion","14":"product_tag-decorativo","15":"product_tag-decoravita","16":"product_tag-funda-de-cojin","17":"product_tag-outlet","19":"first","20":"outofstock","21":"shipping-taxable","22":"purchasable","23":"product-type-variable","24":"wvs-archive-product-wrapper"},"_links":{"self":[{"href":"https:\/\/digitalmty.com.mx\/decora\/wp-json\/wp\/v2\/product\/119895","targetHints":{"allow":["GET"]}}],"collection":[{"href":"https:\/\/digitalmty.com.mx\/decora\/wp-json\/wp\/v2\/product"}],"about":[{"href":"https:\/\/digitalmty.com.mx\/decora\/wp-json\/wp\/v2\/types\/product"}],"replies":[{"embeddable":true,"href":"https:\/\/digitalmty.com.mx\/decora\/wp-json\/wp\/v2\/comments?post=119895"}],"wp:featuredmedia":[{"embeddable":true,"href":"https:\/\/digitalmty.com.mx\/decora\/wp-json\/wp\/v2\/media\/119960"}],"wp:attachment":[{"href":"https:\/\/digitalmty.com.mx\/decora\/wp-json\/wp\/v2\/media?parent=119895"}],"wp:term":[{"taxonomy":"product_brand","embeddable":true,"href":"https:\/\/digitalmty.com.mx\/decora\/wp-json\/wp\/v2\/product_brand?post=119895"},{"taxonomy":"product_cat","embeddable":true,"href":"https:\/\/digitalmty.com.mx\/decora\/wp-json\/wp\/v2\/product_cat?post=119895"},{"taxonomy":"product_tag","embeddable":true,"href":"https:\/\/digitalmty.com.mx\/decora\/wp-json\/wp\/v2\/product_tag?post=119895"}],"curies":[{"name":"wp","href":"https:\/\/api.w.org\/{rel}","templated":true}]}}