{"id":119714,"date":"2025-08-26T00:11:45","date_gmt":"2025-08-26T00:11:45","guid":{"rendered":"https:\/\/digitalmty.com.mx\/decora\/?post_type=product&#038;p=119714"},"modified":"2025-08-26T00:11:45","modified_gmt":"2025-08-26T00:11:45","slug":"cojin-galaxy-3","status":"publish","type":"product","link":"https:\/\/digitalmty.com.mx\/decora\/product\/cojin-galaxy-3\/","title":{"rendered":"COJIN GALAXY"},"content":{"rendered":"<p>Telas de excelente calidad con<strong>\u00a0cierre<\/strong>\u00a0completamente invisible.<\/p>\n<p><strong>RELLENO de\u00a0<\/strong><strong>Microgel:\u00a0<\/strong>Textura<strong>\u00a0<\/strong>Suavecito calidad premium\u00a0<strong>en funda de tela blanca<\/strong>\u00a0hipoalerg\u00e9nico y duradero que no pierde su volumen por a\u00f1os!<\/p>\n<p><strong>Lavado:<\/strong>\u00a0en Seco y tintorer\u00eda s\u00f3lo la funda.<\/p>\n<p><b>Env\u00edo:\u00a0 7 a 10 d\u00edas h\u00e1biles si est\u00e1n antes se enviaran a la brevedad<\/b><\/p>\n","protected":false},"excerpt":{"rendered":"<p>Telas de excelente calidad con\u00a0cierre\u00a0completamente invisible. RELLENO de\u00a0Microgel:\u00a0Textura\u00a0Suavecito calidad premium\u00a0en funda de tela blanca\u00a0hipoalerg\u00e9nico y duradero que no pierde su volumen por a\u00f1os! Lavado:\u00a0en Seco y tintorer\u00eda s\u00f3lo la funda. Env\u00edo:\u00a0 7 a 10 d\u00edas h\u00e1biles si est\u00e1n antes se enviaran a la brevedad<\/p>\n","protected":false},"featured_media":119722,"comment_status":"open","ping_status":"closed","template":"","meta":{"_et_pb_use_builder":"","_et_pb_old_content":"","_et_gb_content_width":""},"product_brand":[],"product_cat":[281,284],"product_tag":[],"class_list":{"0":"post-119714","1":"product","2":"type-product","3":"status-publish","4":"has-post-thumbnail","6":"product_cat-cojines","7":"product_cat-lisos","8":"pa_tamano-81","9":"pa_tamano-168","10":"pa_tamano-297","11":"pa_tamano-298","13":"first","14":"instock","15":"shipping-taxable","16":"purchasable","17":"product-type-variable","18":"wvs-archive-product-wrapper"},"_links":{"self":[{"href":"https:\/\/digitalmty.com.mx\/decora\/wp-json\/wp\/v2\/product\/119714","targetHints":{"allow":["GET"]}}],"collection":[{"href":"https:\/\/digitalmty.com.mx\/decora\/wp-json\/wp\/v2\/product"}],"about":[{"href":"https:\/\/digitalmty.com.mx\/decora\/wp-json\/wp\/v2\/types\/product"}],"replies":[{"embeddable":true,"href":"https:\/\/digitalmty.com.mx\/decora\/wp-json\/wp\/v2\/comments?post=119714"}],"wp:featuredmedia":[{"embeddable":true,"href":"https:\/\/digitalmty.com.mx\/decora\/wp-json\/wp\/v2\/media\/119722"}],"wp:attachment":[{"href":"https:\/\/digitalmty.com.mx\/decora\/wp-json\/wp\/v2\/media?parent=119714"}],"wp:term":[{"taxonomy":"product_brand","embeddable":true,"href":"https:\/\/digitalmty.com.mx\/decora\/wp-json\/wp\/v2\/product_brand?post=119714"},{"taxonomy":"product_cat","embeddable":true,"href":"https:\/\/digitalmty.com.mx\/decora\/wp-json\/wp\/v2\/product_cat?post=119714"},{"taxonomy":"product_tag","embeddable":true,"href":"https:\/\/digitalmty.com.mx\/decora\/wp-json\/wp\/v2\/product_tag?post=119714"}],"curies":[{"name":"wp","href":"https:\/\/api.w.org\/{rel}","templated":true}]}}