{"id":96794,"date":"2022-05-11T09:43:11","date_gmt":"2022-05-11T09:43:11","guid":{"rendered":"https:\/\/piqazo.nl\/divi-engineer\/?page_id=76"},"modified":"2025-09-02T16:49:29","modified_gmt":"2025-09-02T16:49:29","slug":"certificacion-organica","status":"publish","type":"page","link":"https:\/\/digitalmty.com.mx\/EMJO\/certificacion-organica\/","title":{"rendered":"Certificaci\u00f3n Org\u00e1nica"},"content":{"rendered":"<p>[et_pb_section fb_built=\u00bb1&#8243; _builder_version=\u00bb4.27.4&#8243; _module_preset=\u00bbdefault\u00bb use_background_color_gradient=\u00bbon\u00bb background_color_gradient_direction=\u00bb45deg\u00bb background_color_gradient_stops=\u00bb#7cda24 0%|#275b00 100%\u00bb background_color_gradient_overlays_image=\u00bbon\u00bb background_image=\u00bbhttps:\/\/digitalmty.com.mx\/EMJO\/wp-content\/uploads\/2025\/09\/certificaciones_agricolas_grupospag.png\u00bb background_blend=\u00bbmultiply\u00bb global_colors_info=\u00bb{}\u00bb][et_pb_row _builder_version=\u00bb4.17.3&#8243; _module_preset=\u00bbdefault\u00bb custom_padding=\u00bb||0px||false|false\u00bb global_colors_info=\u00bb{}\u00bb][et_pb_column type=\u00bb4_4&#8243; _builder_version=\u00bb4.17.3&#8243; _module_preset=\u00bbdefault\u00bb global_colors_info=\u00bb{}\u00bb][et_pb_text _builder_version=\u00bb4.27.4&#8243; _module_preset=\u00bbdefault\u00bb header_font=\u00bb||||||||\u00bb header_text_color=\u00bb#FFFFFF\u00bb header_font_size=\u00bb60px\u00bb header_2_text_color=\u00bb#FFFFFF\u00bb custom_margin=\u00bb||0px||false|false\u00bb global_colors_info=\u00bb{}\u00bb]<\/p>\n<h1>Certificaci\u00f3n org\u00e1nica\u00a0<\/h1>\n<p>[\/et_pb_text][\/et_pb_column][\/et_pb_row][et_pb_row _builder_version=\u00bb4.17.3&#8243; _module_preset=\u00bbdefault\u00bb custom_padding=\u00bb0px||||false|false\u00bb global_colors_info=\u00bb{}\u00bb][et_pb_column type=\u00bb4_4&#8243; _builder_version=\u00bb4.17.3&#8243; _module_preset=\u00bbdefault\u00bb global_colors_info=\u00bb{}\u00bb][et_pb_divider color=\u00bbgcid-7ce7b00a-a0f7-4559-8af2-0adef5afd391&#8243; _builder_version=\u00bb4.17.3&#8243; _module_preset=\u00bbdefault\u00bb height=\u00bb0px\u00bb custom_margin=\u00bb||0px||false|false\u00bb custom_padding=\u00bb||||false|false\u00bb global_colors_info=\u00bb{%22gcid-7ce7b00a-a0f7-4559-8af2-0adef5afd391%22:%91%22border_color_right%22,%22color%22%93}\u00bb][\/et_pb_divider][et_pb_divider show_divider=\u00bboff\u00bb admin_label=\u00bbPoint right bottom\u00bb module_class=\u00bbdot-right-bottom sub-page-dot\u00bb _builder_version=\u00bb4.17.3&#8243; _module_preset=\u00bbdefault\u00bb height=\u00bb25px\u00bb border_width_right=\u00bb1px\u00bb border_color_right=\u00bbgcid-7ce7b00a-a0f7-4559-8af2-0adef5afd391&#8243; global_colors_info=\u00bb{%22gcid-7ce7b00a-a0f7-4559-8af2-0adef5afd391%22:%91%22border_color_right%22%93}\u00bb][\/et_pb_divider][\/et_pb_column][\/et_pb_row][\/et_pb_section][et_pb_section fb_built=\u00bb1&#8243; _builder_version=\u00bb4.27.4&#8243; _module_preset=\u00bbdefault\u00bb global_colors_info=\u00bb{}\u00bb][et_pb_row column_structure=\u00bb1_2,1_2&#8243; _builder_version=\u00bb4.27.4&#8243; _module_preset=\u00bbdefault\u00bb global_colors_info=\u00bb{}\u00bb][et_pb_column type=\u00bb1_2&#8243; _builder_version=\u00bb4.27.4&#8243; _module_preset=\u00bbdefault\u00bb global_colors_info=\u00bb{}\u00bb][et_pb_blurb title=\u00bbDiagn\u00f3stico inicial de cumplimiento normativo\u00bb use_icon=\u00bbon\u00bb font_icon=\u00bb&#x39;||divi||400&#8243; icon_color=\u00bb#7CDA24&#8243; icon_placement=\u00bbleft\u00bb image_icon_width=\u00bb65px\u00bb _builder_version=\u00bb4.27.4&#8243; _module_preset=\u00bbdefault\u00bb header_font=\u00bbMontserrat||||||||\u00bb header_font_size=\u00bb22px\u00bb body_font=\u00bbMontserrat||||||||\u00bb animation_style=\u00bbfade\u00bb global_colors_info=\u00bb{}\u00bb]<\/p>\n<p>Evaluamos el estatus actual de la unidad productiva o empresa frente a los requisitos del marco normativo aplicable (LPO, NOP, UE 848\/2018, JAS, etc.). Esto permite establecer una hoja de ruta clara y realista hacia la certificaci\u00f3n.<\/p>\n<p>[\/et_pb_blurb][\/et_pb_column][et_pb_column type=\u00bb1_2&#8243; _builder_version=\u00bb4.27.4&#8243; _module_preset=\u00bbdefault\u00bb global_colors_info=\u00bb{}\u00bb][et_pb_blurb title=\u00bbDise\u00f1o e implementaci\u00f3n de Sistemas de Control Interno (SCI) (Para grupos de productores)\u00bb use_icon=\u00bbon\u00bb font_icon=\u00bb&#x39;||divi||400&#8243; icon_color=\u00bb#7CDA24&#8243; icon_placement=\u00bbleft\u00bb image_icon_width=\u00bb65px\u00bb _builder_version=\u00bb4.27.4&#8243; _module_preset=\u00bbdefault\u00bb header_font=\u00bbMontserrat||||||||\u00bb header_font_size=\u00bb22px\u00bb body_font=\u00bbMontserrat||||||||\u00bb animation_style=\u00bbfade\u00bb global_colors_info=\u00bb{}\u00bb]<\/p>\n<p>Dise\u00f1amos, adaptamos y ayudamos a implementar SCI robustos para grupos de peque\u00f1os productores, cooperativas o asociaciones, asegurando trazabilidad, transparencia y cumplimiento con los requisitos de inspecci\u00f3n interna.<\/p>\n<p>[\/et_pb_blurb][\/et_pb_column][\/et_pb_row][et_pb_row column_structure=\u00bb1_2,1_2&#8243; _builder_version=\u00bb4.27.4&#8243; _module_preset=\u00bbdefault\u00bb global_colors_info=\u00bb{}\u00bb][et_pb_column type=\u00bb1_2&#8243; _builder_version=\u00bb4.27.4&#8243; _module_preset=\u00bbdefault\u00bb global_colors_info=\u00bb{}\u00bb][et_pb_blurb title=\u00bbElaboraci\u00f3n y adaptaci\u00f3n de documentaci\u00f3n t\u00e9cnica\u00bb use_icon=\u00bbon\u00bb font_icon=\u00bb&#x39;||divi||400&#8243; icon_color=\u00bb#7CDA24&#8243; icon_placement=\u00bbleft\u00bb image_icon_width=\u00bb65px\u00bb _builder_version=\u00bb4.27.4&#8243; _module_preset=\u00bbdefault\u00bb header_font=\u00bbMontserrat||||||||\u00bb header_font_size=\u00bb22px\u00bb header_line_height=\u00bb1.3em\u00bb body_font=\u00bbMontserrat||||||||\u00bb animation_style=\u00bbfade\u00bb global_colors_info=\u00bb{}\u00bb]<\/p>\n<p>Creamos y\/o ajustamos manuales de producci\u00f3n org\u00e1nica, bit\u00e1coras, procedimientos de trazabilidad, plan de manejo org\u00e1nico, plan de fertilizaci\u00f3n, control de insumos, etc., seg\u00fan el esquema de certificaci\u00f3n requerido.<\/p>\n<p>[\/et_pb_blurb][\/et_pb_column][et_pb_column type=\u00bb1_2&#8243; _builder_version=\u00bb4.27.4&#8243; _module_preset=\u00bbdefault\u00bb global_colors_info=\u00bb{}\u00bb][et_pb_blurb title=\u00bbCapacitaci\u00f3n y formaci\u00f3n continua del equipo t\u00e9cnico y productores\u00bb use_icon=\u00bbon\u00bb font_icon=\u00bb&#x39;||divi||400&#8243; icon_color=\u00bb#7CDA24&#8243; icon_placement=\u00bbleft\u00bb image_icon_width=\u00bb65px\u00bb _builder_version=\u00bb4.27.4&#8243; _module_preset=\u00bbdefault\u00bb header_font=\u00bbMontserrat||||||||\u00bb header_font_size=\u00bb22px\u00bb header_line_height=\u00bb1.2em\u00bb body_font=\u00bbMontserrat||||||||\u00bb animation_style=\u00bbfade\u00bb global_colors_info=\u00bb{}\u00bb]<\/p>\n<p>Ofrecemos talleres, cursos presenciales o virtuales, y asesor\u00edas personalizadas para fortalecer las capacidades del personal operativo y t\u00e9cnico involucrado en la producci\u00f3n, acopio y comercializaci\u00f3n org\u00e1nica.<\/p>\n<p>[\/et_pb_blurb][\/et_pb_column][\/et_pb_row][et_pb_row column_structure=\u00bb1_2,1_2&#8243; _builder_version=\u00bb4.27.4&#8243; _module_preset=\u00bbdefault\u00bb global_colors_info=\u00bb{}\u00bb][et_pb_column type=\u00bb1_2&#8243; _builder_version=\u00bb4.27.4&#8243; _module_preset=\u00bbdefault\u00bb global_colors_info=\u00bb{}\u00bb][et_pb_blurb title=\u00bbAuditor\u00edas internas simuladas (pre-auditor\u00edas)\u00bb use_icon=\u00bbon\u00bb font_icon=\u00bb&#x39;||divi||400&#8243; icon_color=\u00bb#7CDA24&#8243; icon_placement=\u00bbleft\u00bb image_icon_width=\u00bb65px\u00bb _builder_version=\u00bb4.27.4&#8243; _module_preset=\u00bbdefault\u00bb header_font=\u00bbMontserrat||||||||\u00bb header_font_size=\u00bb22px\u00bb header_line_height=\u00bb1.3em\u00bb body_font=\u00bbMontserrat||||||||\u00bb animation_style=\u00bbfade\u00bb global_colors_info=\u00bb{}\u00bb]<\/p>\n<p>Realizamos inspecciones internas previas a la auditor\u00eda externa, identificando no conformidades, riesgos y \u00e1reas de mejora para evitar rechazos o suspensiones por parte del organismo certificador.<\/p>\n<p>[\/et_pb_blurb][\/et_pb_column][et_pb_column type=\u00bb1_2&#8243; _builder_version=\u00bb4.27.4&#8243; _module_preset=\u00bbdefault\u00bb global_colors_info=\u00bb{}\u00bb][et_pb_blurb title=\u00bbGesti\u00f3n del proceso de certificaci\u00f3n ante organismos autorizados\u00bb use_icon=\u00bbon\u00bb font_icon=\u00bb&#x39;||divi||400&#8243; icon_color=\u00bb#7CDA24&#8243; icon_placement=\u00bbleft\u00bb image_icon_width=\u00bb65px\u00bb _builder_version=\u00bb4.27.4&#8243; _module_preset=\u00bbdefault\u00bb header_font=\u00bbMontserrat||||||||\u00bb header_font_size=\u00bb22px\u00bb header_line_height=\u00bb1.2em\u00bb body_font=\u00bbMontserrat||||||||\u00bb animation_style=\u00bbfade\u00bb global_colors_info=\u00bb{}\u00bb]<\/p>\n<p>Acompa\u00f1amos en la selecci\u00f3n del organismo de certificaci\u00f3n m\u00e1s adecuado (Mexicocert, Ecocert, Certimex, Mayacert, entre otros), apoyando en la recopilaci\u00f3n de evidencias, llenado de formatos, y log\u00edstica de auditor\u00edas.<\/p>\n<p>[\/et_pb_blurb][\/et_pb_column][\/et_pb_row][\/et_pb_section][et_pb_section fb_built=\u00bb1&#8243; disabled_on=\u00bboff|off|off\u00bb _builder_version=\u00bb4.27.4&#8243; _module_preset=\u00bbdefault\u00bb background_color=\u00bbgcid-b9977658-4716-4f1b-8f0f-15b61fc8dfd9&#8243; background_image=\u00bbhttps:\/\/digitalmty.com.mx\/EMJO\/wp-content\/uploads\/2025\/09\/corner-dots-left-top-light.png\u00bb background_size=\u00bbinitial\u00bb background_position=\u00bbtop_left\u00bb border_width_left=\u00bb10px\u00bb border_color_left=\u00bbgcid-7ce7b00a-a0f7-4559-8af2-0adef5afd391&#8243; global_colors_info=\u00bb{%22gcid-b9977658-4716-4f1b-8f0f-15b61fc8dfd9%22:%91%22background_color%22%93,%22gcid-7ce7b00a-a0f7-4559-8af2-0adef5afd391%22:%91%22border_color_left%22%93}\u00bb][et_pb_row column_structure=\u00bb1_2,1_2&#8243; _builder_version=\u00bb4.27.4&#8243; _module_preset=\u00bbdefault\u00bb global_colors_info=\u00bb{}\u00bb][et_pb_column type=\u00bb1_2&#8243; _builder_version=\u00bb4.17.3&#8243; _module_preset=\u00bbdefault\u00bb global_colors_info=\u00bb{}\u00bb][et_pb_image src=\u00bbhttps:\/\/digitalmty.com.mx\/EMJO\/wp-content\/uploads\/2025\/09\/15986.jpg\u00bb title_text=\u00bb15986&#8243; _builder_version=\u00bb4.27.4&#8243; _module_preset=\u00bbdefault\u00bb global_colors_info=\u00bb{}\u00bb][\/et_pb_image][et_pb_blurb title=\u00bbAsistencia t\u00e9cnica en producci\u00f3n y manejo org\u00e1nico\u00bb use_icon=\u00bbon\u00bb font_icon=\u00bb&#xf4d8;||fa||900&#8243; icon_color=\u00bb#7CDA24&#8243; icon_placement=\u00bbleft\u00bb image_icon_width=\u00bb51px\u00bb _builder_version=\u00bb4.27.4&#8243; _module_preset=\u00bbdefault\u00bb header_font=\u00bbMontserrat||||||||\u00bb header_text_color=\u00bb#FFFFFF\u00bb header_font_size=\u00bb22px\u00bb header_line_height=\u00bb1.2em\u00bb body_font=\u00bbMontserrat||||||||\u00bb body_text_color=\u00bb#FFFFFF\u00bb animation_style=\u00bbfade\u00bb global_colors_info=\u00bb{}\u00bb]<\/p>\n<p>Brindamos asesor\u00eda especializada sobre pr\u00e1cticas permitidas, manejo agroecol\u00f3gico, control de plagas con insumos autorizados, compostaje, uso de biofermentos, y dise\u00f1o de calendarios de manejo productivo sostenible.<\/p>\n<p>[\/et_pb_blurb][\/et_pb_column][et_pb_column type=\u00bb1_2&#8243; _builder_version=\u00bb4.27.4&#8243; _module_preset=\u00bbdefault\u00bb animation_style=\u00bbslide\u00bb global_colors_info=\u00bb{}\u00bb][et_pb_blurb title=\u00bbSoporte post-certificaci\u00f3n y mantenimiento del estatus org\u00e1nico\u00bb use_icon=\u00bbon\u00bb font_icon=\u00bb&#x39;||divi||400&#8243; icon_color=\u00bb#7CDA24&#8243; icon_placement=\u00bbleft\u00bb image_icon_width=\u00bb51px\u00bb _builder_version=\u00bb4.27.4&#8243; _module_preset=\u00bbdefault\u00bb header_font=\u00bbMontserrat||||||||\u00bb header_text_color=\u00bb#FFFFFF\u00bb header_font_size=\u00bb22px\u00bb header_line_height=\u00bb1.2em\u00bb body_font=\u00bbMontserrat||||||||\u00bb body_text_color=\u00bb#FFFFFF\u00bb animation_style=\u00bbfade\u00bb global_colors_info=\u00bb{}\u00bb]<\/p>\n<p>Una vez obtenida la certificaci\u00f3n, acompa\u00f1amos en el seguimiento de registros, actualizaci\u00f3n documental, recolecci\u00f3n de evidencias para renovaci\u00f3n, y atenci\u00f3n a observaciones del certificador.<\/p>\n<p>[\/et_pb_blurb][et_pb_blurb title=\u00bbAcompa\u00f1amiento en certificaciones adicionales (complementarias)\u00bb use_icon=\u00bbon\u00bb font_icon=\u00bb&#xf4d8;||fa||900&#8243; icon_color=\u00bb#7CDA24&#8243; icon_placement=\u00bbleft\u00bb image_icon_width=\u00bb51px\u00bb _builder_version=\u00bb4.27.4&#8243; _module_preset=\u00bbdefault\u00bb header_font=\u00bbMontserrat||||||||\u00bb header_text_color=\u00bb#FFFFFF\u00bb header_font_size=\u00bb22px\u00bb header_line_height=\u00bb1.2em\u00bb body_font=\u00bbMontserrat||||||||\u00bb body_text_color=\u00bb#FFFFFF\u00bb animation_style=\u00bbfade\u00bb locked=\u00bboff\u00bb global_colors_info=\u00bb{}\u00bb]<\/p>\n<p>Incluye asesor\u00eda para certificaciones de Bienestar Animal, Comercio Justo, Kosher, Global G.A.P., y otras que aportan valor agregado a productos ya certificados como org\u00e1nicos.<\/p>\n<p>[\/et_pb_blurb][et_pb_blurb title=\u00bbGesti\u00f3n de conversiones de producci\u00f3n convencional a org\u00e1nica.\u00bb use_icon=\u00bbon\u00bb font_icon=\u00bb&#xf4d8;||fa||900&#8243; icon_color=\u00bb#7CDA24&#8243; icon_placement=\u00bbleft\u00bb image_icon_width=\u00bb51px\u00bb _builder_version=\u00bb4.27.4&#8243; _module_preset=\u00bbdefault\u00bb header_font=\u00bbMontserrat||||||||\u00bb header_text_color=\u00bb#FFFFFF\u00bb header_font_size=\u00bb22px\u00bb header_line_height=\u00bb1.2em\u00bb body_font=\u00bbMontserrat||||||||\u00bb body_text_color=\u00bb#FFFFFF\u00bb animation_style=\u00bbfade\u00bb hover_enabled=\u00bb0&#8243; locked=\u00bboff\u00bb global_colors_info=\u00bb{}\u00bb sticky_enabled=\u00bb0&#8243;]<\/p>\n<p>Dise\u00f1amos planes t\u00e9cnicos, cronogramas y metodolog\u00edas para procesos de transici\u00f3n progresiva, con enfoque t\u00e9cnico, econ\u00f3mico y productivo adaptado a las condiciones reales del productor o empresa.<\/p>\n<p>[\/et_pb_blurb][\/et_pb_column][\/et_pb_row][\/et_pb_section]<\/p>\n","protected":false},"excerpt":{"rendered":"<p>Certificaci\u00f3n org\u00e1nica\u00a0Evaluamos el estatus actual de la unidad productiva o empresa frente a los requisitos del marco normativo aplicable (LPO, NOP, UE 848\/2018, JAS, etc.). Esto permite establecer una hoja de ruta clara y realista hacia la certificaci\u00f3n.Dise\u00f1amos, adaptamos y ayudamos a implementar SCI robustos para grupos de peque\u00f1os productores, cooperativas o asociaciones, asegurando trazabilidad, [&hellip;]<\/p>\n","protected":false},"author":1,"featured_media":0,"parent":0,"menu_order":0,"comment_status":"closed","ping_status":"closed","template":"","meta":{"_et_pb_use_builder":"on","_et_pb_old_content":"<!-- wp:divi\/placeholder \/-->","_et_gb_content_width":"","footnotes":""},"class_list":["post-96794","page","type-page","status-publish","hentry"],"_links":{"self":[{"href":"https:\/\/digitalmty.com.mx\/EMJO\/wp-json\/wp\/v2\/pages\/96794","targetHints":{"allow":["GET"]}}],"collection":[{"href":"https:\/\/digitalmty.com.mx\/EMJO\/wp-json\/wp\/v2\/pages"}],"about":[{"href":"https:\/\/digitalmty.com.mx\/EMJO\/wp-json\/wp\/v2\/types\/page"}],"author":[{"embeddable":true,"href":"https:\/\/digitalmty.com.mx\/EMJO\/wp-json\/wp\/v2\/users\/1"}],"replies":[{"embeddable":true,"href":"https:\/\/digitalmty.com.mx\/EMJO\/wp-json\/wp\/v2\/comments?post=96794"}],"version-history":[{"count":11,"href":"https:\/\/digitalmty.com.mx\/EMJO\/wp-json\/wp\/v2\/pages\/96794\/revisions"}],"predecessor-version":[{"id":99997,"href":"https:\/\/digitalmty.com.mx\/EMJO\/wp-json\/wp\/v2\/pages\/96794\/revisions\/99997"}],"wp:attachment":[{"href":"https:\/\/digitalmty.com.mx\/EMJO\/wp-json\/wp\/v2\/media?parent=96794"}],"curies":[{"name":"wp","href":"https:\/\/api.w.org\/{rel}","templated":true}]}}