{"id":100014,"date":"2025-09-02T18:01:32","date_gmt":"2025-09-02T18:01:32","guid":{"rendered":"https:\/\/digitalmty.com.mx\/EMJO\/?page_id=100014"},"modified":"2025-09-02T23:16:01","modified_gmt":"2025-09-02T23:16:01","slug":"marketing","status":"publish","type":"page","link":"https:\/\/digitalmty.com.mx\/EMJO\/marketing\/","title":{"rendered":"Marketing"},"content":{"rendered":"<p>[et_pb_section fb_built=\u00bb1&#8243; _builder_version=\u00bb4.27.4&#8243; _module_preset=\u00bbdefault\u00bb use_background_color_gradient=\u00bbon\u00bb background_color_gradient_direction=\u00bb45deg\u00bb background_color_gradient_stops=\u00bb#7cda24 0%|#275b00 100%\u00bb background_color_gradient_overlays_image=\u00bbon\u00bb background_image=\u00bbhttps:\/\/digitalmty.com.mx\/EMJO\/wp-content\/uploads\/2025\/09\/tipos-marketing-1200&#215;630.original.jpg\u00bb background_blend=\u00bbmultiply\u00bb global_colors_info=\u00bb{}\u00bb][et_pb_row _builder_version=\u00bb4.17.3&#8243; _module_preset=\u00bbdefault\u00bb custom_padding=\u00bb||0px||false|false\u00bb global_colors_info=\u00bb{}\u00bb][et_pb_column type=\u00bb4_4&#8243; _builder_version=\u00bb4.17.3&#8243; _module_preset=\u00bbdefault\u00bb global_colors_info=\u00bb{}\u00bb][et_pb_text _builder_version=\u00bb4.27.4&#8243; _module_preset=\u00bbdefault\u00bb header_font=\u00bb||||||||\u00bb header_text_color=\u00bb#FFFFFF\u00bb header_font_size=\u00bb60px\u00bb header_2_text_color=\u00bb#FFFFFF\u00bb custom_margin=\u00bb||0px||false|false\u00bb global_colors_info=\u00bb{}\u00bb]<\/p>\n<h1>Marketing\u00a0<\/h1>\n<p>[\/et_pb_text][\/et_pb_column][\/et_pb_row][et_pb_row _builder_version=\u00bb4.17.3&#8243; _module_preset=\u00bbdefault\u00bb custom_padding=\u00bb0px||||false|false\u00bb global_colors_info=\u00bb{}\u00bb][et_pb_column type=\u00bb4_4&#8243; _builder_version=\u00bb4.17.3&#8243; _module_preset=\u00bbdefault\u00bb global_colors_info=\u00bb{}\u00bb][et_pb_divider color=\u00bbgcid-7ce7b00a-a0f7-4559-8af2-0adef5afd391&#8243; _builder_version=\u00bb4.17.3&#8243; _module_preset=\u00bbdefault\u00bb height=\u00bb0px\u00bb custom_margin=\u00bb||0px||false|false\u00bb custom_padding=\u00bb||||false|false\u00bb global_colors_info=\u00bb{%22gcid-7ce7b00a-a0f7-4559-8af2-0adef5afd391%22:%91%22border_color_right%22,%22color%22%93}\u00bb][\/et_pb_divider][et_pb_divider show_divider=\u00bboff\u00bb admin_label=\u00bbPoint right bottom\u00bb module_class=\u00bbdot-right-bottom sub-page-dot\u00bb _builder_version=\u00bb4.17.3&#8243; _module_preset=\u00bbdefault\u00bb height=\u00bb25px\u00bb border_width_right=\u00bb1px\u00bb border_color_right=\u00bbgcid-7ce7b00a-a0f7-4559-8af2-0adef5afd391&#8243; global_colors_info=\u00bb{%22gcid-7ce7b00a-a0f7-4559-8af2-0adef5afd391%22:%91%22border_color_right%22%93}\u00bb][\/et_pb_divider][\/et_pb_column][\/et_pb_row][\/et_pb_section][et_pb_section fb_built=\u00bb1&#8243; _builder_version=\u00bb4.27.4&#8243; _module_preset=\u00bbdefault\u00bb global_colors_info=\u00bb{}\u00bb][et_pb_row column_structure=\u00bb1_2,1_2&#8243; _builder_version=\u00bb4.27.4&#8243; _module_preset=\u00bbdefault\u00bb global_colors_info=\u00bb{}\u00bb][et_pb_column type=\u00bb1_2&#8243; _builder_version=\u00bb4.27.4&#8243; _module_preset=\u00bbdefault\u00bb global_colors_info=\u00bb{}\u00bb][et_pb_blurb title=\u00bbBranding\u00bb use_icon=\u00bbon\u00bb font_icon=\u00bb&#x39;||divi||400&#8243; icon_color=\u00bb#7CDA24&#8243; icon_placement=\u00bbleft\u00bb image_icon_width=\u00bb65px\u00bb _builder_version=\u00bb4.27.4&#8243; _module_preset=\u00bbdefault\u00bb header_font=\u00bbMontserrat||||||||\u00bb header_font_size=\u00bb22px\u00bb body_font=\u00bbMontserrat||||||||\u00bb animation_style=\u00bbfade\u00bb global_colors_info=\u00bb{}\u00bb]<\/p>\n<p>Construcci\u00f3n de marca; logotipo, tipograf\u00eda, dise\u00f1o de etiquetas y empaques, y otros elementos gr\u00e1ficos y comunicacionales para mantener la coherencia de la marca en todos los soportes.<\/p>\n<p>[\/et_pb_blurb][\/et_pb_column][et_pb_column type=\u00bb1_2&#8243; _builder_version=\u00bb4.27.4&#8243; _module_preset=\u00bbdefault\u00bb global_colors_info=\u00bb{}\u00bb][et_pb_blurb title=\u00bbMaterial POP y activaciones\u00bb use_icon=\u00bbon\u00bb font_icon=\u00bb&#x39;||divi||400&#8243; icon_color=\u00bb#7CDA24&#8243; icon_placement=\u00bbleft\u00bb image_icon_width=\u00bb65px\u00bb _builder_version=\u00bb4.27.4&#8243; _module_preset=\u00bbdefault\u00bb header_font=\u00bbMontserrat||||||||\u00bb header_font_size=\u00bb22px\u00bb body_font=\u00bbMontserrat||||||||\u00bb animation_style=\u00bbfade\u00bb global_colors_info=\u00bb{}\u00bb]<\/p>\n<p>Dise\u00f1o y producci\u00f3n elementos visuales y f\u00edsicos que se colocan en el punto de venta para atraer la atenci\u00f3n del cliente y fomentar la compra.<\/p>\n<p>[\/et_pb_blurb][\/et_pb_column][\/et_pb_row][et_pb_row column_structure=\u00bb1_2,1_2&#8243; _builder_version=\u00bb4.27.4&#8243; _module_preset=\u00bbdefault\u00bb global_colors_info=\u00bb{}\u00bb][et_pb_column type=\u00bb1_2&#8243; _builder_version=\u00bb4.27.4&#8243; _module_preset=\u00bbdefault\u00bb global_colors_info=\u00bb{}\u00bb][et_pb_blurb title=\u00bbMerchandising\u00bb use_icon=\u00bbon\u00bb font_icon=\u00bb&#x39;||divi||400&#8243; icon_color=\u00bb#7CDA24&#8243; icon_placement=\u00bbleft\u00bb image_icon_width=\u00bb65px\u00bb _builder_version=\u00bb4.27.4&#8243; _module_preset=\u00bbdefault\u00bb header_font=\u00bbMontserrat||||||||\u00bb header_font_size=\u00bb22px\u00bb header_line_height=\u00bb1.3em\u00bb body_font=\u00bbMontserrat||||||||\u00bb animation_style=\u00bbfade\u00bb global_colors_info=\u00bb{}\u00bb]<\/p>\n<p>Creaci\u00f3n de productos personalizados con la marca de una empresa, con el objetivo de promocionar y generar visibilidad, as\u00ed como crear un v\u00ednculo con los clientes.<\/p>\n<p>[\/et_pb_blurb][\/et_pb_column][et_pb_column type=\u00bb1_2&#8243; _builder_version=\u00bb4.27.4&#8243; _module_preset=\u00bbdefault\u00bb global_colors_info=\u00bb{}\u00bb][et_pb_blurb title=\u00bbCreaci\u00f3n de contenido\u00bb use_icon=\u00bbon\u00bb font_icon=\u00bb&#x39;||divi||400&#8243; icon_color=\u00bb#7CDA24&#8243; icon_placement=\u00bbleft\u00bb image_icon_width=\u00bb65px\u00bb _builder_version=\u00bb4.27.4&#8243; _module_preset=\u00bbdefault\u00bb header_font=\u00bbMontserrat||||||||\u00bb header_font_size=\u00bb22px\u00bb header_line_height=\u00bb1.2em\u00bb body_font=\u00bbMontserrat||||||||\u00bb animation_style=\u00bbfade\u00bb global_colors_info=\u00bb{}\u00bb]<\/p>\n<p>Desarrollo de contenido relevante y atractivo para diferentes plataformas, como Facebook, Instagram y TikTok.<\/p>\n<p>[\/et_pb_blurb][\/et_pb_column][\/et_pb_row][et_pb_row column_structure=\u00bb1_2,1_2&#8243; _builder_version=\u00bb4.27.4&#8243; _module_preset=\u00bbdefault\u00bb global_colors_info=\u00bb{}\u00bb][et_pb_column type=\u00bb1_2&#8243; _builder_version=\u00bb4.27.4&#8243; _module_preset=\u00bbdefault\u00bb global_colors_info=\u00bb{}\u00bb][et_pb_blurb title=\u00bbGesti\u00f3n de redes sociales\u00bb use_icon=\u00bbon\u00bb font_icon=\u00bb&#x39;||divi||400&#8243; icon_color=\u00bb#7CDA24&#8243; icon_placement=\u00bbleft\u00bb image_icon_width=\u00bb65px\u00bb _builder_version=\u00bb4.27.4&#8243; _module_preset=\u00bbdefault\u00bb header_font=\u00bbMontserrat||||||||\u00bb header_font_size=\u00bb22px\u00bb header_line_height=\u00bb1.3em\u00bb body_font=\u00bbMontserrat||||||||\u00bb animation_style=\u00bbfade\u00bb global_colors_info=\u00bb{}\u00bb]<\/p>\n<p>Elaboraci\u00f3n y gesti\u00f3n de perfiles en redes sociales, interacci\u00f3n con la audiencia y publicaci\u00f3n de contenido.<\/p>\n<p>[\/et_pb_blurb][\/et_pb_column][et_pb_column type=\u00bb1_2&#8243; _builder_version=\u00bb4.27.4&#8243; _module_preset=\u00bbdefault\u00bb global_colors_info=\u00bb{}\u00bb][et_pb_blurb title=\u00bbPublicidad online\u00bb use_icon=\u00bbon\u00bb font_icon=\u00bb&#x39;||divi||400&#8243; icon_color=\u00bb#7CDA24&#8243; icon_placement=\u00bbleft\u00bb image_icon_width=\u00bb65px\u00bb _builder_version=\u00bb4.27.4&#8243; _module_preset=\u00bbdefault\u00bb header_font=\u00bbMontserrat||||||||\u00bb header_font_size=\u00bb22px\u00bb header_line_height=\u00bb1.2em\u00bb body_font=\u00bbMontserrat||||||||\u00bb animation_style=\u00bbfade\u00bb global_colors_info=\u00bb{}\u00bb]<\/p>\n<p>Creaci\u00f3n y administraci\u00f3n de campa\u00f1as publicitarias en plataformas como Google Ads, redes sociales, etc.<\/p>\n<p>[\/et_pb_blurb][\/et_pb_column][\/et_pb_row][\/et_pb_section][et_pb_section fb_built=\u00bb1&#8243; disabled_on=\u00bboff|off|off\u00bb _builder_version=\u00bb4.27.4&#8243; _module_preset=\u00bbdefault\u00bb background_color=\u00bbgcid-b9977658-4716-4f1b-8f0f-15b61fc8dfd9&#8243; background_image=\u00bbhttps:\/\/digitalmty.com.mx\/EMJO\/wp-content\/uploads\/2025\/09\/corner-dots-left-top-light.png\u00bb background_size=\u00bbinitial\u00bb background_position=\u00bbtop_left\u00bb border_width_left=\u00bb10px\u00bb border_color_left=\u00bbgcid-7ce7b00a-a0f7-4559-8af2-0adef5afd391&#8243; global_colors_info=\u00bb{%22gcid-b9977658-4716-4f1b-8f0f-15b61fc8dfd9%22:%91%22background_color%22%93,%22gcid-7ce7b00a-a0f7-4559-8af2-0adef5afd391%22:%91%22border_color_left%22%93}\u00bb][et_pb_row column_structure=\u00bb1_2,1_2&#8243; _builder_version=\u00bb4.27.4&#8243; _module_preset=\u00bbdefault\u00bb global_colors_info=\u00bb{}\u00bb][et_pb_column type=\u00bb1_2&#8243; _builder_version=\u00bb4.17.3&#8243; _module_preset=\u00bbdefault\u00bb global_colors_info=\u00bb{}\u00bb][et_pb_image src=\u00bbhttps:\/\/digitalmty.com.mx\/EMJO\/wp-content\/uploads\/2025\/09\/exportaciones.webp\u00bb title_text=\u00bbexportaciones\u00bb _builder_version=\u00bb4.27.4&#8243; _module_preset=\u00bbdefault\u00bb hover_enabled=\u00bb0&#8243; global_colors_info=\u00bb{}\u00bb sticky_enabled=\u00bb0&#8243;][\/et_pb_image][\/et_pb_column][et_pb_column type=\u00bb1_2&#8243; _builder_version=\u00bb4.27.4&#8243; _module_preset=\u00bbdefault\u00bb animation_style=\u00bbslide\u00bb global_colors_info=\u00bb{}\u00bb][et_pb_blurb title=\u00bbConsultor\u00eda en gesti\u00f3n Aduanera\u00bb use_icon=\u00bbon\u00bb font_icon=\u00bb&#x39;||divi||400&#8243; icon_color=\u00bb#7CDA24&#8243; icon_placement=\u00bbleft\u00bb image_icon_width=\u00bb51px\u00bb _builder_version=\u00bb4.27.4&#8243; _module_preset=\u00bbdefault\u00bb header_font=\u00bbMontserrat||||||||\u00bb header_text_color=\u00bb#FFFFFF\u00bb header_font_size=\u00bb22px\u00bb header_line_height=\u00bb1.2em\u00bb body_font=\u00bbMontserrat||||||||\u00bb body_text_color=\u00bb#FFFFFF\u00bb animation_style=\u00bbfade\u00bb hover_enabled=\u00bb0&#8243; global_colors_info=\u00bb{}\u00bb sticky_enabled=\u00bb0&#8243;]<\/p>\n<p>Regulatorios importaciones , exportaciones<\/p>\n<p>[\/et_pb_blurb][\/et_pb_column][\/et_pb_row][\/et_pb_section]<\/p>\n","protected":false},"excerpt":{"rendered":"<p>Marketing\u00a0Construcci\u00f3n de marca; logotipo, tipograf\u00eda, dise\u00f1o de etiquetas y empaques, y otros elementos gr\u00e1ficos y comunicacionales para mantener la coherencia de la marca en todos los soportes.Dise\u00f1o y producci\u00f3n elementos visuales y f\u00edsicos que se colocan en el punto de venta para atraer la atenci\u00f3n del cliente y fomentar la compra.Creaci\u00f3n de productos personalizados con [&hellip;]<\/p>\n","protected":false},"author":1,"featured_media":0,"parent":0,"menu_order":0,"comment_status":"closed","ping_status":"closed","template":"","meta":{"_et_pb_use_builder":"on","_et_pb_old_content":"<!-- wp:divi\/placeholder \/-->","_et_gb_content_width":"","footnotes":""},"class_list":["post-100014","page","type-page","status-publish","hentry"],"_links":{"self":[{"href":"https:\/\/digitalmty.com.mx\/EMJO\/wp-json\/wp\/v2\/pages\/100014","targetHints":{"allow":["GET"]}}],"collection":[{"href":"https:\/\/digitalmty.com.mx\/EMJO\/wp-json\/wp\/v2\/pages"}],"about":[{"href":"https:\/\/digitalmty.com.mx\/EMJO\/wp-json\/wp\/v2\/types\/page"}],"author":[{"embeddable":true,"href":"https:\/\/digitalmty.com.mx\/EMJO\/wp-json\/wp\/v2\/users\/1"}],"replies":[{"embeddable":true,"href":"https:\/\/digitalmty.com.mx\/EMJO\/wp-json\/wp\/v2\/comments?post=100014"}],"version-history":[{"count":7,"href":"https:\/\/digitalmty.com.mx\/EMJO\/wp-json\/wp\/v2\/pages\/100014\/revisions"}],"predecessor-version":[{"id":100081,"href":"https:\/\/digitalmty.com.mx\/EMJO\/wp-json\/wp\/v2\/pages\/100014\/revisions\/100081"}],"wp:attachment":[{"href":"https:\/\/digitalmty.com.mx\/EMJO\/wp-json\/wp\/v2\/media?parent=100014"}],"curies":[{"name":"wp","href":"https:\/\/api.w.org\/{rel}","templated":true}]}}