{"id":100000,"date":"2025-09-02T17:03:00","date_gmt":"2025-09-02T17:03:00","guid":{"rendered":"https:\/\/digitalmty.com.mx\/EMJO\/?page_id=100000"},"modified":"2025-09-02T17:35:28","modified_gmt":"2025-09-02T17:35:28","slug":"vinculacion-comercial","status":"publish","type":"page","link":"https:\/\/digitalmty.com.mx\/EMJO\/vinculacion-comercial\/","title":{"rendered":"Vinculaci\u00f3n comercial"},"content":{"rendered":"<p>[et_pb_section fb_built=\u00bb1&#8243; _builder_version=\u00bb4.27.4&#8243; _module_preset=\u00bbdefault\u00bb use_background_color_gradient=\u00bbon\u00bb background_color_gradient_direction=\u00bb45deg\u00bb background_color_gradient_stops=\u00bb#7cda24 0%|#275b00 100%\u00bb background_color_gradient_overlays_image=\u00bbon\u00bb background_image=\u00bbhttps:\/\/digitalmty.com.mx\/EMJO\/wp-content\/uploads\/2025\/09\/ei-750&#215;422-1.jpg\u00bb background_blend=\u00bbmultiply\u00bb hover_enabled=\u00bb0&#8243; global_colors_info=\u00bb{}\u00bb title_text=\u00bbei-750&#215;422&#8243; sticky_enabled=\u00bb0&#8243;][et_pb_row _builder_version=\u00bb4.17.3&#8243; _module_preset=\u00bbdefault\u00bb custom_padding=\u00bb||0px||false|false\u00bb global_colors_info=\u00bb{}\u00bb][et_pb_column type=\u00bb4_4&#8243; _builder_version=\u00bb4.17.3&#8243; _module_preset=\u00bbdefault\u00bb global_colors_info=\u00bb{}\u00bb][et_pb_text _builder_version=\u00bb4.27.4&#8243; _module_preset=\u00bbdefault\u00bb header_font=\u00bb||||||||\u00bb header_text_color=\u00bb#FFFFFF\u00bb header_font_size=\u00bb60px\u00bb header_2_text_color=\u00bb#FFFFFF\u00bb custom_margin=\u00bb||0px||false|false\u00bb hover_enabled=\u00bb0&#8243; global_colors_info=\u00bb{}\u00bb sticky_enabled=\u00bb0&#8243;]<\/p>\n<h1>Vinculaci\u00f3n comercial<\/h1>\n<p>[\/et_pb_text][\/et_pb_column][\/et_pb_row][et_pb_row _builder_version=\u00bb4.17.3&#8243; _module_preset=\u00bbdefault\u00bb custom_padding=\u00bb0px||||false|false\u00bb global_colors_info=\u00bb{}\u00bb][et_pb_column type=\u00bb4_4&#8243; _builder_version=\u00bb4.17.3&#8243; _module_preset=\u00bbdefault\u00bb global_colors_info=\u00bb{}\u00bb][et_pb_divider color=\u00bbgcid-7ce7b00a-a0f7-4559-8af2-0adef5afd391&#8243; _builder_version=\u00bb4.17.3&#8243; _module_preset=\u00bbdefault\u00bb height=\u00bb0px\u00bb custom_margin=\u00bb||0px||false|false\u00bb custom_padding=\u00bb||||false|false\u00bb global_colors_info=\u00bb{%22gcid-7ce7b00a-a0f7-4559-8af2-0adef5afd391%22:%91%22border_color_right%22,%22color%22%93}\u00bb][\/et_pb_divider][et_pb_divider show_divider=\u00bboff\u00bb admin_label=\u00bbPoint right bottom\u00bb module_class=\u00bbdot-right-bottom sub-page-dot\u00bb _builder_version=\u00bb4.17.3&#8243; _module_preset=\u00bbdefault\u00bb height=\u00bb25px\u00bb border_width_right=\u00bb1px\u00bb border_color_right=\u00bbgcid-7ce7b00a-a0f7-4559-8af2-0adef5afd391&#8243; global_colors_info=\u00bb{%22gcid-7ce7b00a-a0f7-4559-8af2-0adef5afd391%22:%91%22border_color_right%22%93}\u00bb][\/et_pb_divider][\/et_pb_column][\/et_pb_row][\/et_pb_section][et_pb_section fb_built=\u00bb1&#8243; _builder_version=\u00bb4.27.4&#8243; _module_preset=\u00bbdefault\u00bb global_colors_info=\u00bb{}\u00bb][et_pb_row column_structure=\u00bb1_2,1_2&#8243; _builder_version=\u00bb4.27.4&#8243; _module_preset=\u00bbdefault\u00bb global_colors_info=\u00bb{}\u00bb][et_pb_column type=\u00bb1_2&#8243; _builder_version=\u00bb4.27.4&#8243; _module_preset=\u00bbdefault\u00bb global_colors_info=\u00bb{}\u00bb][et_pb_blurb title=\u00bbMapeo de oportunidades de mercado nacional e internacional\u00bb use_icon=\u00bbon\u00bb font_icon=\u00bb&#x39;||divi||400&#8243; icon_color=\u00bb#7CDA24&#8243; icon_placement=\u00bbleft\u00bb image_icon_width=\u00bb65px\u00bb _builder_version=\u00bb4.27.4&#8243; _module_preset=\u00bbdefault\u00bb header_font=\u00bbMontserrat||||||||\u00bb header_font_size=\u00bb22px\u00bb body_font=\u00bbMontserrat||||||||\u00bb animation_style=\u00bbfade\u00bb hover_enabled=\u00bb0&#8243; global_colors_info=\u00bb{}\u00bb sticky_enabled=\u00bb0&#8243;]<\/p>\n<p>Identificamos canales de comercializaci\u00f3n compatibles con los productos y vol\u00famenes del cliente, incluyendo cadenas de supermercados, tiendas especializadas, exportadores, ferias, plataformas y m\u00e1s.<\/p>\n<p>[\/et_pb_blurb][\/et_pb_column][et_pb_column type=\u00bb1_2&#8243; _builder_version=\u00bb4.27.4&#8243; _module_preset=\u00bbdefault\u00bb global_colors_info=\u00bb{}\u00bb][et_pb_blurb title=\u00bbPreparaci\u00f3n de expedientes comerciales de producto\u00bb use_icon=\u00bbon\u00bb font_icon=\u00bb&#x39;||divi||400&#8243; icon_color=\u00bb#7CDA24&#8243; icon_placement=\u00bbleft\u00bb image_icon_width=\u00bb65px\u00bb _builder_version=\u00bb4.27.4&#8243; _module_preset=\u00bbdefault\u00bb header_font=\u00bbMontserrat||||||||\u00bb header_font_size=\u00bb22px\u00bb body_font=\u00bbMontserrat||||||||\u00bb animation_style=\u00bbfade\u00bb hover_enabled=\u00bb0&#8243; global_colors_info=\u00bb{}\u00bb sticky_enabled=\u00bb0&#8243;]<\/p>\n<p>Apoyamos en la creaci\u00f3n de fichas t\u00e9cnicas, cat\u00e1logos, certificados, perfiles de empresa y dossiers de presentaci\u00f3n para compradores, especialmente enfocados en el sector org\u00e1nico.<\/p>\n<p>[\/et_pb_blurb][\/et_pb_column][\/et_pb_row][et_pb_row column_structure=\u00bb1_2,1_2&#8243; _builder_version=\u00bb4.27.4&#8243; _module_preset=\u00bbdefault\u00bb global_colors_info=\u00bb{}\u00bb][et_pb_column type=\u00bb1_2&#8243; _builder_version=\u00bb4.27.4&#8243; _module_preset=\u00bbdefault\u00bb global_colors_info=\u00bb{}\u00bb][et_pb_blurb title=\u00bbDesarrollo de estrategia de acceso a compradores especializados\u00bb use_icon=\u00bbon\u00bb font_icon=\u00bb&#x39;||divi||400&#8243; icon_color=\u00bb#7CDA24&#8243; icon_placement=\u00bbleft\u00bb image_icon_width=\u00bb65px\u00bb _builder_version=\u00bb4.27.4&#8243; _module_preset=\u00bbdefault\u00bb header_font=\u00bbMontserrat||||||||\u00bb header_font_size=\u00bb22px\u00bb header_line_height=\u00bb1.3em\u00bb body_font=\u00bbMontserrat||||||||\u00bb animation_style=\u00bbfade\u00bb hover_enabled=\u00bb0&#8243; global_colors_info=\u00bb{}\u00bb sticky_enabled=\u00bb0&#8243;]<\/p>\n<p>Dise\u00f1amos rutas de entrada para conectar con distribuidores, procesadoras, cadenas comerciales, food service, centrales de abasto org\u00e1nico y plataformas comerciales que valoran el diferencial org\u00e1nico y sustentable.<\/p>\n<p>[\/et_pb_blurb][\/et_pb_column][et_pb_column type=\u00bb1_2&#8243; _builder_version=\u00bb4.27.4&#8243; _module_preset=\u00bbdefault\u00bb global_colors_info=\u00bb{}\u00bb][et_pb_blurb title=\u00bbAsesor\u00eda en cumplimiento de requisitos comerciales (log\u00edstica, empaques, etiquetado)\u00bb use_icon=\u00bbon\u00bb font_icon=\u00bb&#x39;||divi||400&#8243; icon_color=\u00bb#7CDA24&#8243; icon_placement=\u00bbleft\u00bb image_icon_width=\u00bb65px\u00bb _builder_version=\u00bb4.27.4&#8243; _module_preset=\u00bbdefault\u00bb header_font=\u00bbMontserrat||||||||\u00bb header_font_size=\u00bb22px\u00bb header_line_height=\u00bb1.2em\u00bb body_font=\u00bbMontserrat||||||||\u00bb animation_style=\u00bbfade\u00bb hover_enabled=\u00bb0&#8243; global_colors_info=\u00bb{}\u00bb sticky_enabled=\u00bb0&#8243;]<\/p>\n<p>Brindamos orientaci\u00f3n sobre normativas de etiquetado org\u00e1nico, caracter\u00edsticas de embalaje, vida de anaquel, est\u00e1ndares de inocuidad y documentaci\u00f3n requerida para ingreso a mercados formales.<\/p>\n<p>[\/et_pb_blurb][\/et_pb_column][\/et_pb_row][et_pb_row column_structure=\u00bb1_2,1_2&#8243; _builder_version=\u00bb4.27.4&#8243; _module_preset=\u00bbdefault\u00bb global_colors_info=\u00bb{}\u00bb][et_pb_column type=\u00bb1_2&#8243; _builder_version=\u00bb4.27.4&#8243; _module_preset=\u00bbdefault\u00bb global_colors_info=\u00bb{}\u00bb][et_pb_blurb title=\u00bbGesti\u00f3n de muestras y rondas de negociaci\u00f3n con compradores.\u00bb use_icon=\u00bbon\u00bb font_icon=\u00bb&#x39;||divi||400&#8243; icon_color=\u00bb#7CDA24&#8243; icon_placement=\u00bbleft\u00bb image_icon_width=\u00bb65px\u00bb _builder_version=\u00bb4.27.4&#8243; _module_preset=\u00bbdefault\u00bb header_font=\u00bbMontserrat||||||||\u00bb header_font_size=\u00bb22px\u00bb header_line_height=\u00bb1.3em\u00bb body_font=\u00bbMontserrat||||||||\u00bb animation_style=\u00bbfade\u00bb hover_enabled=\u00bb0&#8243; global_colors_info=\u00bb{}\u00bb sticky_enabled=\u00bb0&#8243;]<\/p>\n<p>Coordinamos el env\u00edo de muestras, presentaci\u00f3n del productor o empresa ante potenciales clientes, y acompa\u00f1amos en las negociaciones para garantizar claridad t\u00e9cnica y condiciones justas.<\/p>\n<p>[\/et_pb_blurb][\/et_pb_column][et_pb_column type=\u00bb1_2&#8243; _builder_version=\u00bb4.27.4&#8243; _module_preset=\u00bbdefault\u00bb global_colors_info=\u00bb{}\u00bb][et_pb_blurb title=\u00bbRepresentaci\u00f3n t\u00e9cnica en ferias, ruedas de negocio y eventos sectoriales.\u00bb use_icon=\u00bbon\u00bb font_icon=\u00bb&#x39;||divi||400&#8243; icon_color=\u00bb#7CDA24&#8243; icon_placement=\u00bbleft\u00bb image_icon_width=\u00bb65px\u00bb _builder_version=\u00bb4.27.4&#8243; _module_preset=\u00bbdefault\u00bb header_font=\u00bbMontserrat||||||||\u00bb header_font_size=\u00bb22px\u00bb header_line_height=\u00bb1.2em\u00bb body_font=\u00bbMontserrat||||||||\u00bb animation_style=\u00bbfade\u00bb hover_enabled=\u00bb0&#8243; global_colors_info=\u00bb{}\u00bb sticky_enabled=\u00bb0&#8243;]<\/p>\n<p>Actuamos como enlace profesional ante compradores, organismos de certificaci\u00f3n y asociaciones del sector durante eventos comerciales, facilitando el posicionamiento de productos y el contacto directo<\/p>\n<p>[\/et_pb_blurb][\/et_pb_column][\/et_pb_row][\/et_pb_section][et_pb_section fb_built=\u00bb1&#8243; disabled_on=\u00bboff|off|off\u00bb _builder_version=\u00bb4.27.4&#8243; _module_preset=\u00bbdefault\u00bb background_color=\u00bbgcid-b9977658-4716-4f1b-8f0f-15b61fc8dfd9&#8243; background_image=\u00bbhttps:\/\/digitalmty.com.mx\/EMJO\/wp-content\/uploads\/2025\/09\/corner-dots-left-top-light.png\u00bb background_size=\u00bbinitial\u00bb background_position=\u00bbtop_left\u00bb border_width_left=\u00bb10px\u00bb border_color_left=\u00bbgcid-7ce7b00a-a0f7-4559-8af2-0adef5afd391&#8243; global_colors_info=\u00bb{%22gcid-b9977658-4716-4f1b-8f0f-15b61fc8dfd9%22:%91%22background_color%22%93,%22gcid-7ce7b00a-a0f7-4559-8af2-0adef5afd391%22:%91%22border_color_left%22%93}\u00bb][et_pb_row column_structure=\u00bb1_2,1_2&#8243; _builder_version=\u00bb4.27.4&#8243; _module_preset=\u00bbdefault\u00bb global_colors_info=\u00bb{}\u00bb][et_pb_column type=\u00bb1_2&#8243; _builder_version=\u00bb4.17.3&#8243; _module_preset=\u00bbdefault\u00bb global_colors_info=\u00bb{}\u00bb][et_pb_image src=\u00bbhttps:\/\/digitalmty.com.mx\/EMJO\/wp-content\/uploads\/2025\/09\/IMG_7796-1500&#215;1000-1.webp\u00bb title_text=\u00bbIMG_7796-1500&#215;1000&#8243; _builder_version=\u00bb4.27.4&#8243; _module_preset=\u00bbdefault\u00bb hover_enabled=\u00bb0&#8243; global_colors_info=\u00bb{}\u00bb sticky_enabled=\u00bb0&#8243;][\/et_pb_image][et_pb_blurb title=\u00bbDesarrollo de alianzas estrat\u00e9gicas con otras marcas o productores\u00bb use_icon=\u00bbon\u00bb font_icon=\u00bb&#xf4d8;||fa||900&#8243; icon_color=\u00bb#7CDA24&#8243; icon_placement=\u00bbleft\u00bb image_icon_width=\u00bb51px\u00bb _builder_version=\u00bb4.27.4&#8243; _module_preset=\u00bbdefault\u00bb header_font=\u00bbMontserrat||||||||\u00bb header_text_color=\u00bb#FFFFFF\u00bb header_font_size=\u00bb22px\u00bb header_line_height=\u00bb1.2em\u00bb body_font=\u00bbMontserrat||||||||\u00bb body_text_color=\u00bb#FFFFFF\u00bb animation_style=\u00bbfade\u00bb hover_enabled=\u00bb0&#8243; global_colors_info=\u00bb{}\u00bb sticky_enabled=\u00bb0&#8243;]<\/p>\n<p>Apoyamos la generaci\u00f3n de redes colaborativas, marcas colectivas o integraciones horizontales entre productores con productos complementarios para fortalecer la oferta y la competitividad en mercados<\/p>\n<p>[\/et_pb_blurb][\/et_pb_column][et_pb_column type=\u00bb1_2&#8243; _builder_version=\u00bb4.27.4&#8243; _module_preset=\u00bbdefault\u00bb animation_style=\u00bbslide\u00bb global_colors_info=\u00bb{}\u00bb][et_pb_blurb title=\u00bbAcompa\u00f1amiento para exportaci\u00f3n de productos org\u00e1nicos\u00bb use_icon=\u00bbon\u00bb font_icon=\u00bb&#x39;||divi||400&#8243; icon_color=\u00bb#7CDA24&#8243; icon_placement=\u00bbleft\u00bb image_icon_width=\u00bb51px\u00bb _builder_version=\u00bb4.27.4&#8243; _module_preset=\u00bbdefault\u00bb header_font=\u00bbMontserrat||||||||\u00bb header_text_color=\u00bb#FFFFFF\u00bb header_font_size=\u00bb22px\u00bb header_line_height=\u00bb1.2em\u00bb body_font=\u00bbMontserrat||||||||\u00bb body_text_color=\u00bb#FFFFFF\u00bb animation_style=\u00bbfade\u00bb hover_enabled=\u00bb0&#8243; global_colors_info=\u00bb{}\u00bb sticky_enabled=\u00bb0&#8243;]<\/p>\n<p>Certificaciones (ej. equivalencia NOP\u2013UE), log\u00edstica y acceso a programas gubernamentales de apoyo a la exportaci\u00f3n.<\/p>\n<p>[\/et_pb_blurb][et_pb_blurb title=\u00bbConstrucci\u00f3n de cadenas de valor org\u00e1nicas\u00bb use_icon=\u00bbon\u00bb font_icon=\u00bb&#xf4d8;||fa||900&#8243; icon_color=\u00bb#7CDA24&#8243; icon_placement=\u00bbleft\u00bb image_icon_width=\u00bb51px\u00bb _builder_version=\u00bb4.27.4&#8243; _module_preset=\u00bbdefault\u00bb header_font=\u00bbMontserrat||||||||\u00bb header_text_color=\u00bb#FFFFFF\u00bb header_font_size=\u00bb22px\u00bb header_line_height=\u00bb1.2em\u00bb body_font=\u00bbMontserrat||||||||\u00bb body_text_color=\u00bb#FFFFFF\u00bb animation_style=\u00bbfade\u00bb hover_enabled=\u00bb0&#8243; locked=\u00bboff\u00bb global_colors_info=\u00bb{}\u00bb sticky_enabled=\u00bb0&#8243;]<\/p>\n<p>Facilitamos la articulaci\u00f3n entre productores primarios, centros de acopio, transformadores y comercializadores, asegurando trazabilidad, calidad y distribuci\u00f3n del valor a lo largo de la cadena.<\/p>\n<p>[\/et_pb_blurb][et_pb_blurb title=\u00bbIdentificaci\u00f3n y vinculaci\u00f3n con programas de financiamiento o subsidio\u00bb use_icon=\u00bbon\u00bb font_icon=\u00bb&#xf4d8;||fa||900&#8243; icon_color=\u00bb#7CDA24&#8243; icon_placement=\u00bbleft\u00bb image_icon_width=\u00bb51px\u00bb _builder_version=\u00bb4.27.4&#8243; _module_preset=\u00bbdefault\u00bb header_font=\u00bbMontserrat||||||||\u00bb header_text_color=\u00bb#FFFFFF\u00bb header_font_size=\u00bb22px\u00bb header_line_height=\u00bb1.2em\u00bb body_font=\u00bbMontserrat||||||||\u00bb body_text_color=\u00bb#FFFFFF\u00bb animation_style=\u00bbfade\u00bb hover_enabled=\u00bb0&#8243; locked=\u00bboff\u00bb global_colors_info=\u00bb{}\u00bb sticky_enabled=\u00bb0&#8243;]<\/p>\n<p>Orientamos sobre convocatorias, fondos p\u00fablicos o privados que ofrecen apoyo para producci\u00f3n, certificaci\u00f3n, equipamiento o comercializaci\u00f3n de productos org\u00e1nicos.<\/p>\n<p>[\/et_pb_blurb][\/et_pb_column][\/et_pb_row][\/et_pb_section]<\/p>\n","protected":false},"excerpt":{"rendered":"<p>Vinculaci\u00f3n comercialIdentificamos canales de comercializaci\u00f3n compatibles con los productos y vol\u00famenes del cliente, incluyendo cadenas de supermercados, tiendas especializadas, exportadores, ferias, plataformas y m\u00e1s.Apoyamos en la creaci\u00f3n de fichas t\u00e9cnicas, cat\u00e1logos, certificados, perfiles de empresa y dossiers de presentaci\u00f3n para compradores, especialmente enfocados en el sector org\u00e1nico.Dise\u00f1amos rutas de entrada para conectar con distribuidores, procesadoras, [&hellip;]<\/p>\n","protected":false},"author":1,"featured_media":0,"parent":0,"menu_order":0,"comment_status":"closed","ping_status":"closed","template":"","meta":{"_et_pb_use_builder":"on","_et_pb_old_content":"<!-- wp:divi\/placeholder \/-->","_et_gb_content_width":"","footnotes":""},"class_list":["post-100000","page","type-page","status-publish","hentry"],"_links":{"self":[{"href":"https:\/\/digitalmty.com.mx\/EMJO\/wp-json\/wp\/v2\/pages\/100000","targetHints":{"allow":["GET"]}}],"collection":[{"href":"https:\/\/digitalmty.com.mx\/EMJO\/wp-json\/wp\/v2\/pages"}],"about":[{"href":"https:\/\/digitalmty.com.mx\/EMJO\/wp-json\/wp\/v2\/types\/page"}],"author":[{"embeddable":true,"href":"https:\/\/digitalmty.com.mx\/EMJO\/wp-json\/wp\/v2\/users\/1"}],"replies":[{"embeddable":true,"href":"https:\/\/digitalmty.com.mx\/EMJO\/wp-json\/wp\/v2\/comments?post=100000"}],"version-history":[{"count":6,"href":"https:\/\/digitalmty.com.mx\/EMJO\/wp-json\/wp\/v2\/pages\/100000\/revisions"}],"predecessor-version":[{"id":100013,"href":"https:\/\/digitalmty.com.mx\/EMJO\/wp-json\/wp\/v2\/pages\/100000\/revisions\/100013"}],"wp:attachment":[{"href":"https:\/\/digitalmty.com.mx\/EMJO\/wp-json\/wp\/v2\/media?parent=100000"}],"curies":[{"name":"wp","href":"https:\/\/api.w.org\/{rel}","templated":true}]}}